{"id":8660,"date":"2025-12-04T19:30:01","date_gmt":"2025-12-04T11:30:01","guid":{"rendered":"https:\/\/www.goodworksemi.com\/?post_type=product&#038;p=8660"},"modified":"2025-12-04T19:30:01","modified_gmt":"2025-12-04T11:30:01","slug":"emb1df","status":"publish","type":"product","link":"https:\/\/www.goodworksemi.com\/vi\/products\/emb1df\/","title":{"rendered":"EMB1DF"},"content":{"rendered":"<table id=\"table_1\" class=\"scroll display nowrap data-t data-t wpDataTable wpDataTableID-14 dataTable\" data-described-by=\"table_1_desc\" data-wpdatatable_id=\"14\" aria-describedby=\"table_1_info\">\n<thead>\n<tr>\n<th class=\"wdtheader sort expand column-partnumber sorting sorting_desc\" tabindex=\"0\" colspan=\"1\" rowspan=\"1\" data-class=\"expand\" aria-controls=\"table_1\" aria-label=\" S\u1ed1 hi\u1ec7u s\u1ea3n ph\u1ea9m: Ch\u01b0a x\u00e1c \u0111\u1ecbnh\" aria-sort=\"descending\">S\u1ed1 hi\u1ec7u linh ki\u1ec7n<\/th>\n<th class=\"wdtheader sort column-vrrmv sorting\" tabindex=\"0\" colspan=\"1\" rowspan=\"1\" aria-controls=\"table_1\" aria-label=\" VRRM(V)kh\u00f4ng x\u00e1c \u0111\u1ecbnh\">VRRM(V)<\/th>\n<th class=\"wdtheader sort column-iav sorting\" tabindex=\"0\" colspan=\"1\" rowspan=\"1\" aria-controls=\"table_1\" aria-label=\" T\u00f4i (AV) kh\u00f4ng x\u00e1c \u0111\u1ecbnh\">T\u00f4i (AV)<\/th>\n<th class=\"wdtheader sort column-ifsma sorting\" tabindex=\"0\" colspan=\"1\" rowspan=\"1\" aria-controls=\"table_1\" aria-label=\" IFSM(A)kh\u00f4ng x\u00e1c \u0111\u1ecbnh\">IFSM(A)<\/th>\n<th class=\"wdtheader sort column-vfv sorting\" tabindex=\"0\" colspan=\"1\" rowspan=\"1\" aria-controls=\"table_1\" aria-label=\" VF(V)kh\u00f4ng x\u00e1c \u0111\u1ecbnh\">VF(V)<\/th>\n<th class=\"wdtheader sort column-ifv sorting\" tabindex=\"0\" colspan=\"1\" rowspan=\"1\" aria-controls=\"table_1\" aria-label=\" N\u1ebfu (V) kh\u00f4ng \u0111\u01b0\u1ee3c \u0111\u1ecbnh ngh\u0129a\">N\u1ebeU(V)<\/th>\n<th class=\"wdtheader sort column-irua sorting\" tabindex=\"0\" colspan=\"1\" rowspan=\"1\" aria-controls=\"table_1\" aria-label=\" IR(Ua)kh\u00f4ng x\u00e1c \u0111\u1ecbnh\">IR(Ua)<\/th>\n<th class=\"wdtheader sort column-vrv sorting\" tabindex=\"0\" colspan=\"1\" rowspan=\"1\" aria-controls=\"table_1\" aria-label=\" VR(V)kh\u00f4ng x\u00e1c \u0111\u1ecbnh\">VR(V)<\/th>\n<th class=\"wdtheader sort column-trrns sorting\" tabindex=\"0\" colspan=\"1\" rowspan=\"1\" aria-controls=\"table_1\" aria-label=\" TRR(ns)kh\u00f4ng x\u00e1c \u0111\u1ecbnh\">TRR(ns)<\/th>\n<th class=\"wdtheader sort column-package sorting\" tabindex=\"0\" colspan=\"1\" rowspan=\"1\" aria-controls=\"table_1\" aria-label=\" G\u00f3i kh\u00f4ng x\u00e1c \u0111\u1ecbnh\">G\u00f3i<\/th>\n<\/tr>\n<\/thead>\n<tbody>\n<tr class=\"odd selected\">\n<td class=\"expand column-partnumber sorting_1\">EMB1DF<\/td>\n<td class=\"column-vrrmv\">200<\/td>\n<td class=\"column-iav\">1<\/td>\n<td class=\"column-ifsma\">30<\/td>\n<td class=\"column-vfv\">1<\/td>\n<td class=\"column-ifv\">1<\/td>\n<td class=\"column-irua\">5<\/td>\n<td class=\"column-vrv\">200<\/td>\n<td class=\"column-trrns\">35<\/td>\n<td class=\"column-package\">MBF<\/td>\n<\/tr>\n<\/tbody>\n<\/table>","protected":false},"excerpt":{"rendered":"<p>Part Number VRRM(V) I(AV) IFSM(A) VF(V) IF(V) IR(Ua) VR(V) TRR(ns) Package EMB1DF 200 1 30 1 1 5 200 35<\/p>","protected":false},"featured_media":0,"template":"","meta":{"_acf_changed":false},"product_brand":[],"product_cat":[110],"product_tag":[],"class_list":{"0":"post-8660","1":"product","2":"type-product","3":"status-publish","5":"product_cat-mini-bridge","7":"first","8":"instock","9":"shipping-taxable","10":"product-type-simple"},"acf":[],"aioseo_notices":[],"_links":{"self":[{"href":"https:\/\/www.goodworksemi.com\/vi\/wp-json\/wp\/v2\/product\/8660","targetHints":{"allow":["GET"]}}],"collection":[{"href":"https:\/\/www.goodworksemi.com\/vi\/wp-json\/wp\/v2\/product"}],"about":[{"href":"https:\/\/www.goodworksemi.com\/vi\/wp-json\/wp\/v2\/types\/product"}],"wp:attachment":[{"href":"https:\/\/www.goodworksemi.com\/vi\/wp-json\/wp\/v2\/media?parent=8660"}],"wp:term":[{"taxonomy":"product_brand","embeddable":true,"href":"https:\/\/www.goodworksemi.com\/vi\/wp-json\/wp\/v2\/product_brand?post=8660"},{"taxonomy":"product_cat","embeddable":true,"href":"https:\/\/www.goodworksemi.com\/vi\/wp-json\/wp\/v2\/product_cat?post=8660"},{"taxonomy":"product_tag","embeddable":true,"href":"https:\/\/www.goodworksemi.com\/vi\/wp-json\/wp\/v2\/product_tag?post=8660"}],"curies":[{"name":"wp","href":"https:\/\/api.w.org\/{rel}","templated":true}]}}