{"id":6765,"date":"2025-11-23T13:46:24","date_gmt":"2025-11-23T05:46:24","guid":{"rendered":"https:\/\/www.goodworksemi.com\/?post_type=product&#038;p=6765"},"modified":"2025-11-23T13:46:45","modified_gmt":"2025-11-23T05:46:45","slug":"p4ke36ca","status":"publish","type":"product","link":"https:\/\/www.goodworksemi.com\/vi\/products\/p4ke36ca\/","title":{"rendered":"P4KE36(C)A"},"content":{"rendered":"<table id=\"table_1\" class=\"scroll display nowrap data-t data-t wpDataTable wpDataTableID-12 dataTable\" data-described-by=\"table_1_desc\" data-wpdatatable_id=\"12\" aria-describedby=\"table_1_info\">\n<thead>\n<tr>\n<th class=\"wdtheader sort expand column-partnumber sorting\" tabindex=\"0\" colspan=\"1\" rowspan=\"1\" data-class=\"expand\" aria-controls=\"table_1\" aria-label=\" S\u1ed1 hi\u1ec7u s\u1ea3n ph\u1ea9m: Ch\u01b0a x\u00e1c \u0111\u1ecbnh\">S\u1ed1 hi\u1ec7u linh ki\u1ec7n<\/th>\n<th class=\"wdtheader sort column-uni sorting\" tabindex=\"0\" colspan=\"1\" rowspan=\"1\" aria-controls=\"table_1\" aria-label=\" UNIkh\u00f4ng x\u00e1c \u0111\u1ecbnh\">UNI<\/th>\n<th class=\"wdtheader sort column-bi sorting\" tabindex=\"0\" colspan=\"1\" rowspan=\"1\" aria-controls=\"table_1\" aria-label=\" BIundefined\">BI<\/th>\n<th class=\"wdtheader sort column-vrmw sorting\" tabindex=\"0\" colspan=\"1\" rowspan=\"1\" aria-controls=\"table_1\" aria-label=\" VRMWundefined\">VRMW<\/th>\n<th class=\"wdtheader sort column-vbrminv sorting\" tabindex=\"0\" colspan=\"1\" rowspan=\"1\" aria-controls=\"table_1\" aria-label=\" VBR (Gi\u00e1 tr\u1ecb t\u1ed1i thi\u1ec3u) kh\u00f4ng x\u00e1c \u0111\u1ecbnh\">VBR (Gi\u00e1 tr\u1ecb t\u1ed1i thi\u1ec3u)<\/th>\n<th class=\"wdtheader sort column-vbrmaxv sorting\" tabindex=\"0\" colspan=\"1\" rowspan=\"1\" aria-controls=\"table_1\" aria-label=\" VBR (Max.V) kh\u00f4ng x\u00e1c \u0111\u1ecbnh\">VBR (T\u1ed1i \u0111a V)<\/th>\n<th class=\"wdtheader sort column-itma sorting\" tabindex=\"0\" colspan=\"1\" rowspan=\"1\" aria-controls=\"table_1\" aria-label=\" IT(mA)kh\u00f4ng x\u00e1c \u0111\u1ecbnh\">C\u00f4ng ngh\u1ec7 th\u00f4ng tin (mA)<\/th>\n<th class=\"wdtheader sort column-vcv sorting\" tabindex=\"0\" colspan=\"1\" rowspan=\"1\" aria-controls=\"table_1\" aria-label=\" Vc(V)kh\u00f4ng x\u00e1c \u0111\u1ecbnh\">Vc(V)<\/th>\n<th class=\"wdtheader sort column-ippa sorting\" tabindex=\"0\" colspan=\"1\" rowspan=\"1\" aria-controls=\"table_1\" aria-label=\" Ipp(A)kh\u00f4ng x\u00e1c \u0111\u1ecbnh\">Ipp(A)<\/th>\n<th class=\"wdtheader sort column-irua sorting\" tabindex=\"0\" colspan=\"1\" rowspan=\"1\" aria-controls=\"table_1\" aria-label=\" IR(Ua)kh\u00f4ng x\u00e1c \u0111\u1ecbnh\">IR(Ua)<\/th>\n<th class=\"wdtheader sort column-package sorting\" tabindex=\"0\" colspan=\"1\" rowspan=\"1\" aria-controls=\"table_1\" aria-label=\" G\u00f3i kh\u00f4ng x\u00e1c \u0111\u1ecbnh\">G\u00f3i<\/th>\n<\/tr>\n<\/thead>\n<tbody>\n<tr class=\"odd\">\n<td class=\"expand  column-partnumber\">P4KE36(C)A<\/td>\n<td class=\"column-uni\">P4KE36A<\/td>\n<td class=\"column-bi\">P4KE36CA<\/td>\n<td class=\"column-vrmw\">30.8<\/td>\n<td class=\"column-vbrminv\">34.2<\/td>\n<td class=\"column-vbrmaxv\">37.8<\/td>\n<td class=\"column-itma\">1<\/td>\n<td class=\"column-vcv\">49.9<\/td>\n<td class=\"column-ippa\">8.4<\/td>\n<td class=\"column-irua\">5<\/td>\n<td class=\"column-package\">DO-41<\/td>\n<\/tr>\n<\/tbody>\n<\/table>","protected":false},"excerpt":{"rendered":"<p>Part Number UNI BI VRMW VBR(Min.V) VBR(Max.V) IT(mA) Vc(V) Ipp(A) IR(Ua) Package P4KE36(C)A P4KE36A P4KE36CA 30.8 34.2 37.8 1 49.9<\/p>","protected":false},"featured_media":6743,"template":"","meta":{"_acf_changed":false},"product_brand":[],"product_cat":[95],"product_tag":[],"class_list":{"0":"post-6765","1":"product","2":"type-product","3":"status-publish","4":"has-post-thumbnail","6":"product_cat-transient-voltage-suppressors","8":"first","9":"instock","10":"shipping-taxable","11":"product-type-simple"},"acf":[],"aioseo_notices":[],"_links":{"self":[{"href":"https:\/\/www.goodworksemi.com\/vi\/wp-json\/wp\/v2\/product\/6765","targetHints":{"allow":["GET"]}}],"collection":[{"href":"https:\/\/www.goodworksemi.com\/vi\/wp-json\/wp\/v2\/product"}],"about":[{"href":"https:\/\/www.goodworksemi.com\/vi\/wp-json\/wp\/v2\/types\/product"}],"wp:featuredmedia":[{"embeddable":true,"href":"https:\/\/www.goodworksemi.com\/vi\/wp-json\/wp\/v2\/media\/6743"}],"wp:attachment":[{"href":"https:\/\/www.goodworksemi.com\/vi\/wp-json\/wp\/v2\/media?parent=6765"}],"wp:term":[{"taxonomy":"product_brand","embeddable":true,"href":"https:\/\/www.goodworksemi.com\/vi\/wp-json\/wp\/v2\/product_brand?post=6765"},{"taxonomy":"product_cat","embeddable":true,"href":"https:\/\/www.goodworksemi.com\/vi\/wp-json\/wp\/v2\/product_cat?post=6765"},{"taxonomy":"product_tag","embeddable":true,"href":"https:\/\/www.goodworksemi.com\/vi\/wp-json\/wp\/v2\/product_tag?post=6765"}],"curies":[{"name":"wp","href":"https:\/\/api.w.org\/{rel}","templated":true}]}}