{"id":6549,"date":"2025-11-23T03:07:27","date_gmt":"2025-11-22T19:07:27","guid":{"rendered":"https:\/\/www.goodworksemi.com\/?post_type=product&#038;p=6549"},"modified":"2026-04-09T11:46:12","modified_gmt":"2026-04-09T03:46:12","slug":"e1j","status":"publish","type":"product","link":"https:\/\/www.goodworksemi.com\/vi\/products\/e1j\/","title":{"rendered":"E1J"},"content":{"rendered":"<table id=\"table_1\" class=\"scroll display nowrap data-t data-t wpDataTable wpDataTableID-16 dataTable\" data-described-by=\"table_1_desc\" data-wpdatatable_id=\"16\" aria-describedby=\"table_1_info\">\n<thead>\n<tr>\n<th class=\"wdtheader sort expand column-partnumber sorting\" tabindex=\"0\" colspan=\"1\" rowspan=\"1\" data-class=\"expand\" aria-controls=\"table_1\" aria-label=\" S\u1ed1 hi\u1ec7u s\u1ea3n ph\u1ea9m: Ch\u01b0a x\u00e1c \u0111\u1ecbnh\">S\u1ed1 hi\u1ec7u linh ki\u1ec7n<\/th>\n<th class=\"wdtheader sort column-vrrmv sorting\" tabindex=\"0\" colspan=\"1\" rowspan=\"1\" aria-controls=\"table_1\" aria-label=\" VRRM(V)kh\u00f4ng x\u00e1c \u0111\u1ecbnh\">VRRM(V)<\/th>\n<th class=\"wdtheader sort column-iav sorting\" tabindex=\"0\" colspan=\"1\" rowspan=\"1\" aria-controls=\"table_1\" aria-label=\" T\u00f4i (AV) kh\u00f4ng x\u00e1c \u0111\u1ecbnh\">T\u00f4i (AV)<\/th>\n<th class=\"wdtheader sort column-ifsma sorting\" tabindex=\"0\" colspan=\"1\" rowspan=\"1\" aria-controls=\"table_1\" aria-label=\" IFSM(A)kh\u00f4ng x\u00e1c \u0111\u1ecbnh\">IFSM(A)<\/th>\n<th class=\"wdtheader sort column-vfv sorting\" tabindex=\"0\" colspan=\"1\" rowspan=\"1\" aria-controls=\"table_1\" aria-label=\" VF(V)kh\u00f4ng x\u00e1c \u0111\u1ecbnh\">VF(V)<\/th>\n<th class=\"wdtheader sort column-ifv sorting\" tabindex=\"0\" colspan=\"1\" rowspan=\"1\" aria-controls=\"table_1\" aria-label=\" N\u1ebfu (V) kh\u00f4ng \u0111\u01b0\u1ee3c \u0111\u1ecbnh ngh\u0129a\">N\u1ebeU(V)<\/th>\n<th class=\"wdtheader sort column-irua sorting\" tabindex=\"0\" colspan=\"1\" rowspan=\"1\" aria-controls=\"table_1\" aria-label=\" IR(Ua)kh\u00f4ng x\u00e1c \u0111\u1ecbnh\">IR(Ua)<\/th>\n<th class=\"wdtheader sort column-vrv sorting\" tabindex=\"0\" colspan=\"1\" rowspan=\"1\" aria-controls=\"table_1\" aria-label=\" VR(V)kh\u00f4ng x\u00e1c \u0111\u1ecbnh\">VR(V)<\/th>\n<th class=\"wdtheader sort column-trrns sorting\" tabindex=\"0\" colspan=\"1\" rowspan=\"1\" aria-controls=\"table_1\" aria-label=\" TRR(ns)kh\u00f4ng x\u00e1c \u0111\u1ecbnh\">TRR(ns)<\/th>\n<th class=\"wdtheader sort column-package sorting\" tabindex=\"0\" colspan=\"1\" rowspan=\"1\" aria-controls=\"table_1\" aria-label=\" G\u00f3i kh\u00f4ng x\u00e1c \u0111\u1ecbnh\">G\u00f3i<\/th>\n<\/tr>\n<\/thead>\n<tbody>\n<tr class=\"odd\">\n<td class=\"expand column-partnumber\">E1J<\/td>\n<td class=\"column-vrrmv\">600<\/td>\n<td class=\"column-iav\">1<\/td>\n<td class=\"column-ifsma\">30<\/td>\n<td class=\"column-vfv\">1.7<\/td>\n<td class=\"column-ifv\">1<\/td>\n<td class=\"column-irua\">5<\/td>\n<td class=\"column-vrv\">600<\/td>\n<td class=\"column-trrns\">35<\/td>\n<td class=\"column-package\">SOD123FL<\/td>\n<\/tr>\n<\/tbody>\n<\/table>","protected":false},"excerpt":{"rendered":"<p>Part Number VRRM(V) I(AV) IFSM(A) VF(V) IF(V) IR(Ua) VR(V) TRR(ns) Package E1J 600 1 30 1.7 1 5 600 35<\/p>","protected":false},"featured_media":6545,"template":"","meta":{"_acf_changed":false},"product_brand":[],"product_cat":[93],"product_tag":[],"class_list":{"0":"post-6549","1":"product","2":"type-product","3":"status-publish","4":"has-post-thumbnail","6":"product_cat-ultra-fast-recovery-diodes","8":"first","9":"instock","10":"shipping-taxable","11":"product-type-simple"},"acf":[],"aioseo_notices":[],"_links":{"self":[{"href":"https:\/\/www.goodworksemi.com\/vi\/wp-json\/wp\/v2\/product\/6549","targetHints":{"allow":["GET"]}}],"collection":[{"href":"https:\/\/www.goodworksemi.com\/vi\/wp-json\/wp\/v2\/product"}],"about":[{"href":"https:\/\/www.goodworksemi.com\/vi\/wp-json\/wp\/v2\/types\/product"}],"wp:featuredmedia":[{"embeddable":true,"href":"https:\/\/www.goodworksemi.com\/vi\/wp-json\/wp\/v2\/media\/6545"}],"wp:attachment":[{"href":"https:\/\/www.goodworksemi.com\/vi\/wp-json\/wp\/v2\/media?parent=6549"}],"wp:term":[{"taxonomy":"product_brand","embeddable":true,"href":"https:\/\/www.goodworksemi.com\/vi\/wp-json\/wp\/v2\/product_brand?post=6549"},{"taxonomy":"product_cat","embeddable":true,"href":"https:\/\/www.goodworksemi.com\/vi\/wp-json\/wp\/v2\/product_cat?post=6549"},{"taxonomy":"product_tag","embeddable":true,"href":"https:\/\/www.goodworksemi.com\/vi\/wp-json\/wp\/v2\/product_tag?post=6549"}],"curies":[{"name":"wp","href":"https:\/\/api.w.org\/{rel}","templated":true}]}}