{"id":6292,"date":"2025-11-22T16:11:15","date_gmt":"2025-11-22T08:11:15","guid":{"rendered":"https:\/\/www.goodworksemi.com\/?post_type=product&#038;p=6292"},"modified":"2025-11-22T17:47:02","modified_gmt":"2025-11-22T09:47:02","slug":"abs6","status":"publish","type":"product","link":"https:\/\/www.goodworksemi.com\/vi\/products\/abs6\/","title":{"rendered":"ABS6"},"content":{"rendered":"<table id=\"table_1\" class=\"scroll display nowrap data-t data-t wpDataTable wpDataTableID-14 dataTable\" data-described-by=\"table_1_desc\" data-wpdatatable_id=\"14\" aria-describedby=\"table_1_info\">\n<thead>\n<tr>\n<th class=\"wdtheader sort expand column-partnumber sorting\" tabindex=\"0\" colspan=\"1\" rowspan=\"1\" data-class=\"expand\" aria-controls=\"table_1\" aria-label=\" S\u1ed1 hi\u1ec7u s\u1ea3n ph\u1ea9m: Ch\u01b0a x\u00e1c \u0111\u1ecbnh\">S\u1ed1 hi\u1ec7u linh ki\u1ec7n<\/th>\n<th class=\"wdtheader sort column-vrrmv sorting\" tabindex=\"0\" colspan=\"1\" rowspan=\"1\" aria-controls=\"table_1\" aria-label=\" VRRM(V)kh\u00f4ng x\u00e1c \u0111\u1ecbnh\">VRRM(V)<\/th>\n<th class=\"wdtheader sort column-iav sorting\" tabindex=\"0\" colspan=\"1\" rowspan=\"1\" aria-controls=\"table_1\" aria-label=\" T\u00f4i (AV) kh\u00f4ng x\u00e1c \u0111\u1ecbnh\">T\u00f4i (AV)<\/th>\n<th class=\"wdtheader sort column-ifsma sorting\" tabindex=\"0\" colspan=\"1\" rowspan=\"1\" aria-controls=\"table_1\" aria-label=\" IFSM(A)kh\u00f4ng x\u00e1c \u0111\u1ecbnh\">IFSM(A)<\/th>\n<th class=\"wdtheader sort column-vfv sorting\" tabindex=\"0\" colspan=\"1\" rowspan=\"1\" aria-controls=\"table_1\" aria-label=\" VF(V)kh\u00f4ng x\u00e1c \u0111\u1ecbnh\">VF(V)<\/th>\n<th class=\"wdtheader sort column-ifv sorting\" tabindex=\"0\" colspan=\"1\" rowspan=\"1\" aria-controls=\"table_1\" aria-label=\" N\u1ebfu (V) kh\u00f4ng \u0111\u01b0\u1ee3c \u0111\u1ecbnh ngh\u0129a\">N\u1ebeU(V)<\/th>\n<th class=\"wdtheader sort column-irua sorting\" tabindex=\"0\" colspan=\"1\" rowspan=\"1\" aria-controls=\"table_1\" aria-label=\" IR(Ua)kh\u00f4ng x\u00e1c \u0111\u1ecbnh\">IR(Ua)<\/th>\n<th class=\"wdtheader sort column-vrv sorting\" tabindex=\"0\" colspan=\"1\" rowspan=\"1\" aria-controls=\"table_1\" aria-label=\" VR(V)kh\u00f4ng x\u00e1c \u0111\u1ecbnh\">VR(V)<\/th>\n<th class=\"wdtheader sort column-trrns sorting\" tabindex=\"0\" colspan=\"1\" rowspan=\"1\" aria-controls=\"table_1\" aria-label=\" TRR(ns)kh\u00f4ng x\u00e1c \u0111\u1ecbnh\">TRR(ns)<\/th>\n<th class=\"wdtheader sort column-package sorting\" tabindex=\"0\" colspan=\"1\" rowspan=\"1\" aria-controls=\"table_1\" aria-label=\" G\u00f3i kh\u00f4ng x\u00e1c \u0111\u1ecbnh\">G\u00f3i<\/th>\n<\/tr>\n<\/thead>\n<tbody>\n<tr class=\"odd\">\n<td class=\"expand column-partnumber\">ABS6<\/td>\n<td class=\"column-vrrmv\">600<\/td>\n<td class=\"column-iav\">1<\/td>\n<td class=\"column-ifsma\">30<\/td>\n<td class=\"column-vfv\">1<\/td>\n<td class=\"column-ifv\">1<\/td>\n<td class=\"column-irua\">5<\/td>\n<td class=\"column-vrv\">600<\/td>\n<td class=\"column-trrns\">\u2013<\/td>\n<td class=\"column-package\">ABS<\/td>\n<\/tr>\n<\/tbody>\n<tfoot><\/tfoot>\n<\/table>","protected":false},"excerpt":{"rendered":"<table width=\"1308\">\n<tbody>\n<tr>\n<td style=\"text-align: center;\" rowspan=\"3\" width=\"120\">S\u1ed1 hi\u1ec7u linh ki\u1ec7n<\/td>\n<td style=\"text-align: center;\" width=\"191\">\u0110i\u1ec7n \u00e1p \u0111\u1ea3o ng\u01b0\u1ee3c l\u1eb7p l\u1ea1i c\u1ef1c \u0111\u1ea1i<\/td>\n<td style=\"text-align: center;\" width=\"159\">D\u00f2ng \u0111i\u1ec7n trung b\u00ecnh ch\u1ec9nh l\u01b0u t\u1ed1i \u0111a<\/td>\n<td style=\"text-align: center;\" width=\"177\">D\u00f2ng \u0111i\u1ec7n \u0111\u1ed9t bi\u1ebfn c\u1ef1c \u0111\u1ea1i theo chi\u1ec1u thu\u1eadn<\/td>\n<td style=\"text-align: center;\" colspan=\"2\" width=\"205\">\u0110i\u1ec7n \u00e1p s\u1ee5t gi\u1ea3m t\u1ed1i \u0111a khi d\u00f2ng \u0111i\u1ec7n \u0111i qua<\/td>\n<td style=\"text-align: center;\" colspan=\"2\" width=\"144\">D\u00f2ng \u0111i\u1ec7n ng\u01b0\u1ee3c t\u1ed1i \u0111a<\/td>\n<td style=\"text-align: center;\" width=\"154\">Th\u1eddi gian ph\u1ee5c h\u1ed3i ng\u01b0\u1ee3c t\u1ed1i \u0111a<\/td>\n<td style=\"text-align: center;\" rowspan=\"3\" width=\"158\">T\u00f3m t\u1eaft g\u00f3i h\u00e0ng<\/td>\n<\/tr>\n<tr>\n<td width=\"191\">VRRM<\/td>\n<td width=\"159\">T\u00f4i (AV)<\/td>\n<td width=\"177\">H\u1ec7 th\u1ed1ng Qu\u1ea3n l\u00fd An to\u00e0n Th\u1ef1c ph\u1ea9m Qu\u1ed1c t\u1ebf (IFSM)<\/td>\n<td colspan=\"2\" width=\"205\">VF @ IF<\/td>\n<td colspan=\"2\" width=\"144\">IR @ VR<\/td>\n<td width=\"154\">TRR<\/td>\n<\/tr>\n<tr>\n<td width=\"191\">V<\/td>\n<td width=\"159\">A<\/td>\n<td width=\"177\">A<\/td>\n<td width=\"72\">V<\/td>\n<td width=\"133\">A<\/td>\n<td width=\"72\">uA<\/td>\n<td width=\"72\">V<\/td>\n<td width=\"154\">ns<\/td>\n<\/tr>\n<tr>\n<td width=\"120\">ABS6<\/td>\n<td width=\"191\">600<\/td>\n<td width=\"159\">1<\/td>\n<td width=\"177\">30<\/td>\n<td width=\"72\">1<\/td>\n<td width=\"133\">1<\/td>\n<td width=\"72\">5<\/td>\n<td width=\"72\">600<\/td>\n<td width=\"154\">\u00a0\u2013<\/td>\n<td>ABS<\/td>\n<\/tr>\n<\/tbody>\n<\/table>","protected":false},"featured_media":6293,"template":"","meta":{"_acf_changed":false},"product_brand":[],"product_cat":[110],"product_tag":[],"class_list":{"0":"post-6292","1":"product","2":"type-product","3":"status-publish","4":"has-post-thumbnail","6":"product_cat-mini-bridge","8":"first","9":"instock","10":"shipping-taxable","11":"product-type-simple"},"acf":[],"aioseo_notices":[],"_links":{"self":[{"href":"https:\/\/www.goodworksemi.com\/vi\/wp-json\/wp\/v2\/product\/6292","targetHints":{"allow":["GET"]}}],"collection":[{"href":"https:\/\/www.goodworksemi.com\/vi\/wp-json\/wp\/v2\/product"}],"about":[{"href":"https:\/\/www.goodworksemi.com\/vi\/wp-json\/wp\/v2\/types\/product"}],"wp:featuredmedia":[{"embeddable":true,"href":"https:\/\/www.goodworksemi.com\/vi\/wp-json\/wp\/v2\/media\/6293"}],"wp:attachment":[{"href":"https:\/\/www.goodworksemi.com\/vi\/wp-json\/wp\/v2\/media?parent=6292"}],"wp:term":[{"taxonomy":"product_brand","embeddable":true,"href":"https:\/\/www.goodworksemi.com\/vi\/wp-json\/wp\/v2\/product_brand?post=6292"},{"taxonomy":"product_cat","embeddable":true,"href":"https:\/\/www.goodworksemi.com\/vi\/wp-json\/wp\/v2\/product_cat?post=6292"},{"taxonomy":"product_tag","embeddable":true,"href":"https:\/\/www.goodworksemi.com\/vi\/wp-json\/wp\/v2\/product_tag?post=6292"}],"curies":[{"name":"wp","href":"https:\/\/api.w.org\/{rel}","templated":true}]}}