{"id":11049,"date":"2026-03-05T10:33:32","date_gmt":"2026-03-05T02:33:32","guid":{"rendered":"https:\/\/www.goodworksemi.com\/?post_type=product&#038;p=11049"},"modified":"2026-04-27T14:40:05","modified_gmt":"2026-04-27T06:40:05","slug":"bzt52c2v4w","status":"publish","type":"product","link":"https:\/\/www.goodworksemi.com\/vi\/products\/bzt52c2v4w\/","title":{"rendered":"BZT52C2V4W"},"content":{"rendered":"<table id=\"table_1\" class=\"scroll display nowrap data-t data-t wpDataTable wpDataTableID-21 dataTable\" style=\"height: 64px;\" width=\"842\" data-described-by=\"table_1_desc\" data-wpdatatable_id=\"21\" aria-describedby=\"table_1_info\">\n<thead>\n<tr>\n<th class=\"wdtheader sort expand column-partnumber sorting\" tabindex=\"0\" colspan=\"1\" rowspan=\"1\" data-class=\"expand\" aria-controls=\"table_1\" aria-label=\" S\u1ed0 PH\u1ea6N M\u1ee4Cundefined\">S\u1ed0 PH\u1ea6N<\/th>\n<th class=\"wdtheader sort column-datesheet sorting\" tabindex=\"0\" colspan=\"1\" rowspan=\"1\" aria-controls=\"table_1\" aria-label=\" B\u1ea3ng d\u1eef li\u1ec7u\"><\/th>\n<th class=\"wdtheader sort column-minv sorting\" tabindex=\"0\" colspan=\"1\" rowspan=\"1\" aria-controls=\"table_1\" aria-label=\" MIN\/Kh\u00f4ng x\u00e1c \u0111\u1ecbnh\">MIN\/V<\/th>\n<th class=\"wdtheader sort column-nomv sorting\" tabindex=\"0\" colspan=\"1\" rowspan=\"1\" aria-controls=\"table_1\" aria-label=\" NOM\/Kh\u00f4ng x\u00e1c \u0111\u1ecbnh\">T\u00caN\/V<\/th>\n<th class=\"wdtheader sort column-maxv sorting\" tabindex=\"0\" colspan=\"1\" rowspan=\"1\" aria-controls=\"table_1\" aria-label=\" MAX\/Kh\u00f4ng x\u00e1c \u0111\u1ecbnh\">MAX\/V<\/th>\n<th class=\"wdtheader sort column-zztmax sorting\" tabindex=\"0\" colspan=\"1\" rowspan=\"1\" aria-controls=\"table_1\" aria-label=\" ZZT\/Max. (\u2126)kh\u00f4ng x\u00e1c \u0111\u1ecbnh\">ZZT\/T\u1ed1i \u0111a (\u03a9)<\/th>\n<th class=\"wdtheader sort column-iztma sorting\" tabindex=\"0\" colspan=\"1\" rowspan=\"1\" aria-controls=\"table_1\" aria-label=\" IZT\/mA (kh\u00f4ng x\u00e1c \u0111\u1ecbnh)\">IZT\/mA<\/th>\n<th class=\"wdtheader sort column-irmaxua sorting\" tabindex=\"0\" colspan=\"1\" rowspan=\"1\" aria-controls=\"table_1\" aria-label=\" IR\/T\u1ed1i \u0111a (\u03bcA)kh\u00f4ng x\u00e1c \u0111\u1ecbnh\">IR\/T\u1ed1i \u0111a (\u03bcA)<\/th>\n<th class=\"wdtheader sort column-vrv sorting\" tabindex=\"0\" colspan=\"1\" rowspan=\"1\" aria-controls=\"table_1\" aria-label=\" VR\/Vundefined\">VR\/V<\/th>\n<th class=\"wdtheader sort column-packageoutline sorting\" tabindex=\"0\" colspan=\"1\" rowspan=\"1\" aria-controls=\"table_1\" aria-label=\" M\u00f4 t\u1ea3 g\u00f3i h\u00e0ng\">T\u00f3m t\u1eaft g\u00f3i h\u00e0ng<\/th>\n<\/tr>\n<\/thead>\n<tbody>\n<tr class=\"odd\">\n<td class=\"expand column-partnumber\">BZT52C2V4W<\/td>\n<td class=\"column-datesheet\"><\/td>\n<td class=\"column-minv\">2.2<\/td>\n<td class=\"column-nomv\">2.4<\/td>\n<td class=\"column-maxv\">2.6<\/td>\n<td class=\"column-zztmax\">100<\/td>\n<td class=\"column-iztma\">5<\/td>\n<td class=\"column-irmaxua\">50<\/td>\n<td class=\"column-vrv\">1<\/td>\n<td class=\"column-packageoutline\">SOD-123<\/td>\n<\/tr>\n<\/tbody>\n<\/table>","protected":false},"excerpt":{"rendered":"<p>PART NUMBER MIN\/V NOM\/V MAX\/V ZZT\/Max. (\u2126) IZT\/mA IR\/Max. (\u03bcA) VR\/V Package outline BZT52C2V4W 2.2 2.4 2.6 100 5 50<\/p>","protected":false},"featured_media":0,"template":"","meta":{"_acf_changed":false},"product_brand":[],"product_cat":[96],"product_tag":[],"class_list":{"0":"post-11049","1":"product","2":"type-product","3":"status-publish","5":"product_cat-zener-diodes","7":"first","8":"instock","9":"shipping-taxable","10":"product-type-simple"},"acf":[],"aioseo_notices":[],"_links":{"self":[{"href":"https:\/\/www.goodworksemi.com\/vi\/wp-json\/wp\/v2\/product\/11049","targetHints":{"allow":["GET"]}}],"collection":[{"href":"https:\/\/www.goodworksemi.com\/vi\/wp-json\/wp\/v2\/product"}],"about":[{"href":"https:\/\/www.goodworksemi.com\/vi\/wp-json\/wp\/v2\/types\/product"}],"wp:attachment":[{"href":"https:\/\/www.goodworksemi.com\/vi\/wp-json\/wp\/v2\/media?parent=11049"}],"wp:term":[{"taxonomy":"product_brand","embeddable":true,"href":"https:\/\/www.goodworksemi.com\/vi\/wp-json\/wp\/v2\/product_brand?post=11049"},{"taxonomy":"product_cat","embeddable":true,"href":"https:\/\/www.goodworksemi.com\/vi\/wp-json\/wp\/v2\/product_cat?post=11049"},{"taxonomy":"product_tag","embeddable":true,"href":"https:\/\/www.goodworksemi.com\/vi\/wp-json\/wp\/v2\/product_tag?post=11049"}],"curies":[{"name":"wp","href":"https:\/\/api.w.org\/{rel}","templated":true}]}}