{"id":11040,"date":"2026-03-04T17:40:36","date_gmt":"2026-03-04T09:40:36","guid":{"rendered":"https:\/\/www.goodworksemi.com\/?post_type=product&#038;p=11040"},"modified":"2026-04-09T11:19:34","modified_gmt":"2026-04-09T03:19:34","slug":"1n4148w","status":"publish","type":"product","link":"https:\/\/www.goodworksemi.com\/vi\/products\/1n4148w\/","title":{"rendered":"1N4148W"},"content":{"rendered":"<table id=\"table_1\" class=\"scroll display nowrap data-t data-t wpDataTable wpDataTableID-28 dataTable\" data-described-by=\"table_1_desc\" data-wpdatatable_id=\"28\" aria-describedby=\"table_1_info\">\n<thead>\n<tr>\n<th class=\"wdtheader sort expand column-partnumber sorting\" tabindex=\"0\" colspan=\"1\" rowspan=\"1\" data-class=\"expand\" aria-controls=\"table_1\" aria-label=\" S\u1ed1 hi\u1ec7u s\u1ea3n ph\u1ea9m: Ch\u01b0a x\u00e1c \u0111\u1ecbnh\">S\u1ed1 hi\u1ec7u linh ki\u1ec7n<\/th>\n<th class=\"wdtheader sort column-datesheet sorting\" tabindex=\"0\" colspan=\"1\" rowspan=\"1\" aria-controls=\"table_1\" aria-label=\" B\u1ea3ng d\u1eef li\u1ec7u\"><\/th>\n<th class=\"wdtheader sort column-vrrmv sorting\" tabindex=\"0\" colspan=\"1\" rowspan=\"1\" aria-controls=\"table_1\" aria-label=\" VRRM(V) ch\u01b0a \u0111\u01b0\u1ee3c \u0111\u1ecbnh ngh\u0129a\">VRRM(V)<\/th>\n<th class=\"wdtheader sort column-iava sorting\" tabindex=\"0\" colspan=\"1\" rowspan=\"1\" aria-controls=\"table_1\" aria-label=\" I(AV)A ch\u01b0a \u0111\u01b0\u1ee3c x\u00e1c \u0111\u1ecbnh\">T\u00f4i (AV)A<\/th>\n<th class=\"wdtheader sort column-ifsma sorting\" tabindex=\"0\" colspan=\"1\" rowspan=\"1\" aria-controls=\"table_1\" aria-label=\" IFSM(A)kh\u00f4ng x\u00e1c \u0111\u1ecbnh\">IFSM(A)<\/th>\n<th class=\"wdtheader sort column-vfv sorting\" tabindex=\"0\" colspan=\"1\" rowspan=\"1\" aria-controls=\"table_1\" aria-label=\" VF (V) ch\u01b0a \u0111\u01b0\u1ee3c \u0111\u1ecbnh ngh\u0129a\">VF (V)<\/th>\n<th class=\"wdtheader sort column-ifa sorting\" tabindex=\"0\" colspan=\"1\" rowspan=\"1\" aria-controls=\"table_1\" aria-label=\" N\u1ebfu (A) kh\u00f4ng \u0111\u01b0\u1ee3c \u0111\u1ecbnh ngh\u0129a\">N\u1ebeU (A)<\/th>\n<th class=\"wdtheader sort column-uair sorting\" tabindex=\"0\" colspan=\"1\" rowspan=\"1\" aria-controls=\"table_1\" aria-label=\" uA (IR) ch\u01b0a \u0111\u01b0\u1ee3c x\u00e1c \u0111\u1ecbnh\">uA (IR)<\/th>\n<th class=\"wdtheader sort column-vrv sorting\" tabindex=\"0\" colspan=\"1\" rowspan=\"1\" aria-controls=\"table_1\" aria-label=\" VR (V) ch\u01b0a \u0111\u01b0\u1ee3c \u0111\u1ecbnh ngh\u0129a\">VR (V)<\/th>\n<th class=\"wdtheader sort column-trrns sorting\" tabindex=\"0\" colspan=\"1\" rowspan=\"1\" aria-controls=\"table_1\" aria-label=\" TRR (ns) ch\u01b0a \u0111\u01b0\u1ee3c x\u00e1c \u0111\u1ecbnh\">TRR (s\u1ed1 l\u01b0\u1ee3ng)<\/th>\n<th class=\"wdtheader sort column-packageoutline sorting sorting_asc\" tabindex=\"0\" colspan=\"1\" rowspan=\"1\" aria-controls=\"table_1\" aria-label=\" M\u00f4 t\u1ea3 g\u00f3i h\u00e0ng\" aria-sort=\"ascending\">T\u00f3m t\u1eaft g\u00f3i h\u00e0ng<\/th>\n<\/tr>\n<\/thead>\n<tbody>\n<tr class=\"odd selected\">\n<td class=\"expand column-partnumber\">1N4148W<\/td>\n<td class=\"column-datesheet\"><\/td>\n<td class=\"column-vrrmv\">100<\/td>\n<td class=\"column-iava\">0.15<\/td>\n<td class=\"column-ifsma\">1<\/td>\n<td class=\"column-vfv\">1.25<\/td>\n<td class=\"column-ifa\">0.15<\/td>\n<td class=\"column-uair\">1<\/td>\n<td class=\"column-vrv\">100<\/td>\n<td class=\"column-trrns\">4<\/td>\n<td class=\"column-packageoutline sorting_1\">SOD-123<\/td>\n<\/tr>\n<\/tbody>\n<\/table>","protected":false},"excerpt":{"rendered":"<p>Part Number VRRM(V ) I(AV)A IFSM(A) VF\uff08V\uff09 IF\uff08A\uff09 uA\uff08IR\uff09 VR\uff08V\uff09 TRR\uff08ns\uff09 Package outline 1N4148W 100 0.15 1 1.25 0.15 1<\/p>","protected":false},"featured_media":0,"template":"","meta":{"_acf_changed":false},"product_brand":[],"product_cat":[125],"product_tag":[],"class_list":{"0":"post-11040","1":"product","2":"type-product","3":"status-publish","5":"product_cat-small-signal-diodes","7":"first","8":"instock","9":"shipping-taxable","10":"product-type-simple"},"acf":[],"aioseo_notices":[],"_links":{"self":[{"href":"https:\/\/www.goodworksemi.com\/vi\/wp-json\/wp\/v2\/product\/11040","targetHints":{"allow":["GET"]}}],"collection":[{"href":"https:\/\/www.goodworksemi.com\/vi\/wp-json\/wp\/v2\/product"}],"about":[{"href":"https:\/\/www.goodworksemi.com\/vi\/wp-json\/wp\/v2\/types\/product"}],"wp:attachment":[{"href":"https:\/\/www.goodworksemi.com\/vi\/wp-json\/wp\/v2\/media?parent=11040"}],"wp:term":[{"taxonomy":"product_brand","embeddable":true,"href":"https:\/\/www.goodworksemi.com\/vi\/wp-json\/wp\/v2\/product_brand?post=11040"},{"taxonomy":"product_cat","embeddable":true,"href":"https:\/\/www.goodworksemi.com\/vi\/wp-json\/wp\/v2\/product_cat?post=11040"},{"taxonomy":"product_tag","embeddable":true,"href":"https:\/\/www.goodworksemi.com\/vi\/wp-json\/wp\/v2\/product_tag?post=11040"}],"curies":[{"name":"wp","href":"https:\/\/api.w.org\/{rel}","templated":true}]}}