{"id":5701,"date":"2025-11-19T05:21:45","date_gmt":"2025-11-18T21:21:45","guid":{"rendered":"https:\/\/www.goodworksemi.com\/?page_id=5701"},"modified":"2026-04-13T04:33:58","modified_gmt":"2026-04-12T20:33:58","slug":"fast-recovery-rectifier-bridge","status":"publish","type":"page","link":"https:\/\/www.goodworksemi.com\/vi\/products\/bridge-rectifiers\/fast-recovery-rectifier-bridge\/","title":{"rendered":"C\u1ea7u ch\u1ec9nh l\u01b0u ph\u1ee5c h\u1ed3i nhanh"},"content":{"rendered":"<table width=\"784\">\n<tbody>\n<tr>\n<td width=\"104\">S\u1ed1 hi\u1ec7u linh ki\u1ec7n<\/td>\n<td width=\"85\">B\u1ea2NG D\u1eee LI\u1ec6U<\/td>\n<td width=\"66\">VRRM (V)<\/td>\n<td width=\"57\">T\u00f4i (AV)A<\/td>\n<td width=\"66\">IFSM (A)<\/td>\n<td width=\"47\">VF (V)<\/td>\n<td width=\"47\">N\u1ebeU (A)<\/td>\n<td width=\"57\">IR(uA)<\/td>\n<td width=\"47\">VR (V)<\/td>\n<td width=\"66\">TRR (s\u1ed1 l\u01b0\u1ee3ng)<\/td>\n<td width=\"142\">T\u00f3m t\u1eaft g\u00f3i h\u00e0ng<\/td>\n<\/tr>\n<tr>\n<td><\/td>\n<td><\/td>\n<td><\/td>\n<td><\/td>\n<td><\/td>\n<td><\/td>\n<td><\/td>\n<td><\/td>\n<td><\/td>\n<td><\/td>\n<td><\/td>\n<\/tr>\n<tr>\n<td>FMSB30D<\/td>\n<td><\/td>\n<td>200<\/td>\n<td>3<\/td>\n<td>80<\/td>\n<td>1.3<\/td>\n<td>3<\/td>\n<td>5<\/td>\n<td>200<\/td>\n<td>500<\/td>\n<td>UMSB<\/td>\n<\/tr>\n<tr>\n<td>FMSB30G<\/td>\n<td><\/td>\n<td>400<\/td>\n<td>3<\/td>\n<td>80<\/td>\n<td>1.3<\/td>\n<td>3<\/td>\n<td>5<\/td>\n<td>400<\/td>\n<td>500<\/td>\n<td>UMSB<\/td>\n<\/tr>\n<tr>\n<td>FMSB30J<\/td>\n<td><\/td>\n<td>600<\/td>\n<td>3<\/td>\n<td>80<\/td>\n<td>1.3<\/td>\n<td>3<\/td>\n<td>5<\/td>\n<td>600<\/td>\n<td>500<\/td>\n<td>UMSB<\/td>\n<\/tr>\n<tr>\n<td>FMSB30K<\/td>\n<td><\/td>\n<td>800<\/td>\n<td>3<\/td>\n<td>80<\/td>\n<td>1.3<\/td>\n<td>3<\/td>\n<td>5<\/td>\n<td>800<\/td>\n<td>500<\/td>\n<td>UMSB<\/td>\n<\/tr>\n<tr>\n<td>FMSB30M<\/td>\n<td><\/td>\n<td>1000<\/td>\n<td>3<\/td>\n<td>80<\/td>\n<td>1.3<\/td>\n<td>3<\/td>\n<td>5<\/td>\n<td>1000<\/td>\n<td>500<\/td>\n<td>UMSB<\/td>\n<\/tr>\n<tr>\n<td>FMSB40A<\/td>\n<td><\/td>\n<td>50<\/td>\n<td>4<\/td>\n<td>95<\/td>\n<td>1.3<\/td>\n<td>4<\/td>\n<td>5<\/td>\n<td>50<\/td>\n<td>500<\/td>\n<td>UMSB<\/td>\n<\/tr>\n<tr>\n<td>FMSB40B<\/td>\n<td><\/td>\n<td>100<\/td>\n<td>4<\/td>\n<td>95<\/td>\n<td>1.3<\/td>\n<td>4<\/td>\n<td>5<\/td>\n<td>100<\/td>\n<td>500<\/td>\n<td>UMSB<\/td>\n<\/tr>\n<tr>\n<td>FMSB40D<\/td>\n<td><\/td>\n<td>200<\/td>\n<td>4<\/td>\n<td>95<\/td>\n<td>1.3<\/td>\n<td>4<\/td>\n<td>5<\/td>\n<td>200<\/td>\n<td>500<\/td>\n<td>UMSB<\/td>\n<\/tr>\n<tr>\n<td>FMSB40G<\/td>\n<td><\/td>\n<td>400<\/td>\n<td>4<\/td>\n<td>95<\/td>\n<td>1.3<\/td>\n<td>4<\/td>\n<td>5<\/td>\n<td>400<\/td>\n<td>500<\/td>\n<td>UMSB<\/td>\n<\/tr>\n<tr>\n<td>FMSB40J<\/td>\n<td><\/td>\n<td>600<\/td>\n<td>4<\/td>\n<td>95<\/td>\n<td>1.3<\/td>\n<td>4<\/td>\n<td>5<\/td>\n<td>600<\/td>\n<td>500<\/td>\n<td>UMSB<\/td>\n<\/tr>\n<tr>\n<td>H\u1ec7 th\u1ed1ng Qu\u1ea3n l\u00fd T\u00e0i ch\u00ednh v\u00e0 K\u1ebf to\u00e1n 40K<\/td>\n<td><\/td>\n<td>800<\/td>\n<td>4<\/td>\n<td>95<\/td>\n<td>1.3<\/td>\n<td>4<\/td>\n<td>5<\/td>\n<td>800<\/td>\n<td>500<\/td>\n<td>UMSB<\/td>\n<\/tr>\n<tr>\n<td>FMSB40M<\/td>\n<td><\/td>\n<td>1000<\/td>\n<td>4<\/td>\n<td>95<\/td>\n<td>1.3<\/td>\n<td>4<\/td>\n<td>5<\/td>\n<td>1000<\/td>\n<td>500<\/td>\n<td>UMSB<\/td>\n<\/tr>\n<tr>\n<td>FMB2F<\/td>\n<td><\/td>\n<td>200<\/td>\n<td>0.8<\/td>\n<td>30<\/td>\n<td>1.3<\/td>\n<td>0.8<\/td>\n<td>5<\/td>\n<td>200<\/td>\n<td>150<\/td>\n<td>MBF<\/td>\n<\/tr>\n<tr>\n<td>FMB4F<\/td>\n<td><\/td>\n<td>400<\/td>\n<td>0.8<\/td>\n<td>30<\/td>\n<td>1.3<\/td>\n<td>0.8<\/td>\n<td>5<\/td>\n<td>400<\/td>\n<td>150<\/td>\n<td>MBF<\/td>\n<\/tr>\n<tr>\n<td>FMB6F<\/td>\n<td><\/td>\n<td>600<\/td>\n<td>0.8<\/td>\n<td>30<\/td>\n<td>1.3<\/td>\n<td>0.8<\/td>\n<td>5<\/td>\n<td>600<\/td>\n<td>250<\/td>\n<td>MBF<\/td>\n<\/tr>\n<tr>\n<td>FMB8F<\/td>\n<td><\/td>\n<td>800<\/td>\n<td>0.8<\/td>\n<td>30<\/td>\n<td>1.3<\/td>\n<td>0.8<\/td>\n<td>5<\/td>\n<td>800<\/td>\n<td>500<\/td>\n<td>MBF<\/td>\n<\/tr>\n<tr>\n<td>FMB10F<\/td>\n<td><\/td>\n<td>1000<\/td>\n<td>0.8<\/td>\n<td>30<\/td>\n<td>1.3<\/td>\n<td>0.8<\/td>\n<td>5<\/td>\n<td>1000<\/td>\n<td>500<\/td>\n<td>MBF<\/td>\n<\/tr>\n<tr>\n<td>FMB2S<\/td>\n<td><\/td>\n<td>200<\/td>\n<td>0.8<\/td>\n<td>30<\/td>\n<td>1.3<\/td>\n<td>0.8<\/td>\n<td>5<\/td>\n<td>200<\/td>\n<td>150<\/td>\n<td>MBS<\/td>\n<\/tr>\n<tr>\n<td>FMB4S<\/td>\n<td><\/td>\n<td>400<\/td>\n<td>0.8<\/td>\n<td>30<\/td>\n<td>1.3<\/td>\n<td>0.8<\/td>\n<td>5<\/td>\n<td>400<\/td>\n<td>150<\/td>\n<td>MBS<\/td>\n<\/tr>\n<tr>\n<td>FMB6S<\/td>\n<td><\/td>\n<td>600<\/td>\n<td>0.8<\/td>\n<td>30<\/td>\n<td>1.3<\/td>\n<td>0.8<\/td>\n<td>5<\/td>\n<td>600<\/td>\n<td>250<\/td>\n<td>MBS<\/td>\n<\/tr>\n<tr>\n<td>FMB8S<\/td>\n<td><\/td>\n<td>800<\/td>\n<td>0.8<\/td>\n<td>30<\/td>\n<td>1.3<\/td>\n<td>0.8<\/td>\n<td>5<\/td>\n<td>800<\/td>\n<td>500<\/td>\n<td>MBS<\/td>\n<\/tr>\n<tr>\n<td>FMB10S<\/td>\n<td><\/td>\n<td>1000<\/td>\n<td>0.8<\/td>\n<td>30<\/td>\n<td>1.3<\/td>\n<td>0.8<\/td>\n<td>5<\/td>\n<td>1000<\/td>\n<td>500<\/td>\n<td>MBS<\/td>\n<\/tr>\n<tr>\n<td>FBS4<\/td>\n<td><\/td>\n<td>400<\/td>\n<td>1<\/td>\n<td>30<\/td>\n<td>1.3<\/td>\n<td>1<\/td>\n<td>5<\/td>\n<td>400<\/td>\n<td>150<\/td>\n<td>ABS<\/td>\n<\/tr>\n<tr>\n<td>FBS6<\/td>\n<td><\/td>\n<td>600<\/td>\n<td>1<\/td>\n<td>30<\/td>\n<td>1.3<\/td>\n<td>1<\/td>\n<td>5<\/td>\n<td>600<\/td>\n<td>250<\/td>\n<td>ABS<\/td>\n<\/tr>\n<tr>\n<td>FBS10<\/td>\n<td><\/td>\n<td>1000<\/td>\n<td>1<\/td>\n<td>30<\/td>\n<td>1.3<\/td>\n<td>1<\/td>\n<td>5<\/td>\n<td>1000<\/td>\n<td>500<\/td>\n<td>ABS<\/td>\n<\/tr>\n<tr>\n<td>FBS24<\/td>\n<td><\/td>\n<td>400<\/td>\n<td>2<\/td>\n<td>50<\/td>\n<td>1.3<\/td>\n<td>2<\/td>\n<td>5<\/td>\n<td>400<\/td>\n<td>150<\/td>\n<td>ABS<\/td>\n<\/tr>\n<tr>\n<td>FBS26<\/td>\n<td><\/td>\n<td>600<\/td>\n<td>2<\/td>\n<td>50<\/td>\n<td>1.3<\/td>\n<td>2<\/td>\n<td>5<\/td>\n<td>600<\/td>\n<td>250<\/td>\n<td>ABS<\/td>\n<\/tr>\n<tr>\n<td>FBS210<\/td>\n<td><\/td>\n<td>1000<\/td>\n<td>2<\/td>\n<td>50<\/td>\n<td>1.3<\/td>\n<td>2<\/td>\n<td>5<\/td>\n<td>1000<\/td>\n<td>500<\/td>\n<td>ABS<\/td>\n<\/tr>\n<tr>\n<td>FMSB30A<\/td>\n<td><\/td>\n<td>50<\/td>\n<td>3<\/td>\n<td>80<\/td>\n<td>1.3<\/td>\n<td>3<\/td>\n<td>5<\/td>\n<td>50<\/td>\n<td>500<\/td>\n<td>UMSB<\/td>\n<\/tr>\n<tr>\n<td>FMSB30B<\/td>\n<td><\/td>\n<td>100<\/td>\n<td>3<\/td>\n<td>80<\/td>\n<td>1.3<\/td>\n<td>3<\/td>\n<td>5<\/td>\n<td>100<\/td>\n<td>500<\/td>\n<td>UMSB<\/td>\n<\/tr>\n<tr>\n<td>FMB05F<\/td>\n<td><\/td>\n<td>50<\/td>\n<td>0.8<\/td>\n<td>30<\/td>\n<td>1.3<\/td>\n<td>0.4<\/td>\n<td>5<\/td>\n<td>50<\/td>\n<td>500<\/td>\n<td>MBF<\/td>\n<\/tr>\n<tr>\n<td>FMB1F<\/td>\n<td><\/td>\n<td>100<\/td>\n<td>0.8<\/td>\n<td>30<\/td>\n<td>1.3<\/td>\n<td>0.4<\/td>\n<td>5<\/td>\n<td>100<\/td>\n<td>500<\/td>\n<td>MBF<\/td>\n<\/tr>\n<tr>\n<td>FBS005<\/td>\n<td><\/td>\n<td>50<\/td>\n<td>1<\/td>\n<td>30<\/td>\n<td>1.3<\/td>\n<td>1<\/td>\n<td>5<\/td>\n<td>50<\/td>\n<td>150<\/td>\n<td>ABS<\/td>\n<\/tr>\n<tr>\n<td>FBS01<\/td>\n<td><\/td>\n<td>100<\/td>\n<td>1<\/td>\n<td>30<\/td>\n<td>1.3<\/td>\n<td>1<\/td>\n<td>5<\/td>\n<td>100<\/td>\n<td>150<\/td>\n<td>ABS<\/td>\n<\/tr>\n<tr>\n<td>FBS02<\/td>\n<td><\/td>\n<td>200<\/td>\n<td>1<\/td>\n<td>30<\/td>\n<td>1.3<\/td>\n<td>1<\/td>\n<td>5<\/td>\n<td>200<\/td>\n<td>150<\/td>\n<td>ABS<\/td>\n<\/tr>\n<tr>\n<td>FBS04<\/td>\n<td><\/td>\n<td>400<\/td>\n<td>1<\/td>\n<td>30<\/td>\n<td>1.3<\/td>\n<td>1<\/td>\n<td>5<\/td>\n<td>400<\/td>\n<td>150<\/td>\n<td>ABS<\/td>\n<\/tr>\n<tr>\n<td>FBS06<\/td>\n<td><\/td>\n<td>600<\/td>\n<td>1<\/td>\n<td>30<\/td>\n<td>1.3<\/td>\n<td>1<\/td>\n<td>5<\/td>\n<td>600<\/td>\n<td>350<\/td>\n<td>ABS<\/td>\n<\/tr>\n<tr>\n<td>FBS08<\/td>\n<td><\/td>\n<td>800<\/td>\n<td>1<\/td>\n<td>30<\/td>\n<td>1.3<\/td>\n<td>1<\/td>\n<td>5<\/td>\n<td>800<\/td>\n<td>500<\/td>\n<td>ABS<\/td>\n<\/tr>\n<tr>\n<td>FBS205<\/td>\n<td><\/td>\n<td>50<\/td>\n<td>2<\/td>\n<td>70<\/td>\n<td>1.3<\/td>\n<td>2<\/td>\n<td>5<\/td>\n<td>50<\/td>\n<td>150<\/td>\n<td>ABS<\/td>\n<\/tr>\n<tr>\n<td>FBS21<\/td>\n<td><\/td>\n<td>100<\/td>\n<td>2<\/td>\n<td>70<\/td>\n<td>1.3<\/td>\n<td>2<\/td>\n<td>5<\/td>\n<td>100<\/td>\n<td>150<\/td>\n<td>ABS<\/td>\n<\/tr>\n<tr>\n<td>FBS22<\/td>\n<td><\/td>\n<td>200<\/td>\n<td>2<\/td>\n<td>70<\/td>\n<td>1.3<\/td>\n<td>2<\/td>\n<td>5<\/td>\n<td>200<\/td>\n<td>150<\/td>\n<td>ABS<\/td>\n<\/tr>\n<tr>\n<td>FMB05S<\/td>\n<td><\/td>\n<td>50<\/td>\n<td>0.8<\/td>\n<td>30<\/td>\n<td>1.3<\/td>\n<td>0.4<\/td>\n<td>5<\/td>\n<td>50<\/td>\n<td>500<\/td>\n<td>MBS<\/td>\n<\/tr>\n<\/tbody>\n<\/table>","protected":false},"excerpt":{"rendered":"<p>Part Number DATASHEET VRRM\uff08V\uff09 I(AV)A IFSM\uff08A\uff09 VF\uff08V\uff09 IF\uff08A\uff09 IR(uA) VR\uff08V\uff09 TRR\uff08ns\uff09 Package outline FMSB30D 200 3 80 1.3 3 5<\/p>","protected":false},"author":1,"featured_media":0,"parent":5660,"menu_order":0,"comment_status":"closed","ping_status":"closed","template":"","meta":{"_acf_changed":false,"footnotes":""},"class_list":["post-5701","page","type-page","status-publish","hentry"],"acf":[],"aioseo_notices":[],"_links":{"self":[{"href":"https:\/\/www.goodworksemi.com\/vi\/wp-json\/wp\/v2\/pages\/5701","targetHints":{"allow":["GET"]}}],"collection":[{"href":"https:\/\/www.goodworksemi.com\/vi\/wp-json\/wp\/v2\/pages"}],"about":[{"href":"https:\/\/www.goodworksemi.com\/vi\/wp-json\/wp\/v2\/types\/page"}],"author":[{"embeddable":true,"href":"https:\/\/www.goodworksemi.com\/vi\/wp-json\/wp\/v2\/users\/1"}],"replies":[{"embeddable":true,"href":"https:\/\/www.goodworksemi.com\/vi\/wp-json\/wp\/v2\/comments?post=5701"}],"version-history":[{"count":0,"href":"https:\/\/www.goodworksemi.com\/vi\/wp-json\/wp\/v2\/pages\/5701\/revisions"}],"up":[{"embeddable":true,"href":"https:\/\/www.goodworksemi.com\/vi\/wp-json\/wp\/v2\/pages\/5660"}],"wp:attachment":[{"href":"https:\/\/www.goodworksemi.com\/vi\/wp-json\/wp\/v2\/media?parent=5701"}],"curies":[{"name":"wp","href":"https:\/\/api.w.org\/{rel}","templated":true}]}}