{"id":5656,"date":"2025-11-19T04:57:26","date_gmt":"2025-11-18T20:57:26","guid":{"rendered":"https:\/\/www.goodworksemi.com\/?page_id=5656"},"modified":"2026-01-06T17:16:35","modified_gmt":"2026-01-06T09:16:35","slug":"news-and-events","status":"publish","type":"page","link":"https:\/\/www.goodworksemi.com\/vi\/about-us\/news-and-events\/","title":{"rendered":"Tin t\u1ee9c v\u00e0 S\u1ef1 ki\u1ec7n"},"content":{"rendered":"<div class=\"wpb-content-wrapper\"><div class=\"vc_row wpb_row vc_row-fluid vc_custom_1764929814245 wd-rs-6932b10f0f7df\"><div class=\"wpb_column vc_column_container vc_col-sm-12\"><div class=\"vc_column-inner\"><div class=\"wpb_wrapper\"><div id=\"wd-6a04d8e64090e\" class=\"wd-blog-element wd-rs-695cd2eb12b00 wd-wpb\"><div class=\"wd-posts wd-blog-holder  wd-masonry wd-grid-f-col\" data-paged=\"1\" data-atts=\"{&quot;carousel_id&quot;:&quot;5000&quot;,&quot;speed&quot;:&quot;5000&quot;,&quot;slides_per_view&quot;:&quot;3&quot;,&quot;slides_per_view_tablet&quot;:&quot;auto&quot;,&quot;slides_per_view_mobile&quot;:&quot;auto&quot;,&quot;wrap&quot;:&quot;&quot;,&quot;loop&quot;:false,&quot;autoplay&quot;:&quot;no&quot;,&quot;autoheight&quot;:&quot;no&quot;,&quot;hide_pagination_control&quot;:&quot;&quot;,&quot;hide_pagination_control_tablet&quot;:&quot;yes&quot;,&quot;hide_pagination_control_mobile&quot;:&quot;yes&quot;,&quot;dynamic_pagination_control&quot;:&quot;no&quot;,&quot;hide_prev_next_buttons&quot;:&quot;&quot;,&quot;hide_prev_next_buttons_tablet&quot;:&quot;&quot;,&quot;hide_prev_next_buttons_mobile&quot;:&quot;&quot;,&quot;carousel_arrows_position&quot;:&quot;&quot;,&quot;hide_scrollbar&quot;:&quot;yes&quot;,&quot;hide_scrollbar_tablet&quot;:&quot;yes&quot;,&quot;hide_scrollbar_mobile&quot;:&quot;yes&quot;,&quot;scroll_per_page&quot;:&quot;yes&quot;,&quot;dragEndSpeed&quot;:200,&quot;center_mode&quot;:&quot;no&quot;,&quot;custom_sizes&quot;:&quot;&quot;,&quot;sliding_speed&quot;:false,&quot;animation&quot;:false,&quot;content_animation&quot;:false,&quot;post_type&quot;:&quot;post&quot;,&quot;slider&quot;:&quot;&quot;,&quot;library&quot;:&quot;&quot;,&quot;css&quot;:&quot;&quot;,&quot;effect&quot;:&quot;&quot;,&quot;spacing&quot;:&quot;&quot;,&quot;spacing_tablet&quot;:&quot;&quot;,&quot;spacing_mobile&quot;:&quot;&quot;,&quot;carousel_sync&quot;:&quot;&quot;,&quot;sync_parent_id&quot;:&quot;&quot;,&quot;sync_child_id&quot;:&quot;&quot;,&quot;scroll_carousel_init&quot;:&quot;no&quot;,&quot;disable_overflow_carousel&quot;:&quot;no&quot;,&quot;include&quot;:&quot;&quot;,&quot;custom_query&quot;:&quot;&quot;,&quot;taxonomies&quot;:&quot;&quot;,&quot;pagination&quot;:&quot;pagination&quot;,&quot;parts_media&quot;:true,&quot;parts_title&quot;:&quot;1&quot;,&quot;parts_meta&quot;:&quot;0&quot;,&quot;parts_text&quot;:&quot;0&quot;,&quot;parts_btn&quot;:&quot;0&quot;,&quot;parts_published_date&quot;:&quot;1&quot;,&quot;items_per_page&quot;:&quot;12&quot;,&quot;offset&quot;:&quot;&quot;,&quot;orderby&quot;:&quot;date&quot;,&quot;order&quot;:&quot;DESC&quot;,&quot;meta_key&quot;:&quot;&quot;,&quot;exclude&quot;:&quot;&quot;,&quot;class&quot;:&quot;&quot;,&quot;ajax_page&quot;:&quot;&quot;,&quot;img_size&quot;:&quot;400x300&quot;,&quot;img_size_custom&quot;:[],&quot;blog_design&quot;:&quot;mask&quot;,&quot;blog_carousel_design&quot;:&quot;masonry&quot;,&quot;blog_columns&quot;:3,&quot;blog_columns_tablet&quot;:&quot;auto&quot;,&quot;blog_columns_mobile&quot;:&quot;auto&quot;,&quot;blog_spacing&quot;:&quot;20&quot;,&quot;blog_spacing_tablet&quot;:&quot;&quot;,&quot;blog_spacing_mobile&quot;:&quot;&quot;,&quot;lazy_loading&quot;:&quot;no&quot;,&quot;search&quot;:&quot;&quot;,&quot;woodmart_css_id&quot;:&quot;695cd2eb12b00&quot;,&quot;el_id&quot;:&quot;wd-6a04d8e64090e&quot;,&quot;el_class&quot;:&quot;&quot;,&quot;wrapper_classes&quot;:&quot;&quot;}\" data-source=\"shortcode\" style=\"--wd-col-lg:3;--wd-col-md:3;--wd-col-sm:1;--wd-gap-lg:20px;--wd-gap-sm:10px;\">\n<article id=\"post-13210\" class=\"wd-post blog-design-mask blog-post-loop blog-style-bg wd-col post-13210 post type-post status-publish format-standard has-post-thumbnail hentry category-news\">\n\t<div class=\"article-inner\">\n\t\t<header class=\"entry-header\">\n\t\t\t\t\t\t\t<figure class=\"entry-thumbnail\">\n\t\t\t\t\t\t\t\t\t\t\t<div class=\"post-img-wrapp\">\n\t\t\t\t\t\t\t<a href=\"https:\/\/www.goodworksemi.com\/vi\/from-bms-to-inverters-how-do-solid-state-discrete-devices-empower-portable-energy-storage-across-all-scenarios\/\">\n\t\t\t\t\t\t\t\t<img decoding=\"async\" width=\"400\" height=\"300\" src=\"https:\/\/www.goodworksemi.com\/wp-content\/uploads\/2026\/03\/44-400x300.png\" class=\"attachment-400x300 size-400x300\" alt=\"\" \/>\t\t\t\t\t\t\t<\/a>\n\t\t\t\t\t\t<\/div>\n\t\t\t\t\t\t<div class=\"post-image-mask\">\n\t\t\t\t\t\t\t<span><\/span>\n\t\t\t\t\t\t<\/div>\n\t\t\t\t\t\t\t\t\t<\/figure>\n\t\t\t\n\t\t\t\t\t\t<div class=\"wd-post-date wd-style-with-bg\">\n\t\t\t\t<span class=\"post-date-day\">\n\t\t\t\t\t31\t\t\t\t<\/span>\n\t\t\t\t<span class=\"post-date-month\">\n\t\t\t\t\tTh\u00e1ng 3\t\t\t\t<\/span>\n\t\t\t<\/div>\n\t\t\t\t<\/header>\n\n\t\t<div class=\"article-body-container\">\n\t\t\t\n\t\t\t\t\t\t\t<h3 class=\"wd-entities-title title post-title\">\n\t\t\t\t\t<a href=\"https:\/\/www.goodworksemi.com\/vi\/from-bms-to-inverters-how-do-solid-state-discrete-devices-empower-portable-energy-storage-across-all-scenarios\/\" rel=\"bookmark\">T\u1eeb h\u1ec7 th\u1ed1ng qu\u1ea3n l\u00fd pin (BMS) \u0111\u1ebfn b\u1ed9 bi\u1ebfn t\u1ea7n: L\u00e0m th\u1ebf n\u00e0o c\u00e1c thi\u1ebft b\u1ecb b\u00e1n d\u1eabn r\u1eddi r\u1ea1c gi\u00fap n\u00e2ng cao kh\u1ea3 n\u0103ng l\u01b0u tr\u1eef n\u0103ng l\u01b0\u1ee3ng di \u0111\u1ed9ng trong m\u1ecdi t\u00ecnh hu\u1ed1ng?<\/a>\n\t\t\t\t<\/h3>\n\t\t\t\n\t\t\t\n\t\t\t\t\t\t\t\n\t\t\t\t\t\t\t\t\t<\/div>\n\t<\/div>\n<\/article>\n\n\n<article id=\"post-11523\" class=\"wd-post blog-design-mask blog-post-loop blog-style-bg wd-col post-11523 post type-post status-publish format-standard has-post-thumbnail hentry category-news\">\n\t<div class=\"article-inner\">\n\t\t<header class=\"entry-header\">\n\t\t\t\t\t\t\t<figure class=\"entry-thumbnail\">\n\t\t\t\t\t\t\t\t\t\t\t<div class=\"post-img-wrapp\">\n\t\t\t\t\t\t\t<a href=\"https:\/\/www.goodworksemi.com\/vi\/say-goodbye-to-battery-anxiety-and-safety-hazards-discover-how-gk-discrete-components-are-redefining-the-core-power-of-electric-toothbrushes\/\">\n\t\t\t\t\t\t\t\t<img decoding=\"async\" width=\"400\" height=\"300\" src=\"https:\/\/www.goodworksemi.com\/wp-content\/uploads\/2026\/03\/\u6444\u56fe\u7f51_601863781_\u7eff\u53f6\u548c\u7535\u52a8\u7259\u5237\u975e\u4f01\u4e1a\u5546\u7528-400x300.jpg\" class=\"attachment-400x300 size-400x300\" alt=\"\" \/>\t\t\t\t\t\t\t<\/a>\n\t\t\t\t\t\t<\/div>\n\t\t\t\t\t\t<div class=\"post-image-mask\">\n\t\t\t\t\t\t\t<span><\/span>\n\t\t\t\t\t\t<\/div>\n\t\t\t\t\t\t\t\t\t<\/figure>\n\t\t\t\n\t\t\t\t\t\t<div class=\"wd-post-date wd-style-with-bg\">\n\t\t\t\t<span class=\"post-date-day\">\n\t\t\t\t\t17\t\t\t\t<\/span>\n\t\t\t\t<span class=\"post-date-month\">\n\t\t\t\t\tTh\u00e1ng 3\t\t\t\t<\/span>\n\t\t\t<\/div>\n\t\t\t\t<\/header>\n\n\t\t<div class=\"article-body-container\">\n\t\t\t\n\t\t\t\t\t\t\t<h3 class=\"wd-entities-title title post-title\">\n\t\t\t\t\t<a href=\"https:\/\/www.goodworksemi.com\/vi\/say-goodbye-to-battery-anxiety-and-safety-hazards-discover-how-gk-discrete-components-are-redefining-the-core-power-of-electric-toothbrushes\/\" rel=\"bookmark\">H\u00e3y t\u1ea1m bi\u1ec7t n\u1ed7i lo v\u1ec1 pin v\u00e0 c\u00e1c nguy c\u01a1 an to\u00e0n! Kh\u00e1m ph\u00e1 c\u00e1ch c\u00e1c linh ki\u1ec7n r\u1eddi GK \u0111ang \u0111\u1ecbnh ngh\u0129a l\u1ea1i \u201cngu\u1ed3n n\u0103ng l\u01b0\u1ee3ng c\u1ed1t l\u00f5i\u201d c\u1ee7a b\u00e0n ch\u1ea3i \u0111\u00e1nh r\u0103ng \u0111i\u1ec7n<\/a>\n\t\t\t\t<\/h3>\n\t\t\t\n\t\t\t\n\t\t\t\t\t\t\t\n\t\t\t\t\t\t\t\t\t<\/div>\n\t<\/div>\n<\/article>\n\n\n<article id=\"post-10913\" class=\"wd-post blog-design-mask blog-post-loop blog-style-bg wd-col post-10913 post type-post status-publish format-standard has-post-thumbnail hentry category-news\">\n\t<div class=\"article-inner\">\n\t\t<header class=\"entry-header\">\n\t\t\t\t\t\t\t<figure class=\"entry-thumbnail\">\n\t\t\t\t\t\t\t\t\t\t\t<div class=\"post-img-wrapp\">\n\t\t\t\t\t\t\t<a href=\"https:\/\/www.goodworksemi.com\/vi\/how-to-choose-a-powerhouse-heart-for-power-tools-select-the-right-goodwork-mosfet\/\">\n\t\t\t\t\t\t\t\t<img decoding=\"async\" width=\"400\" height=\"300\" src=\"https:\/\/www.goodworksemi.com\/wp-content\/uploads\/2026\/01\/\u6444\u56fe\u7f51_501238052_\u7535\u52a8\u5de5\u5177\u5957\u88c5\u975e\u4f01\u4e1a\u5546\u7528-400x300.jpg\" class=\"attachment-400x300 size-400x300\" alt=\"\" \/>\t\t\t\t\t\t\t<\/a>\n\t\t\t\t\t\t<\/div>\n\t\t\t\t\t\t<div class=\"post-image-mask\">\n\t\t\t\t\t\t\t<span><\/span>\n\t\t\t\t\t\t<\/div>\n\t\t\t\t\t\t\t\t\t<\/figure>\n\t\t\t\n\t\t\t\t\t\t<div class=\"wd-post-date wd-style-with-bg\">\n\t\t\t\t<span class=\"post-date-day\">\n\t\t\t\t\t14\t\t\t\t<\/span>\n\t\t\t\t<span class=\"post-date-month\">\n\t\t\t\t\tTh1\t\t\t\t<\/span>\n\t\t\t<\/div>\n\t\t\t\t<\/header>\n\n\t\t<div class=\"article-body-container\">\n\t\t\t\n\t\t\t\t\t\t\t<h3 class=\"wd-entities-title title post-title\">\n\t\t\t\t\t<a href=\"https:\/\/www.goodworksemi.com\/vi\/how-to-choose-a-powerhouse-heart-for-power-tools-select-the-right-goodwork-mosfet\/\" rel=\"bookmark\">L\u00e0m th\u1ebf n\u00e0o \u0111\u1ec3 ch\u1ecdn m\u1ed9t \u201ctr\u00e1i tim m\u1ea1nh m\u1ebd\u201d cho d\u1ee5ng c\u1ee5 \u0111i\u1ec7n? Ch\u1ecdn \u0111\u00fang MOSFET Goodwork!<\/a>\n\t\t\t\t<\/h3>\n\t\t\t\n\t\t\t\n\t\t\t\t\t\t\t\n\t\t\t\t\t\t\t\t\t<\/div>\n\t<\/div>\n<\/article>\n\n\n<article id=\"post-10809\" class=\"wd-post blog-design-mask blog-post-loop blog-style-bg wd-col post-10809 post type-post status-publish format-standard has-post-thumbnail hentry category-news\">\n\t<div class=\"article-inner\">\n\t\t<header class=\"entry-header\">\n\t\t\t\t\t\t\t<figure class=\"entry-thumbnail\">\n\t\t\t\t\t\t\t\t\t\t\t<div class=\"post-img-wrapp\">\n\t\t\t\t\t\t\t<a href=\"https:\/\/www.goodworksemi.com\/vi\/goodwork-electronics-powering-the-200w-desktop-charger-for-a-high-speed-charging-era\/\">\n\t\t\t\t\t\t\t\t<img decoding=\"async\" width=\"400\" height=\"300\" src=\"https:\/\/www.goodworksemi.com\/wp-content\/uploads\/2026\/01\/306-400x300.png\" class=\"attachment-400x300 size-400x300\" alt=\"\" \/>\t\t\t\t\t\t\t<\/a>\n\t\t\t\t\t\t<\/div>\n\t\t\t\t\t\t<div class=\"post-image-mask\">\n\t\t\t\t\t\t\t<span><\/span>\n\t\t\t\t\t\t<\/div>\n\t\t\t\t\t\t\t\t\t<\/figure>\n\t\t\t\n\t\t\t\t\t\t<div class=\"wd-post-date wd-style-with-bg\">\n\t\t\t\t<span class=\"post-date-day\">\n\t\t\t\t\t06\t\t\t\t<\/span>\n\t\t\t\t<span class=\"post-date-month\">\n\t\t\t\t\tTh1\t\t\t\t<\/span>\n\t\t\t<\/div>\n\t\t\t\t<\/header>\n\n\t\t<div class=\"article-body-container\">\n\t\t\t\n\t\t\t\t\t\t\t<h3 class=\"wd-entities-title title post-title\">\n\t\t\t\t\t<a href=\"https:\/\/www.goodworksemi.com\/vi\/goodwork-electronics-powering-the-200w-desktop-charger-for-a-high-speed-charging-era\/\" rel=\"bookmark\">GOODWORK Electronics: Cung c\u1ea5p ngu\u1ed3n cho b\u1ed9 s\u1ea1c b\u00e0n 200W, m\u1edf ra k\u1ef7 nguy\u00ean s\u1ea1c nhanh.<\/a>\n\t\t\t\t<\/h3>\n\t\t\t\n\t\t\t\n\t\t\t\t\t\t\t\n\t\t\t\t\t\t\t\t\t<\/div>\n\t<\/div>\n<\/article>\n\n\n<article id=\"post-382\" class=\"wd-post blog-design-mask blog-post-loop blog-style-bg wd-col post-382 post type-post status-publish format-standard has-post-thumbnail hentry category-news\">\n\t<div class=\"article-inner\">\n\t\t<header class=\"entry-header\">\n\t\t\t\t\t\t\t<figure class=\"entry-thumbnail\">\n\t\t\t\t\t\t\t\t\t\t\t<div class=\"post-img-wrapp\">\n\t\t\t\t\t\t\t<a href=\"https:\/\/www.goodworksemi.com\/vi\/in-the-heart-of-valencia\/\">\n\t\t\t\t\t\t\t\t<img decoding=\"async\" width=\"400\" height=\"300\" src=\"https:\/\/www.goodworksemi.com\/wp-content\/uploads\/2023\/06\/151-400x300.webp\" class=\"attachment-400x300 size-400x300\" alt=\"\" \/>\t\t\t\t\t\t\t<\/a>\n\t\t\t\t\t\t<\/div>\n\t\t\t\t\t\t<div class=\"post-image-mask\">\n\t\t\t\t\t\t\t<span><\/span>\n\t\t\t\t\t\t<\/div>\n\t\t\t\t\t\t\t\t\t<\/figure>\n\t\t\t\n\t\t\t\t\t\t<div class=\"wd-post-date wd-style-with-bg\">\n\t\t\t\t<span class=\"post-date-day\">\n\t\t\t\t\t07\t\t\t\t<\/span>\n\t\t\t\t<span class=\"post-date-month\">\n\t\t\t\t\tTh\u00e1ng 6\t\t\t\t<\/span>\n\t\t\t<\/div>\n\t\t\t\t<\/header>\n\n\t\t<div class=\"article-body-container\">\n\t\t\t\n\t\t\t\t\t\t\t<h3 class=\"wd-entities-title title post-title\">\n\t\t\t\t\t<a href=\"https:\/\/www.goodworksemi.com\/vi\/in-the-heart-of-valencia\/\" rel=\"bookmark\">H\u01b0\u1edbng d\u1eabn l\u1ef1a ch\u1ecdn \u0111i\u1ed1t Schottky: Ch\u1ec9nh l\u01b0u hi\u1ec7u su\u1ea5t cao t\u1eeb DO-41 \u0111\u1ebfn TO-247AC<\/a>\n\t\t\t\t<\/h3>\n\t\t\t\n\t\t\t\n\t\t\t\t\t\t\t\n\t\t\t\t\t\t\t\t\t<\/div>\n\t<\/div>\n<\/article>\n\n\n<article id=\"post-379\" class=\"wd-post blog-design-mask blog-post-loop blog-style-bg wd-col post-379 post type-post status-publish format-standard has-post-thumbnail hentry category-news\">\n\t<div class=\"article-inner\">\n\t\t<header class=\"entry-header\">\n\t\t\t\t\t\t\t<figure class=\"entry-thumbnail\">\n\t\t\t\t\t\t\t\t\t\t\t<div class=\"post-img-wrapp\">\n\t\t\t\t\t\t\t<a href=\"https:\/\/www.goodworksemi.com\/vi\/ethimo-mountain-style\/\">\n\t\t\t\t\t\t\t\t<img decoding=\"async\" width=\"400\" height=\"300\" src=\"https:\/\/www.goodworksemi.com\/wp-content\/uploads\/2023\/06\/1512-400x300.webp\" class=\"attachment-400x300 size-400x300\" alt=\"\" \/>\t\t\t\t\t\t\t<\/a>\n\t\t\t\t\t\t<\/div>\n\t\t\t\t\t\t<div class=\"post-image-mask\">\n\t\t\t\t\t\t\t<span><\/span>\n\t\t\t\t\t\t<\/div>\n\t\t\t\t\t\t\t\t\t<\/figure>\n\t\t\t\n\t\t\t\t\t\t<div class=\"wd-post-date wd-style-with-bg\">\n\t\t\t\t<span class=\"post-date-day\">\n\t\t\t\t\t07\t\t\t\t<\/span>\n\t\t\t\t<span class=\"post-date-month\">\n\t\t\t\t\tTh\u00e1ng 6\t\t\t\t<\/span>\n\t\t\t<\/div>\n\t\t\t\t<\/header>\n\n\t\t<div class=\"article-body-container\">\n\t\t\t\n\t\t\t\t\t\t\t<h3 class=\"wd-entities-title title post-title\">\n\t\t\t\t\t<a href=\"https:\/\/www.goodworksemi.com\/vi\/ethimo-mountain-style\/\" rel=\"bookmark\">GOODWORK Electronics: Cung c\u1ea5p ngu\u1ed3n cho b\u1ed9 s\u1ea1c b\u00e0n 200W, m\u1edf ra k\u1ef7 nguy\u00ean s\u1ea1c nhanh.<\/a>\n\t\t\t\t<\/h3>\n\t\t\t\n\t\t\t\n\t\t\t\t\t\t\t\n\t\t\t\t\t\t\t\t\t<\/div>\n\t<\/div>\n<\/article>\n\n<\/div><\/div><\/div><\/div><\/div><\/div>\n<\/div>","protected":false},"excerpt":{"rendered":"Khi l\u1ed1i s\u1ed1ng s\u1ed1 ng\u00e0y c\u00e0ng ph\u1ed5 bi\u1ebfn, vi\u1ec7c s\u1eed d\u1ee5ng \u0111\u1ed3ng th\u1eddi nhi\u1ec1u thi\u1ebft b\u1ecb \u0111\u00e3 tr\u1edf th\u00e0nh xu h\u01b0\u1edbng ph\u1ed5 bi\u1ebfn, th\u00fac \u0111\u1ea9y nhu c\u1ea7u ng\u00e0y c\u00e0ng t\u0103ng \u0111\u1ed1i v\u1edbi","protected":false},"author":1,"featured_media":0,"parent":385,"menu_order":0,"comment_status":"closed","ping_status":"closed","template":"","meta":{"_acf_changed":false,"footnotes":""},"class_list":["post-5656","page","type-page","status-publish","hentry"],"acf":[],"aioseo_notices":[],"_links":{"self":[{"href":"https:\/\/www.goodworksemi.com\/vi\/wp-json\/wp\/v2\/pages\/5656","targetHints":{"allow":["GET"]}}],"collection":[{"href":"https:\/\/www.goodworksemi.com\/vi\/wp-json\/wp\/v2\/pages"}],"about":[{"href":"https:\/\/www.goodworksemi.com\/vi\/wp-json\/wp\/v2\/types\/page"}],"author":[{"embeddable":true,"href":"https:\/\/www.goodworksemi.com\/vi\/wp-json\/wp\/v2\/users\/1"}],"replies":[{"embeddable":true,"href":"https:\/\/www.goodworksemi.com\/vi\/wp-json\/wp\/v2\/comments?post=5656"}],"version-history":[{"count":0,"href":"https:\/\/www.goodworksemi.com\/vi\/wp-json\/wp\/v2\/pages\/5656\/revisions"}],"up":[{"embeddable":true,"href":"https:\/\/www.goodworksemi.com\/vi\/wp-json\/wp\/v2\/pages\/385"}],"wp:attachment":[{"href":"https:\/\/www.goodworksemi.com\/vi\/wp-json\/wp\/v2\/media?parent=5656"}],"curies":[{"name":"wp","href":"https:\/\/api.w.org\/{rel}","templated":true}]}}