{"id":5649,"date":"2025-11-19T04:56:02","date_gmt":"2025-11-18T20:56:02","guid":{"rendered":"https:\/\/www.goodworksemi.com\/?page_id=5649"},"modified":"2025-12-15T16:29:38","modified_gmt":"2025-12-15T08:29:38","slug":"sample-request","status":"publish","type":"page","link":"https:\/\/www.goodworksemi.com\/vi\/sample-request\/","title":{"rendered":"Y\u00eau c\u1ea7u m\u1eabu"},"content":{"rendered":"<div class=\"wpb-content-wrapper\"><div class=\"vc_row wpb_row vc_row-fluid vc_custom_1765787098914 vc_column-gap-35 vc_row-o-equal-height vc_row-o-content-top vc_row-flex wd-rs-693fc5d404e11\"><div class=\"wpb_column vc_column_container vc_col-sm-12 vc_col-lg-6 vc_col-md-6 vc_col-xs-12\"><div class=\"vc_column-inner vc_custom_1538568458450\"><div class=\"wpb_wrapper\">\n\t<div  class=\"wpb_single_image wpb_content_element vc_align_center vc_custom_1538485049530\">\n\t\t\n\t\t<figure class=\"wpb_wrapper vc_figure\">\n\t\t\t<div class=\"vc_single_image-wrapper   vc_box_border_grey\"><img decoding=\"async\" width=\"566\" height=\"580\" src=\"https:\/\/www.goodworksemi.com\/wp-content\/uploads\/2025\/11\/wood-layout-img-2.jpg\" class=\"vc_single_image-img attachment-full\" alt=\"\" title=\"\" srcset=\"https:\/\/www.goodworksemi.com\/wp-content\/uploads\/2025\/11\/wood-layout-img-2.jpg 566w, https:\/\/www.goodworksemi.com\/wp-content\/uploads\/2025\/11\/wood-layout-img-2-293x300.jpg 293w, https:\/\/www.goodworksemi.com\/wp-content\/uploads\/2025\/11\/wood-layout-img-2-150x154.jpg 150w\" sizes=\"(max-width: 566px) 100vw, 566px\" \/><\/div>\n\t\t<\/figure>\n\t<\/div>\n<\/div><\/div><\/div><div class=\"wpb_column vc_column_container vc_col-sm-12 vc_col-lg-6 vc_col-md-6 vc_col-xs-12 color-scheme-dark\"><div class=\"vc_column-inner vc_custom_1538568468606\"><div class=\"wpb_wrapper\">\n\t\t<div id=\"wd-693fc6904e3c1\" class=\"title-wrapper wd-wpb wd-set-mb reset-last-child  wd-rs-693fc6904e3c1 wd-title-color-default wd-title-style-default text-left  wd-underline-colored\">\n\t\t\t\n\t\t\t<div class=\"liner-continer\">\n\t\t\t\t<h2 class=\"woodmart-title-container title  wd-font-weight-500 wd-fontsize-l\" >Y\u00eau c\u1ea7u m\u1eabu<\/h2>\n\t\t\t\t\t\t\t<\/div>\n\t\t\t\n\t\t\t\t\t\t\t<div class=\"title-after_title reset-last-child  wd-fontsize-xs\">Goodwork cung c\u1ea5p d\u1ecbch v\u1ee5 m\u1eabu, v\u00e0 kh\u00e1ch h\u00e0ng quan t\u00e2m vui l\u00f2ng li\u00ean h\u1ec7 v\u1edbi ch\u00fang t\u00f4i.<\/div>\n\t\t\t\n\t\t\t\n\t\t<\/div>\n\t\t\n\t\t<div class=\"vc_row wpb_row vc_inner vc_row-fluid vc_custom_1765787368092 wd-rs-693fc6dd9896f\"><div class=\"wpb_column vc_column_container vc_col-sm-6\"><div class=\"vc_column-inner vc_custom_1538139599864\"><div class=\"wpb_wrapper\">\t\t\t<div id=\"wd-693fc21c29d74\" class=\"wd-text-block-wrapper wd-wpb wd-rs-693fc21c29d74 color-scheme-dark text-left vc_custom_1765786167847\">\n\t\t\t\t<div class=\"woodmart-title-container woodmart-text-block reset-last-child font-primary wd-font-weight-\">\n\t\t\t\t\t<strong><span class=\"color-primary\">1.<\/span><\/strong> C\u00e1ch \u0111\u0103ng k\u00fd nh\u1eadn m\u1eabu?\t\t\t\t<\/div>\n\n\t\t\t\t\t\t\t<\/div>\n\t\t\t\t\t<div id=\"wd-693fc2569c387\" class=\"wd-text-block-wrapper wd-wpb wd-rs-693fc2569c387 color-scheme- text-left vc_custom_1765786202302\">\n\t\t\t\t<div class=\"woodmart-title-container woodmart-text-block reset-last-child font-primary wd-font-weight-\">\n\t\t\t\t\tNh\u1ea5p v\u00e0o n\u00fat \"\u0110\u0103ng k\u00fd\" b\u00ean d\u01b0\u1edbi v\u00e0 \u0111i\u1ec1n th\u00f4ng tin c\u1ee7a b\u1ea1n \u0111\u1ec3 \u0111\u0103ng k\u00fd.\t\t\t\t<\/div>\n\n\t\t\t\t\t\t\t<\/div>\n\t\t<\/div><\/div><\/div><div class=\"wpb_column vc_column_container vc_col-sm-6\"><div class=\"vc_column-inner vc_custom_1538139911551\"><div class=\"wpb_wrapper\">\t\t\t<div id=\"wd-693fc25cc2528\" class=\"wd-text-block-wrapper wd-wpb wd-rs-693fc25cc2528 color-scheme-dark text-left vc_custom_1765786259759\">\n\t\t\t\t<div class=\"woodmart-title-container woodmart-text-block reset-last-child font-primary wd-font-weight-\">\n\t\t\t\t\t<strong><span class=\"color-primary\">2.<\/span><\/strong> Quy tr\u00ecnh v\u1eadn chuy\u1ec3n m\u1eabu\t\t\t\t<\/div>\n\n\t\t\t\t\t\t\t<\/div>\n\t\t\t\t\t<div id=\"wd-693fc2c4001af\" class=\"wd-text-block-wrapper wd-wpb wd-rs-693fc2c4001af color-scheme- text-left vc_custom_1765786311783\">\n\t\t\t\t<div class=\"woodmart-title-container woodmart-text-block reset-last-child font-primary wd-font-weight-\">\n\t\t\t\t\tSau khi nh\u1eadn \u0111\u01b0\u1ee3c \u0111\u01a1n \u0111\u0103ng k\u00fd c\u1ee7a b\u1ea1n, ch\u00fang t\u00f4i s\u1ebd li\u00ean h\u1ec7 v\u1edbi b\u1ea1n trong th\u1eddi gian s\u1edbm nh\u1ea5t. Sau khi x\u00e1c nh\u1eadn th\u00f4ng tin li\u00ean l\u1ea1c, ch\u00fang t\u00f4i s\u1ebd g\u1eedi m\u1eabu s\u1ea3n ph\u1ea9m \u0111\u1ebfn \u0111\u1ecba ch\u1ec9 m\u00e0 b\u1ea1n \u0111\u00e3 cung c\u1ea5p.\t\t\t\t<\/div>\n\n\t\t\t\t\t\t\t<\/div>\n\t\t<\/div><\/div><\/div><\/div><div class=\"vc_row wpb_row vc_inner vc_row-fluid vc_custom_1765787376885 wd-rs-693fc6ec74b00\"><div class=\"wpb_column vc_column_container vc_col-sm-6\"><div class=\"vc_column-inner vc_custom_1538139599864\"><div class=\"wpb_wrapper\">\t\t\t<div id=\"wd-693fc5e7c47fd\" class=\"wd-text-block-wrapper wd-wpb wd-rs-693fc5e7c47fd color-scheme-dark text-left vc_custom_1765787171832\">\n\t\t\t\t<div class=\"woodmart-title-container woodmart-text-block reset-last-child font-primary wd-font-weight-\">\n\t\t\t\t\t<strong><span class=\"color-primary\">3.<\/span><\/strong> B\u1ea1n c\u0169ng c\u00f3 th\u1ec3 ch\u1ee7 \u0111\u1ed9ng li\u00ean h\u1ec7 v\u1edbi ch\u00fang t\u00f4i.\t\t\t\t<\/div>\n\n\t\t\t\t\t\t\t<\/div>\n\t\t\t\t\t<div id=\"wd-693fc624f277e\" class=\"wd-text-block-wrapper wd-wpb wd-rs-693fc624f277e color-scheme- text-left vc_custom_1765787207398\">\n\t\t\t\t<div class=\"woodmart-title-container woodmart-text-block reset-last-child font-primary wd-font-weight-\">\n\t\t\t\t\t<strong>\u0110i\u1ec7n tho\u1ea1i:<\/strong>\u00a0<a class=\"c-l-s-i-s Mobile\">+86-0755-83188488<\/a><br \/>\n<strong>Email:<\/strong>\u00a0<a href=\"mailto:sivian@gkdiode.com\">sivian@gkdiode.com<\/a>\t\t\t\t<\/div>\n\n\t\t\t\t\t\t\t<\/div>\n\t\t<\/div><\/div><\/div><div class=\"wpb_column vc_column_container vc_col-sm-6\"><div class=\"vc_column-inner vc_custom_1538139911551\"><div class=\"wpb_wrapper\">\t\t\t<div id=\"wd-693fc66e023d1\" class=\"wd-text-block-wrapper wd-wpb wd-rs-693fc66e023d1 color-scheme-dark text-left vc_custom_1765787252438\">\n\t\t\t\t<div class=\"woodmart-title-container woodmart-text-block reset-last-child font-primary wd-font-weight-\">\n\t\t\t\t\t<strong><span class=\"color-primary\">4.<\/span><\/strong> C\u00e1c ph\u01b0\u01a1ng ph\u00e1p giao ti\u1ebfp tr\u1ef1c tuy\u1ebfn.\t\t\t\t<\/div>\n\n\t\t\t\t\t\t\t<\/div>\n\t\t\t\t\t<div id=\"wd-693fc68135746\" class=\"wd-text-block-wrapper wd-wpb wd-rs-693fc68135746 color-scheme- text-left vc_custom_1765787273760\">\n\t\t\t\t<div class=\"woodmart-title-container woodmart-text-block reset-last-child font-primary wd-font-weight-\">\n\t\t\t\t\t<a href=\"https:\/\/api.whatsapp.com\/send?phone=8617796315616\"><strong>WhatsApp:+8617796315616<\/strong><\/a>\t\t\t\t<\/div>\n\n\t\t\t\t\t\t\t<\/div>\n\t\t<\/div><\/div><\/div><\/div><div id=\"wd-693fc514bdba1\" class=\"wd-rs-693fc514bdba1 vc_custom_1765786906332  wd-rs-693fc514bdba1 wd-button-wrapper wd-off-anim wpb_animate_when_almost_visible wpb_bounceIn bounceIn wd-anim-name_bounceIn text-center\"><a href=\"#9710\" title=\"\" class=\"btn btn-style-default btn-shape-rectangle btn-size-default wd-open-popup\">Y\u00eau c\u1ea7u m\u1eabu<\/a><\/div><div id=\"9710\" class=\"wd-popup wd-popup-element mfp-hide\" style=\"--wd-popup-width:600px;\"><style data-type=\"vc_shortcodes-custom-css\">.vc_custom_1763066969418{padding-top: 30px !important;padding-right: 30px !important;padding-bottom: 30px !important;padding-left: 30px !important;}.vc_custom_1765786606701{margin-bottom: 0px !important;}<\/style><div class=\"wpb-content-wrapper\"><div class=\"vc_row wpb_row vc_row-fluid vc_custom_1763066969418 vc_row-o-equal-height vc_row-flex wd-rs-69164446ed961\"><div class=\"wpb_column vc_column_container vc_col-sm-12\"><div class=\"vc_column-inner\"><div class=\"wpb_wrapper\">\n\t\t<div id=\"wd-693fc3f1049b0\" class=\"title-wrapper wd-wpb wd-set-mb reset-last-child  wd-rs-693fc3f1049b0 wd-title-color-default wd-title-style-default text-left  wd-underline-colored\">\n\t\t\t\n\t\t\t<div class=\"liner-continer\">\n\t\t\t\t<h4 class=\"woodmart-title-container title  wd-font-weight- wd-fontsize-m\" >Y\u00eau c\u1ea7u m\u1eabu<\/h4>\n\t\t\t\t\t\t\t<\/div>\n\t\t\t\n\t\t\t\n\t\t\t\n\t\t<\/div>\n\t\t\n\t\t\t\t\t\t\t<div class=\"wd-cf7 wd-wpb wd-rs-693fc3ea7874d vc_custom_1765786606701\">\n\t\t\t\t\n<div class=\"wpcf7 no-js\" id=\"wpcf7-f9705-o1\" lang=\"zh-CN\" dir=\"ltr\" data-wpcf7-id=\"9705\">\n<div class=\"screen-reader-response\"><p role=\"status\" aria-live=\"polite\" aria-atomic=\"true\"><\/p> <ul><\/ul><\/div>\n<form action=\"\/vi\/wp-json\/wp\/v2\/pages\/5649#wpcf7-f9705-o1\" method=\"post\" class=\"wpcf7-form init\" aria-label=\"Bi\u1ec3u m\u1eabu b\u00ecnh lu\u1eadn\" novalidate=\"novalidate\" data-status=\"init\" data-trp-original-action=\"\/vi\/wp-json\/wp\/v2\/pages\/5649#wpcf7-f9705-o1\">\n<fieldset class=\"hidden-fields-container\"><input type=\"hidden\" name=\"_wpcf7\" value=\"9705\" \/><input type=\"hidden\" name=\"_wpcf7_version\" value=\"6.1.5\" \/><input type=\"hidden\" name=\"_wpcf7_locale\" value=\"zh_CN\" \/><input type=\"hidden\" name=\"_wpcf7_unit_tag\" value=\"wpcf7-f9705-o1\" \/><input type=\"hidden\" name=\"_wpcf7_container_post\" value=\"0\" \/><input type=\"hidden\" name=\"_wpcf7_posted_data_hash\" value=\"\" \/>\n<\/fieldset>\n<div class=\"wd-grid-f-stretch\">\n\t<div class=\"wd-col\">\n\t\t<p><label>T\u00ean c\u1ee7a b\u1ea1n<\/label><span class=\"wpcf7-form-control-wrap\" data-name=\"your-name\"><input size=\"40\" maxlength=\"400\" class=\"wpcf7-form-control wpcf7-text wpcf7-validates-as-required\" aria-required=\"true\" aria-invalid=\"false\" value=\"\" type=\"text\" name=\"your-name\" \/><\/span>\n\t\t<\/p>\n\t<\/div>\n\t<div class=\"wd-col\">\n\t\t<p><label>Email c\u1ee7a b\u1ea1n<\/label><span class=\"wpcf7-form-control-wrap\" data-name=\"your-email\"><input size=\"40\" maxlength=\"400\" class=\"wpcf7-form-control wpcf7-email wpcf7-validates-as-required wpcf7-text wpcf7-validates-as-email\" aria-required=\"true\" aria-invalid=\"false\" value=\"\" type=\"email\" name=\"your-email\" \/><\/span>\n\t\t<\/p>\n\t<\/div>\n<\/div>\n<div class=\"wd-grid-f-stretch\">\n\t<div class=\"wd-col\">\n\t\t<p><label>S\u1ed1 \u0111i\u1ec7n tho\u1ea1i<\/label><span class=\"wpcf7-form-control-wrap\" data-name=\"tel-767\"><input size=\"40\" maxlength=\"400\" class=\"wpcf7-form-control wpcf7-tel wpcf7-text wpcf7-validates-as-tel\" aria-invalid=\"false\" value=\"\" type=\"tel\" name=\"tel-767\" \/><\/span>\n\t\t<\/p>\n\t<\/div>\n\t<div class=\"wd-col\">\n\t\t<p><label>C\u00f4ng ty<\/label><span class=\"wpcf7-form-control-wrap\" data-name=\"text-1\"><input size=\"40\" maxlength=\"400\" class=\"wpcf7-form-control wpcf7-text\" aria-invalid=\"false\" value=\"\" type=\"text\" name=\"text-1\" \/><\/span>\n\t\t<\/p>\n\t<\/div>\n<\/div>\n<div>\n\t<p><label>Th\u00f4ng \u0111i\u1ec7p c\u1ee7a b\u1ea1n<\/label><span class=\"wpcf7-form-control-wrap\" data-name=\"your-message\"><textarea cols=\"40\" rows=\"10\" maxlength=\"2000\" class=\"wpcf7-form-control wpcf7-textarea\" aria-invalid=\"false\" name=\"your-message\"><\/textarea><\/span>\n\t<\/p>\n<\/div>\n<div>\n\t<p><input class=\"wpcf7-form-control wpcf7-submit has-spinner btn-color-black\" type=\"submit\" value=\"G\u1eedi\" \/>\n\t<\/p>\n<\/div>\n<div>\n\t<p><span class=\"wpcf7-form-control-wrap kc_captcha cf7ic-toggle\" data-name=\"kc_captcha\"><span class=\"wpcf7-form-control wpcf7-radio\"><span class=\"captcha-image\" style=\"display: none;\"><span class=\"cf7ic_instructions\">Vui l\u00f2ng x\u00e1c minh b\u1ea1n l\u00e0 ng\u01b0\u1eddi b\u1eb1ng c\u00e1ch ch\u1ecdn<span> m\u00e1y bay<\/span>\u3002<\/span><label><input aria-label=\"1\" type=\"radio\" name=\"kc_captcha\" value=\"bot\" \/><svg aria-hidden=\"true\" role=\"img\" xmlns=\"http:\/\/www.w3.org\/2000\/svg\" viewbox=\"0 0 576 512\"><path fill=\"currentColor\" d=\"M415 24c-53 0-103 42-127 65-24-23-74-65-127-65C70 24 16 77 16 166c0 72 67 133 69 135l187 181c9 8 23 8 32 0l187-180c2-3 69-64 69-136 0-89-54-142-145-142z\"\/><\/svg><\/label><label><input aria-label=\"2\" type=\"radio\" name=\"kc_captcha\" value=\"bot\" \/><svg aria-hidden=\"true\" role=\"img\" xmlns=\"http:\/\/www.w3.org\/2000\/svg\" viewbox=\"0 0 384 512\"><path fill=\"currentColor\" d=\"M377 375l-83-87h34c21 0 32-25 17-40l-82-88h33c21 0 32-25 18-40L210 8c-10-11-26-11-36 0L70 120c-14 15-3 40 18 40h33l-82 88c-15 15-4 40 17 40h34L7 375c-15 16-4 41 17 41h120c0 33-11 49-34 68-12 9-5 28 10 28h144c15 0 22-19 10-28-20-16-34-32-34-68h120c21 0 32-25 17-41z\"\/><\/svg><\/label><label><input aria-label=\"3\" type=\"radio\" name=\"kc_captcha\" value=\"kc_human\" \/><svg aria-hidden=\"true\" role=\"img\" xmlns=\"http:\/\/www.w3.org\/2000\/svg\" viewbox=\"0 0 576 512\"><path fill=\"currentColor\" d=\"M472 200H360L256 6a12 12 0 00-10-6h-58c-8 0-14 7-12 15l34 185H100l-35-58a12 12 0 00-10-6H12c-8 0-13 7-12 14l21 106L0 362c-1 7 4 14 12 14h43c4 0 8-2 10-6l35-58h110l-34 185c-2 8 4 15 12 15h58a12 12 0 0010-6l104-194h112c57 0 104-25 104-56s-47-56-104-56z\"\/><\/svg><\/label>\r\n    <\/span>\r\n    <span style=\"display:none\">\r\n        <input type=\"text\" name=\"kc_honeypot\">\r\n    <\/span><\/span><\/span>\n\t<\/p>\n<\/div>\n<div class=\"wpcf7-response-output\" aria-hidden=\"true\"><\/div>\n<input type=\"hidden\" name=\"trp-form-language\" value=\"vi\"\/><\/form>\n<\/div>\n\t\t\t<\/div>\n\t\t\t\t<\/div><\/div><\/div><\/div><\/div><\/div><\/div><\/div><\/div><\/div>\n<\/div>","protected":false},"excerpt":{"rendered":"Sample Request Goodwork provides sample services, and interested customers are welcome to contact us. 1. How to apply for samples?","protected":false},"author":1,"featured_media":0,"parent":0,"menu_order":0,"comment_status":"closed","ping_status":"closed","template":"","meta":{"_acf_changed":false,"footnotes":""},"class_list":["post-5649","page","type-page","status-publish","hentry"],"acf":[],"aioseo_notices":[],"_links":{"self":[{"href":"https:\/\/www.goodworksemi.com\/vi\/wp-json\/wp\/v2\/pages\/5649","targetHints":{"allow":["GET"]}}],"collection":[{"href":"https:\/\/www.goodworksemi.com\/vi\/wp-json\/wp\/v2\/pages"}],"about":[{"href":"https:\/\/www.goodworksemi.com\/vi\/wp-json\/wp\/v2\/types\/page"}],"author":[{"embeddable":true,"href":"https:\/\/www.goodworksemi.com\/vi\/wp-json\/wp\/v2\/users\/1"}],"replies":[{"embeddable":true,"href":"https:\/\/www.goodworksemi.com\/vi\/wp-json\/wp\/v2\/comments?post=5649"}],"version-history":[{"count":0,"href":"https:\/\/www.goodworksemi.com\/vi\/wp-json\/wp\/v2\/pages\/5649\/revisions"}],"wp:attachment":[{"href":"https:\/\/www.goodworksemi.com\/vi\/wp-json\/wp\/v2\/media?parent=5649"}],"curies":[{"name":"wp","href":"https:\/\/api.w.org\/{rel}","templated":true}]}}