{"id":5647,"date":"2025-11-19T04:55:35","date_gmt":"2025-11-18T20:55:35","guid":{"rendered":"https:\/\/www.goodworksemi.com\/?page_id=5647"},"modified":"2025-12-15T14:43:21","modified_gmt":"2025-12-15T06:43:21","slug":"faq","status":"publish","type":"page","link":"https:\/\/www.goodworksemi.com\/vi\/faq\/","title":{"rendered":"C\u00e2u h\u1ecfi th\u01b0\u1eddng g\u1eb7p"},"content":{"rendered":"<div class=\"wpb-content-wrapper\"><div class=\"vc_row wpb_row vc_row-fluid wpb_animate_when_almost_visible wpb_fadeIn fadeIn vc_custom_1765780734481 vc_row-o-equal-height vc_row-flex wd-rs-693facf594f57\"><div class=\"wpb_column vc_column_container vc_col-sm-12 vc_col-lg-6 vc_col-md-6 vc_col-has-fill\"><div class=\"vc_column-inner vc_custom_1496938621896\"><div class=\"wpb_wrapper\">\n\t\t<div id=\"wd-618257e807c2a\" class=\"wd-accordion wd-wpb wd-rs-618257e807c2a  wd-style-default wd-titles-left wd-opener-pos-right wd-opener-style-arrow\" data-state=\"first\">\n\t\t\t\t\t\t\t\n\t\t\t\t\n\t\t\t\t<div class=\"wd-accordion-item\">\n\t\t\t\t\t<div class=\"wd-accordion-title wd-active font-text wd-fontsize-s wd-font-weight-600\" data-accordion-index=\"0\">\n\t\t\t\t\t\t<div class=\"wd-accordion-title-text\">\n\t\t\t\t\t\t\t\t\t\t\t\t\t\t<span>\n\t\t\t\t\t\t\t\tQu\u00fd c\u00f4ng ty c\u00f3 cung c\u1ea5p m\u1eabu mi\u1ec5n ph\u00ed kh\u00f4ng?\t\t\t\t\t\t\t<\/span>\n\t\t\t\t\t\t<\/div>\n\t\t\t\t\t\t<span class=\"wd-accordion-opener\"><\/span>\n\t\t\t\t\t<\/div>\n\n\t\t\t\t\t<div class=\"wd-accordion-content wd-entry-content wd-active\" data-accordion-index=\"0\">\n\t\t\t\t\t\t\t\t\t\t\t\t\t<p>V\u00e2ng, ch\u00fang t\u00f4i cung c\u1ea5p m\u1eabu mi\u1ec5n ph\u00ed (th\u01b0\u1eddng t\u1eeb 10 \u0111\u1ebfn 50 s\u1ea3n ph\u1ea9m) \u0111\u1ec3 qu\u00fd kh\u00e1ch \u0111\u00e1nh gi\u00e1;<\/p>\n<p>Chi ph\u00ed v\u1eadn chuy\u1ec3n do kh\u00e1ch h\u00e0ng ch\u1ecbu ho\u1eb7c \u0111\u01b0\u1ee3c th\u1ecfa thu\u1eadn ri\u00eang.<\/p>\n\t\t\t\t\t\t\t\t\t\t\t<\/div>\n\t\t\t\t<\/div>\n\t\t\t\t\t\t\t\n\t\t\t\t\n\t\t\t\t<div class=\"wd-accordion-item\">\n\t\t\t\t\t<div class=\"wd-accordion-title font-text wd-fontsize-s wd-font-weight-600\" data-accordion-index=\"1\">\n\t\t\t\t\t\t<div class=\"wd-accordion-title-text\">\n\t\t\t\t\t\t\t\t\t\t\t\t\t\t<span>\n\t\t\t\t\t\t\t\tS\u1ed1 l\u01b0\u1ee3ng \u0111\u1eb7t h\u00e0ng t\u1ed1i thi\u1ec3u (MOQ) l\u00e0 bao nhi\u00eau?\t\t\t\t\t\t\t<\/span>\n\t\t\t\t\t\t<\/div>\n\t\t\t\t\t\t<span class=\"wd-accordion-opener\"><\/span>\n\t\t\t\t\t<\/div>\n\n\t\t\t\t\t<div class=\"wd-accordion-content wd-entry-content\" data-accordion-index=\"1\">\n\t\t\t\t\t\t\t\t\t\t\t\t\t<p>S\u1ed1 l\u01b0\u1ee3ng \u0111\u1eb7t h\u00e0ng t\u1ed1i thi\u1ec3u (MOQ) thay \u0111\u1ed5i t\u00f9y theo s\u1ea3n ph\u1ea9m - th\u01b0\u1eddng b\u1eaft \u0111\u1ea7u t\u1eeb 100 \u0111\u01a1n v\u1ecb (ho\u1eb7c 100 kg). M\u1eabu s\u1ea3n ph\u1ea9m c\u00f3 s\u1eb5n \u0111\u1ec3 \u0111\u00e1nh gi\u00e1.<\/p>\n\t\t\t\t\t\t\t\t\t\t\t<\/div>\n\t\t\t\t<\/div>\n\t\t\t\t\t\t\t\n\t\t\t\t\n\t\t\t\t<div class=\"wd-accordion-item\">\n\t\t\t\t\t<div class=\"wd-accordion-title font-text wd-fontsize-s wd-font-weight-600\" data-accordion-index=\"2\">\n\t\t\t\t\t\t<div class=\"wd-accordion-title-text\">\n\t\t\t\t\t\t\t\t\t\t\t\t\t\t<span>\n\t\t\t\t\t\t\t\tQu\u00fd kh\u00e1ch ch\u1ea5p nh\u1eadn nh\u1eefng ph\u01b0\u01a1ng th\u1ee9c thanh to\u00e1n n\u00e0o?\t\t\t\t\t\t\t<\/span>\n\t\t\t\t\t\t<\/div>\n\t\t\t\t\t\t<span class=\"wd-accordion-opener\"><\/span>\n\t\t\t\t\t<\/div>\n\n\t\t\t\t\t<div class=\"wd-accordion-content wd-entry-content\" data-accordion-index=\"2\">\n\t\t\t\t\t\t\t\t\t\t\t\t\t<p>Ch\u00fang t\u00f4i ch\u1ea5p nh\u1eadn thanh to\u00e1n b\u1eb1ng chuy\u1ec3n kho\u1ea3n ng\u00e2n h\u00e0ng (T\/T), th\u01b0 t\u00edn d\u1ee5ng (L\/C) v\u00e0 PayPal cho c\u00e1c \u0111\u01a1n h\u00e0ng nh\u1ecf.<\/p>\n\t\t\t\t\t\t\t\t\t\t\t<\/div>\n\t\t\t\t<\/div>\n\t\t\t\t\t\t\t\n\t\t\t\t\n\t\t\t\t<div class=\"wd-accordion-item\">\n\t\t\t\t\t<div class=\"wd-accordion-title font-text wd-fontsize-s wd-font-weight-600\" data-accordion-index=\"3\">\n\t\t\t\t\t\t<div class=\"wd-accordion-title-text\">\n\t\t\t\t\t\t\t\t\t\t\t\t\t\t<span>\n\t\t\t\t\t\t\t\tT\u00f4i c\u00f3 th\u1ec3 mua s\u1ea3n ph\u1ea9m tr\u00ean trang web Goodwork kh\u00f4ng?\t\t\t\t\t\t\t<\/span>\n\t\t\t\t\t\t<\/div>\n\t\t\t\t\t\t<span class=\"wd-accordion-opener\"><\/span>\n\t\t\t\t\t<\/div>\n\n\t\t\t\t\t<div class=\"wd-accordion-content wd-entry-content\" data-accordion-index=\"3\">\n\t\t\t\t\t\t\t\t\t\t\t\t\t<p>\u0110\u00fang v\u1eady, b\u1ea1n c\u00f3 th\u1ec3. Tr\u00ean trang s\u1ea3n ph\u1ea9m, b\u1ea1n c\u00f3 th\u1ec3 ch\u1ecdn mua s\u1ea3n ph\u1ea9m c\u1ee5 th\u1ec3 \u0111\u00f3 t\u1eeb Goodwork ho\u1eb7c t\u1eeb m\u1ed9t trong c\u00e1c nh\u00e0 ph\u00e2n ph\u1ed1i c\u1ee7a ch\u00fang t\u00f4i.<\/p>\n\t\t\t\t\t\t\t\t\t\t\t<\/div>\n\t\t\t\t<\/div>\n\t\t\t\t\t\t\t\n\t\t\t\t\n\t\t\t\t<div class=\"wd-accordion-item\">\n\t\t\t\t\t<div class=\"wd-accordion-title font-text wd-fontsize-s wd-font-weight-600\" data-accordion-index=\"4\">\n\t\t\t\t\t\t<div class=\"wd-accordion-title-text\">\n\t\t\t\t\t\t\t\t\t\t\t\t\t\t<span>\n\t\t\t\t\t\t\t\tT\u00f4i c\u00f3 y\u00eau c\u1ea7u b\u00e1o gi\u00e1, t\u00f4i n\u00ean li\u00ean h\u1ec7 v\u1edbi ai?\t\t\t\t\t\t\t<\/span>\n\t\t\t\t\t\t<\/div>\n\t\t\t\t\t\t<span class=\"wd-accordion-opener\"><\/span>\n\t\t\t\t\t<\/div>\n\n\t\t\t\t\t<div class=\"wd-accordion-content wd-entry-content\" data-accordion-index=\"4\">\n\t\t\t\t\t\t\t\t\t\t\t\t\t<p>Vui l\u00f2ng li\u00ean h\u1ec7 v\u1edbi c\u00e1c qu\u1ea3n l\u00fd b\u00e1n h\u00e0ng qu\u1ed1c t\u1ebf c\u1ee7a ch\u00fang t\u00f4i. H\u1ecd c\u00f3 th\u1ec3 h\u1ed7 tr\u1ee3 qu\u00fd kh\u00e1ch trong vi\u1ec7c thu th\u1eadp th\u00eam th\u00f4ng tin.<\/p>\n\t\t\t\t\t\t\t\t\t\t\t<\/div>\n\t\t\t\t<\/div>\n\t\t\t\t\t\t\t\t\t\t\t\t\t\t<\/div>\n\n\t\t<\/div><\/div><\/div><div class=\"wpb_column vc_column_container vc_col-sm-12 vc_col-lg-6 vc_col-md-6\"><div class=\"vc_column-inner vc_custom_1496938627545\"><div class=\"wpb_wrapper\">\n\t\t<div id=\"wd-618257efccdb8\" class=\"wd-accordion wd-wpb wd-rs-618257efccdb8  wd-style-default wd-titles-left wd-opener-pos-right wd-opener-style-arrow\" data-state=\"first\">\n\t\t\t\t\t\t\t\n\t\t\t\t\n\t\t\t\t<div class=\"wd-accordion-item\">\n\t\t\t\t\t<div class=\"wd-accordion-title wd-active font-text wd-fontsize-s wd-font-weight-600\" data-accordion-index=\"0\">\n\t\t\t\t\t\t<div class=\"wd-accordion-title-text\">\n\t\t\t\t\t\t\t\t\t\t\t\t\t\t<span>\n\t\t\t\t\t\t\t\tT\u00f4i c\u00f3 th\u1ec3 t\u00ecm th\u1ea5y c\u00e1c ch\u1ee9ng nh\u1eadn m\u00f4i tr\u01b0\u1eddng, nh\u01b0 c\u00e1c tuy\u00ean b\u1ed1 v\u1ec1 REACH ho\u1eb7c RoHS \u1edf \u0111\u00e2u?\t\t\t\t\t\t\t<\/span>\n\t\t\t\t\t\t<\/div>\n\t\t\t\t\t\t<span class=\"wd-accordion-opener\"><\/span>\n\t\t\t\t\t<\/div>\n\n\t\t\t\t\t<div class=\"wd-accordion-content wd-entry-content wd-active\" data-accordion-index=\"0\">\n\t\t\t\t\t\t\t\t\t\t\t\t\t<p>Vui l\u00f2ng truy c\u1eadp Ch\u1ee9ng nh\u1eadn m\u00f4i tr\u01b0\u1eddng N\u1ebfu qu\u00fd v\u1ecb c\u1ea7n c\u00e1c phi\u00ean b\u1ea3n c\u1ee5 th\u1ec3 c\u1ee7a c\u00e1c t\u00e0i li\u1ec7u n\u00e0y, vui l\u00f2ng g\u1eedi y\u00eau c\u1ea7u cho ch\u00fang t\u00f4i qua bi\u1ec3u m\u1eabu H\u1ed7 tr\u1ee3 k\u1ef9 thu\u1eadt.<\/p>\n\t\t\t\t\t\t\t\t\t\t\t<\/div>\n\t\t\t\t<\/div>\n\t\t\t\t\t\t\t\n\t\t\t\t\n\t\t\t\t<div class=\"wd-accordion-item\">\n\t\t\t\t\t<div class=\"wd-accordion-title font-text wd-fontsize-s wd-font-weight-600\" data-accordion-index=\"1\">\n\t\t\t\t\t\t<div class=\"wd-accordion-title-text\">\n\t\t\t\t\t\t\t\t\t\t\t\t\t\t<span>\n\t\t\t\t\t\t\t\tT\u00f4i c\u00f3 m\u1ed9t c\u00e2u h\u1ecfi li\u00ean quan \u0111\u1ebfn \u0111\u01a1n h\u00e0ng m\u00e0 t\u00f4i \u0111\u00e3 \u0111\u1eb7t t\u1ea1i Goodwork, t\u00f4i n\u00ean li\u00ean h\u1ec7 v\u1edbi ai?\t\t\t\t\t\t\t<\/span>\n\t\t\t\t\t\t<\/div>\n\t\t\t\t\t\t<span class=\"wd-accordion-opener\"><\/span>\n\t\t\t\t\t<\/div>\n\n\t\t\t\t\t<div class=\"wd-accordion-content wd-entry-content\" data-accordion-index=\"1\">\n\t\t\t\t\t\t\t\t\t\t\t\t\t<p>B\u1ea1n c\u00f3 th\u1ec3 li\u00ean h\u1ec7 v\u1edbi Trung t\u00e2m H\u1ed7 tr\u1ee3 Kh\u00e1ch h\u00e0ng c\u1ee7a ch\u00fang t\u00f4i qua \u0111\u1ecba ch\u1ec9 email sivian@GKdiode.com. B\u1ea1n s\u1ebd nh\u1eadn \u0111\u01b0\u1ee3c ph\u1ea3n h\u1ed3i trong v\u00f2ng 24 gi\u1edd k\u1ec3 t\u1eeb khi nh\u1eadn \u0111\u01b0\u1ee3c tin nh\u1eafn, ho\u1eb7c trong c\u00f9ng ng\u00e0y l\u00e0m vi\u1ec7c n\u1ebfu c\u00f3 th\u1ec3. N\u1ebfu b\u1ea1n c\u1ea7n h\u1ed7 tr\u1ee3 ngay l\u1eadp t\u1ee9c, b\u1ea1n c\u00f3 th\u1ec3 li\u00ean h\u1ec7 tr\u1ef1c ti\u1ebfp v\u1edbi Trung t\u00e2m H\u1ed7 tr\u1ee3 Kh\u00e1ch h\u00e0ng qua <strong>+86 158 9977 3661<\/strong>.<\/p>\n\t\t\t\t\t\t\t\t\t\t\t<\/div>\n\t\t\t\t<\/div>\n\t\t\t\t\t\t\t\n\t\t\t\t\n\t\t\t\t<div class=\"wd-accordion-item\">\n\t\t\t\t\t<div class=\"wd-accordion-title font-text wd-fontsize-s wd-font-weight-600\" data-accordion-index=\"2\">\n\t\t\t\t\t\t<div class=\"wd-accordion-title-text\">\n\t\t\t\t\t\t\t\t\t\t\t\t\t\t<span>\n\t\t\t\t\t\t\t\tT\u00f4i c\u00f3 th\u1ec3 t\u00ecm th\u1ea5y c\u00e1c th\u00f4ng s\u1ed1 c\u01a1 b\u1ea3n nh\u01b0 k\u00edch th\u01b0\u1edbc thi\u1ebft b\u1ecb v\u00e0 bao b\u00ec \u1edf \u0111\u00e2u?\t\t\t\t\t\t\t<\/span>\n\t\t\t\t\t\t<\/div>\n\t\t\t\t\t\t<span class=\"wd-accordion-opener\"><\/span>\n\t\t\t\t\t<\/div>\n\n\t\t\t\t\t<div class=\"wd-accordion-content wd-entry-content\" data-accordion-index=\"2\">\n\t\t\t\t\t\t\t\t\t\t\t\t\t<p>B\u1ea3n \u201cDataSheet\u201d c\u00f3 th\u1ec3 t\u1ea3i xu\u1ed1ng t\u1eeb trang s\u1ea3n ph\u1ea9m th\u01b0\u1eddng bao g\u1ed3m b\u1ea3n v\u1ebd \u0111\u00f3ng g\u00f3i v\u00e0 b\u1ea3ng d\u1eef li\u1ec7u k\u00edch th\u01b0\u1edbc. \u0110\u1ec3 c\u00f3 th\u00f4ng tin \u0111\u00f3ng g\u00f3i t\u00f9y ch\u1ec9nh, vui l\u00f2ng li\u00ean h\u1ec7 v\u1edbi b\u1ed9 ph\u1eadn h\u1ed7 tr\u1ee3 k\u1ef9 thu\u1eadt \u0111\u1ec3 nh\u1eadn th\u00eam chi ti\u1ebft.<\/p>\n\t\t\t\t\t\t\t\t\t\t\t<\/div>\n\t\t\t\t<\/div>\n\t\t\t\t\t\t\t\n\t\t\t\t\n\t\t\t\t<div class=\"wd-accordion-item\">\n\t\t\t\t\t<div class=\"wd-accordion-title font-text wd-fontsize-s wd-font-weight-600\" data-accordion-index=\"3\">\n\t\t\t\t\t\t<div class=\"wd-accordion-title-text\">\n\t\t\t\t\t\t\t\t\t\t\t\t\t\t<span>\n\t\t\t\t\t\t\t\tL\u00e0m th\u1ebf n\u00e0o \u0111\u1ec3 y\u00eau c\u1ea7u d\u1ecbch v\u1ee5 h\u1eadu m\u00e3i cho c\u00e1c v\u1ea5n \u0111\u1ec1 v\u1ec1 ch\u1ea5t l\u01b0\u1ee3ng s\u1ea3n ph\u1ea9m?\t\t\t\t\t\t\t<\/span>\n\t\t\t\t\t\t<\/div>\n\t\t\t\t\t\t<span class=\"wd-accordion-opener\"><\/span>\n\t\t\t\t\t<\/div>\n\n\t\t\t\t\t<div class=\"wd-accordion-content wd-entry-content\" data-accordion-index=\"3\">\n\t\t\t\t\t\t\t\t\t\t\t\t\t<p>Gi\u1eef l\u1ea1i c\u00e1c t\u00e0i li\u1ec7u mua h\u00e0ng, th\u00f4ng tin l\u00f4 h\u00e0ng v\u00e0 b\u00e1o c\u00e1o ki\u1ec3m tra l\u1ed7i. G\u1eedi y\u00eau c\u1ea7u c\u1ee7a b\u1ea1n qua k\u00eanh h\u1eadu m\u00e3i tr\u00ean trang web ch\u00ednh th\u1ee9c. Nh\u00e2n vi\u00ean c\u1ee7a ch\u00fang t\u00f4i s\u1ebd x\u00e1c minh t\u00ecnh hu\u1ed1ng v\u00e0 cung c\u1ea5p gi\u1ea3i ph\u00e1p \u0111\u1ed5i tr\u1ea3 ho\u1eb7c s\u1eeda ch\u1eefa.<\/p>\n\t\t\t\t\t\t\t\t\t\t\t<\/div>\n\t\t\t\t<\/div>\n\t\t\t\t\t\t\t\t\t\t\t\t\t\t<\/div>\n\n\t\t<\/div><\/div><\/div><\/div>\n<\/div>","protected":false},"excerpt":{"rendered":"Do you offer free samples? Yes, we provide free samples (USUALLY\u00a010-50\u00a0PCS) for your evaluation; shipping cost is covered by the","protected":false},"author":1,"featured_media":0,"parent":0,"menu_order":0,"comment_status":"closed","ping_status":"closed","template":"","meta":{"_acf_changed":false,"footnotes":""},"class_list":["post-5647","page","type-page","status-publish","hentry"],"acf":[],"aioseo_notices":[],"_links":{"self":[{"href":"https:\/\/www.goodworksemi.com\/vi\/wp-json\/wp\/v2\/pages\/5647","targetHints":{"allow":["GET"]}}],"collection":[{"href":"https:\/\/www.goodworksemi.com\/vi\/wp-json\/wp\/v2\/pages"}],"about":[{"href":"https:\/\/www.goodworksemi.com\/vi\/wp-json\/wp\/v2\/types\/page"}],"author":[{"embeddable":true,"href":"https:\/\/www.goodworksemi.com\/vi\/wp-json\/wp\/v2\/users\/1"}],"replies":[{"embeddable":true,"href":"https:\/\/www.goodworksemi.com\/vi\/wp-json\/wp\/v2\/comments?post=5647"}],"version-history":[{"count":0,"href":"https:\/\/www.goodworksemi.com\/vi\/wp-json\/wp\/v2\/pages\/5647\/revisions"}],"wp:attachment":[{"href":"https:\/\/www.goodworksemi.com\/vi\/wp-json\/wp\/v2\/media?parent=5647"}],"curies":[{"name":"wp","href":"https:\/\/api.w.org\/{rel}","templated":true}]}}