{"id":10557,"date":"2026-01-01T23:58:35","date_gmt":"2026-01-01T15:58:35","guid":{"rendered":"https:\/\/www.goodworksemi.com\/?page_id=10557"},"modified":"2026-01-22T00:39:45","modified_gmt":"2026-01-21T16:39:45","slug":"notebook","status":"publish","type":"page","link":"https:\/\/www.goodworksemi.com\/vi\/consumer\/notebook\/","title":{"rendered":"S\u1ed5 tay"},"content":{"rendered":"<div class=\"wpb-content-wrapper\"><div class=\"vc_row wpb_row vc_row-fluid vc_custom_1666272691679 wd-rs-63514da96d73a\"><div class=\"wpb_column vc_column_container vc_col-sm-12 vc_col-has-fill wd-rs-69295a9d81041\"><div class=\"vc_column-inner vc_custom_1764317862750\"><div class=\"wpb_wrapper\">\n\t\t<div id=\"wd-6958015821817\" class=\"title-wrapper wd-wpb wd-set-mb reset-last-child  wd-rs-6958015821817 wd-title-color-default wd-title-style-default text-left vc_custom_1767375198060 wd-underline-colored\">\n\t\t\t\n\t\t\t<div class=\"liner-continer\">\n\t\t\t\t<h4 class=\"woodmart-title-container title  wd-font-weight- wd-fontsize-m\" >S\u1ed5 tay<\/h4>\n\t\t\t\t\t\t\t<\/div>\n\t\t\t\n\t\t\t\n\t\t\t\n\t\t<\/div>\n\t\t\n\t\t\t\t\t<div id=\"carousel-584\" class=\"wd-carousel-container info-box-carousel-wrapper wd-wpb  vc_custom_1669126738686 wd-rs-637cda47d9060\">\n\t\t\t\t<div class=\"wd-carousel-inner\">\n\t\t\t\t\t<div class=\"wd-carousel wd-grid info-box-carousel\" data-scroll_per_page=\"yes\" style=\"--wd-col-lg:3;--wd-col-md:3;--wd-col-sm:1;--wd-gap-lg:20px;--wd-gap-sm:10px;\">\n\t\t\t\t\t\t<div class=\"wd-carousel-wrap\">\n\t\t\t\t\t\t\t\t\t\t<div class=\"info-box-wrapper wd-carousel-item\">\n\t\t\t\t<div id=\"wd-69295cc32d52e\" class=\"wd-rs-69295cc32d52e wd-info-box wd-wpb text-center box-icon-align-top box-style- color-scheme- wd-bg-none vc_custom_1764318851404\">\n\t\t\t\t\t\t\t\t\t\t\t<div class=\"box-icon-wrapper  box-with-icon box-icon-simple\">\n\t\t\t\t\t\t\t<div class=\"info-box-icon\">\n\n\t\t\t\t\t\t\t\n\t\t\t\t\t\t\t\t\t\t\t\t\t\t\t\t\t<div class=\"info-svg-wrapper\" style=\"width: 64px;height: 64px;\"><img decoding=\"async\"  src=\"https:\/\/www.goodworksemi.com\/wp-content\/themes\/woodmart\/images\/lazy.svg\" data-src=\"https:\/\/www.goodworksemi.com\/wp-content\/uploads\/2025\/11\/logitech-g735-icon-1-1.svg\" loading=\"lazy\" width=\"64\" height=\"64\"><\/div>\t\t\t\t\t\t\t\t\t\t\t\t\t\t\t\n\t\t\t\t\t\t\t<\/div>\n\t\t\t\t\t\t<\/div>\n\t\t\t\t\t\t\t\t\t\t<div class=\"info-box-content\">\n\t\t\t\t\t\t<h4 class=\"info-box-title title box-title-style-default wd-fontsize-m\">S\u1ef1 h\u00e0i l\u00f2ng c\u1ee7a kh\u00e1ch h\u00e0ng<\/h4>\t\t\t\t\t\t<div class=\"info-box-inner reset-last-child\"><p>C\u00e1c quy tr\u00ecnh logistics hi\u1ec7n \u0111\u1ea1i, hi\u1ec7u qu\u1ea3 v\u00e0 h\u01b0\u1edbng \u0111\u1ebfn kh\u00e1ch h\u00e0ng.<\/p>\n<\/div>\n\n\t\t\t\t\t\t\t\t\t\t\t<\/div>\n\n\t\t\t\t\t\n\t\t\t\t\t\t\t\t\t<\/div>\n\t\t\t<\/div>\n\t\t\t\t\t<div class=\"info-box-wrapper wd-carousel-item\">\n\t\t\t\t<div id=\"wd-69580003c50c7\" class=\"wd-rs-69580003c50c7 wd-info-box wd-wpb text-center box-icon-align-top box-style- color-scheme- wd-bg-none vc_custom_1767374862575\">\n\t\t\t\t\t\t\t\t\t\t\t<div class=\"box-icon-wrapper  box-with-icon box-icon-simple\">\n\t\t\t\t\t\t\t<div class=\"info-box-icon\">\n\n\t\t\t\t\t\t\t\n\t\t\t\t\t\t\t\t\t\t\t\t\t\t\t\t\t<div class=\"info-svg-wrapper\" style=\"width: 64px;height: 64px;\"><img decoding=\"async\"  src=\"https:\/\/www.goodworksemi.com\/wp-content\/themes\/woodmart\/images\/lazy.svg\" data-src=\"https:\/\/www.goodworksemi.com\/wp-content\/uploads\/2025\/11\/logitech-g735-icon-2-1.svg\" loading=\"lazy\" width=\"64\" height=\"64\"><\/div>\t\t\t\t\t\t\t\t\t\t\t\t\t\t\t\n\t\t\t\t\t\t\t<\/div>\n\t\t\t\t\t\t<\/div>\n\t\t\t\t\t\t\t\t\t\t<div class=\"info-box-content\">\n\t\t\t\t\t\t<h4 class=\"info-box-title title box-title-style-default wd-fontsize-m\">Ch\u1ea5t l\u01b0\u1ee3ng cao<\/h4>\t\t\t\t\t\t<div class=\"info-box-inner reset-last-child\"><p>M\u1ee9c \u0111\u1ed9 d\u1eef li\u1ec7u l\u1edbn v\u00e0 quy tr\u00ecnh s\u1ea3n xu\u1ea5t \u0111\u00e3 \u0111\u01b0\u1ee3c ch\u1ee9ng minh<\/p>\n<\/div>\n\n\t\t\t\t\t\t\t\t\t\t\t<\/div>\n\n\t\t\t\t\t\n\t\t\t\t\t\t\t\t\t<\/div>\n\t\t\t<\/div>\n\t\t\t\t\t<div class=\"info-box-wrapper wd-carousel-item\">\n\t\t\t\t<div id=\"wd-69295ef679ba8\" class=\"wd-rs-69295ef679ba8 wd-info-box wd-wpb text-center box-icon-align-top box-style- color-scheme- wd-bg-none vc_custom_1764319065005\">\n\t\t\t\t\t\t\t\t\t\t\t<div class=\"box-icon-wrapper  box-with-icon box-icon-simple\">\n\t\t\t\t\t\t\t<div class=\"info-box-icon\">\n\n\t\t\t\t\t\t\t\n\t\t\t\t\t\t\t\t\t\t\t\t\t\t\t\t\t<div class=\"info-svg-wrapper\" style=\"width: 64px;height: 64px;\"><img decoding=\"async\"  src=\"https:\/\/www.goodworksemi.com\/wp-content\/themes\/woodmart\/images\/lazy.svg\" data-src=\"https:\/\/www.goodworksemi.com\/wp-content\/uploads\/2025\/11\/logitech-g735-icon-3-1.svg\" loading=\"lazy\" width=\"64\" height=\"64\"><\/div>\t\t\t\t\t\t\t\t\t\t\t\t\t\t\t\n\t\t\t\t\t\t\t<\/div>\n\t\t\t\t\t\t<\/div>\n\t\t\t\t\t\t\t\t\t\t<div class=\"info-box-content\">\n\t\t\t\t\t\t<h4 class=\"info-box-title title box-title-style-default wd-fontsize-m\">\u0110\u01b0\u1ee3c ch\u1ee9ng nh\u1eadn cao c\u1ea5p<\/h4>\t\t\t\t\t\t<div class=\"info-box-inner reset-last-child\"><p>H\u01a1n 25 n\u0103m kinh nghi\u1ec7m trong l\u0129nh v\u1ef1c c\u00f4ng ngh\u1ec7 v\u00e0 s\u1ea3n xu\u1ea5t.<\/p>\n<\/div>\n\n\t\t\t\t\t\t\t\t\t\t\t<\/div>\n\n\t\t\t\t\t\n\t\t\t\t\t\t\t\t\t<\/div>\n\t\t\t<\/div>\n\t\t\t\t\t\t\t\t<\/div>\n\t\t\t\t\t<\/div>\n\n\t\t\t\t\t\t\t\t\t\t\t\t\t<div class=\"wd-nav-arrows wd-pos-sep wd-hover-1 wd-icon-1\">\n\t\t\t<div class=\"wd-btn-arrow wd-prev wd-disabled\">\n\t\t\t\t<div class=\"wd-arrow-inner\"><\/div>\n\t\t\t<\/div>\n\t\t\t<div class=\"wd-btn-arrow wd-next\">\n\t\t\t\t<div class=\"wd-arrow-inner\"><\/div>\n\t\t\t<\/div>\n\t\t<\/div>\n\t\t\t\t\t\t\t\t\t\t\t<\/div>\n\n\t\t\t\t\t\t\t\t\t\t\t<\/div>\n\t\t<div class=\"vc_row wpb_row vc_inner vc_row-fluid\"><div class=\"wpb_column vc_column_container vc_col-sm-12\"><div class=\"vc_column-inner\"><div class=\"wpb_wrapper\">\t\t<div id=\"wd-69580b54c41d0\" class=\"wd-text-block wd-wpb reset-last-child wd-rs-69580b54c41d0 text-left vc_custom_1767377754838\">\n\t\t\t<h4>C\u00e1c th\u00e0nh ph\u1ea7n Goodwork \u0111\u01b0\u1ee3c s\u1eed d\u1ee5ng<\/h4>\n<ul>\n<li>MOSFET<\/li>\n<li>LDOs<\/li>\n<li>\u0110i\u1ed1t<\/li>\n<li>B\u1ed9 ch\u1ec9nh l\u01b0u<\/li>\n<li>Thi\u1ebft b\u1ecb b\u1ea3o v\u1ec7 ch\u1ed1ng t\u0129nh \u0111i\u1ec7n<\/li>\n<\/ul>\n\t\t<\/div>\n\t\t\n\t<div class=\"wpb_text_column wpb_content_element vc_custom_1767375237893\" >\n\t\t<div class=\"wpb_wrapper\">\n\t\t\t<p>Thi\u1ebft k\u1ebf m\u00e1y t\u00ednh x\u00e1ch tay \u0111\u01b0\u1ee3c chia th\u00e0nh hai ph\u00e2n kh\u00fac: Ngu\u1ed3n \u0111i\u1ec7n v\u00e0 Ph\u1ea7n c\u1ee9ng. Ph\u00e2n kh\u00fac Ngu\u1ed3n \u0111i\u1ec7n li\u00ean quan \u0111\u1ebfn c\u00e1c ngu\u1ed3n \u0111i\u1ec7n cho thi\u1ebft b\u1ecb ph\u1ea7n c\u1ee9ng. \u0110\u1ed1i v\u1edbi ngu\u1ed3n \u0111i\u1ec7n, vi\u1ec7c s\u1eed d\u1ee5ng ch\u1ebf \u0111\u1ed9 chuy\u1ec3n m\u1ea1ch l\u00e0 m\u1ed9t ph\u01b0\u01a1ng ph\u00e1p tuy\u1ec7t v\u1eddi \u0111\u1ec3 n\u00e2ng cao hi\u1ec7u su\u1ea5t c\u1ee7a b\u1ed9 chuy\u1ec3n \u0111\u1ed5i. D\u00f2ng \u0111i\u1ec7n cao l\u00e0 \u0111\u1eb7c \u0111i\u1ec3m ch\u00ednh c\u1ee7a n\u00f3. C\u00e1c ngu\u1ed3n \u0111i\u1ec7n s\u1eed d\u1ee5ng c\u00f4ng ngh\u1ec7 n\u00e0y bao g\u1ed3m CPU, h\u1ec7 th\u1ed1ng DDR, b\u1ed9 \u0111i\u1ec1u khi\u1ec3n chipset, b\u1ed9 s\u1ea1c v\u00e0 ngu\u1ed3n \u0111i\u1ec7n VGA. Ngu\u1ed3n \u0111i\u1ec7n tuy\u1ebfn t\u00ednh c\u00f3 \u0111\u1ed9 s\u1ee5t \u00e1p th\u1ea5p l\u00e0 m\u1ed9t gi\u1ea3i ph\u00e1p kh\u00e1c \u0111\u1ec3 n\u00e2ng cao hi\u1ec7u su\u1ea5t c\u1ee7a b\u1ed9 chuy\u1ec3n \u0111\u1ed5i. \u01afu \u0111i\u1ec3m ch\u00ednh c\u1ee7a n\u00f3 l\u00e0 gi\u00e1 th\u00e0nh th\u1ea5p h\u01a1n v\u00e0 m\u1ea1ch \u0111i\u1ec7n \u0111\u01a1n gi\u1ea3n.<\/p>\n\n\t\t<\/div>\n\t<\/div>\n<\/div><\/div><\/div><\/div><\/div><\/div><\/div><\/div><div class=\"vc_row wpb_row vc_row-fluid vc_custom_1767374962254 vc_row-has-fill wd-rs-6958003ac74d4\"><div class=\"wpb_column vc_column_container vc_col-sm-4 vc_col-has-fill wd-rs-6940181b78349\"><div class=\"vc_column-inner vc_custom_1765808171121\"><div class=\"wpb_wrapper\">\n\t\t<div id=\"wd-6937f36d4caf1\" class=\"title-wrapper wd-wpb wd-set-mb reset-last-child  wd-rs-6937f36d4caf1 wd-title-color-white wd-title-style-default text-left vc_custom_1765274494251 wd-underline-colored\">\n\t\t\t\n\t\t\t<div class=\"liner-continer\">\n\t\t\t\t<h4 class=\"woodmart-title-container title  wd-font-weight- wd-fontsize-l\" >Tham gia-<u> Hoa K\u1ef3 <\/u> v\u1edbi t\u01b0 c\u00e1ch l\u00e0 Nh\u00e0 ph\u00e2n ph\u1ed1i to\u00e0n c\u1ea7u<\/h4>\n\t\t\t\t\t\t\t<\/div>\n\t\t\t\n\t\t\t\n\t\t\t\n\t\t<\/div>\n\t\t\n\t\t\t\t<div id=\"wd-6937f2928104f\" class=\"wd-text-block wd-wpb reset-last-child wd-rs-6937f2928104f text-left wd-width-enabled wd-fontsize-xs vc_custom_1765274265819\" style=\"--wd-max-width: 90%;\">\n\t\t\t<p>GOODWORK Semicon \u0111ang t\u00ecm ki\u1ebfm c\u00e1c nh\u00e0 ph\u00e2n ph\u1ed1i to\u00e0n c\u1ea7u \u0111\u1ec3 m\u1edf r\u1ed9ng ph\u1ea1m vi ho\u1ea1t \u0111\u1ed9ng c\u1ee7a ch\u00fang t\u00f4i. Ch\u00fang t\u00f4i cung c\u1ea5p h\u1ed7 tr\u1ee3 k\u1ef9 thu\u1eadt v\u00e0 c\u00f4ng ngh\u1ec7 to\u00e0n di\u1ec7n \u0111\u1ec3 \u0111\u1ea3m b\u1ea3o th\u00e0nh c\u00f4ng c\u1ee7a qu\u00fd v\u1ecb trong vi\u1ec7c cung c\u1ea5p c\u00e1c gi\u1ea3i ph\u00e1p b\u00e1n d\u1eabn ch\u1ea5t l\u01b0\u1ee3ng cao tr\u00ean to\u00e0n th\u1ebf gi\u1edbi.<\/p>\n\t\t<\/div>\n\t\t<div id=\"wd-6957f104959be\" class=\"wd-rs-6957f104959be vc_custom_1767371026815 wd-button-wrapper text-left\"><a href=\"https:\/\/www.goodworksemi.com\/recruiting-global-agents\/\" title=\"\" class=\"btn btn-color-white btn-style-link btn-shape-rectangle btn-size-default\">XEM TH\u00caM<\/a><\/div><\/div><\/div><\/div><div class=\"wpb_column vc_column_container vc_col-sm-4 wd-rs-693fdf9ae9d1c\"><div class=\"vc_column-inner\"><div class=\"wpb_wrapper\"><\/div><\/div><\/div><div class=\"wpb_column vc_column_container vc_col-sm-4\"><div class=\"vc_column-inner\"><div class=\"wpb_wrapper\"><\/div><\/div><\/div><\/div><div class=\"vc_row wpb_row vc_row-fluid vc_custom_1765793962420 wd-rs-693fe0a2098fa\"><div class=\"wpb_column vc_column_container vc_col-sm-12 wd-rs-63514db6c5d19\"><div class=\"vc_column-inner vc_custom_1666272699823\"><div class=\"wpb_wrapper\">\t\t\t<div id=\"carousel-244\" class=\"wd-carousel-container info-box-carousel-wrapper wd-wpb   wd-rs-6970e70b154f6\">\n\t\t\t\t<div class=\"wd-carousel-inner\">\n\t\t\t\t\t<div class=\"wd-carousel wd-grid info-box-carousel\" style=\"--wd-col-lg:6;--wd-col-md:4;--wd-col-sm:2;--wd-gap-lg:30px;--wd-gap-sm:10px;\">\n\t\t\t\t\t\t<div class=\"wd-carousel-wrap\">\n\t\t\t\t\t\t\t\t\t\t<div class=\"info-box-wrapper wd-carousel-item\">\n\t\t\t\t<div id=\"wd-69710129ba313\" class=\"wd-animation-zoom-in wd-animation-normal wd-rs-69710129ba313 wd-info-box wd-wpb text-center box-icon-align-top box-style-shadow color-scheme- wd-bg-none wd-off-anim wpb_animate_when_almost_visible wpb_wd-slide-from-bottom wd-slide-from-bottom wd-anim-name_wd-slide-from-bottom\">\n\t\t\t\t\t\t\t\t\t\t\t<div class=\"box-icon-wrapper  box-with-icon box-icon-simple\">\n\t\t\t\t\t\t\t<div class=\"info-box-icon\">\n\n\t\t\t\t\t\t\t\n\t\t\t\t\t\t\t\t\t\t\t\t\t\t\t\t\t<img decoding=\"async\" width=\"260\" height=\"260\" src=\"https:\/\/www.goodworksemi.com\/wp-content\/uploads\/2026\/01\/SMAF.png\" class=\"attachment-full size-full\" alt=\"\" srcset=\"https:\/\/www.goodworksemi.com\/wp-content\/uploads\/2026\/01\/SMAF.png 260w, https:\/\/www.goodworksemi.com\/wp-content\/uploads\/2026\/01\/SMAF-150x150.png 150w, https:\/\/www.goodworksemi.com\/wp-content\/uploads\/2026\/01\/SMAF-12x12.png 12w\" sizes=\"(max-width: 260px) 100vw, 260px\" \/>\t\t\t\t\t\t\t\t\t\t\t\t\t\t\t\n\t\t\t\t\t\t\t<\/div>\n\t\t\t\t\t\t<\/div>\n\t\t\t\t\t\t\t\t\t\t<div class=\"info-box-content\">\n\t\t\t\t\t\t<h4 class=\"info-box-title title box-title-style-default wd-fontsize-m\">SMAF<\/h4>\t\t\t\t\t\t<div class=\"info-box-inner reset-last-child\"><\/div>\n\n\t\t\t\t\t\t\t\t\t\t\t<\/div>\n\n\t\t\t\t\t\n\t\t\t\t\t\t\t\t\t<\/div>\n\t\t\t<\/div>\n\t\t\t\t\t<div class=\"info-box-wrapper wd-carousel-item\">\n\t\t\t\t<div id=\"wd-6970e8fa65753\" class=\"wd-animation-zoom-in wd-animation-normal wd-rs-6970e8fa65753 wd-info-box wd-wpb text-center box-icon-align-top box-style-shadow color-scheme- wd-bg-none wd-off-anim wpb_animate_when_almost_visible wpb_wd-slide-from-bottom wd-slide-from-bottom wd-anim-name_wd-slide-from-bottom\">\n\t\t\t\t\t\t\t\t\t\t\t<div class=\"box-icon-wrapper  box-with-icon box-icon-simple\">\n\t\t\t\t\t\t\t<div class=\"info-box-icon\">\n\n\t\t\t\t\t\t\t\n\t\t\t\t\t\t\t\t\t\t\t\t\t\t\t\t\t<img decoding=\"async\" width=\"260\" height=\"260\" src=\"https:\/\/www.goodworksemi.com\/wp-content\/uploads\/2026\/01\/SOD-323.png\" class=\"attachment-full size-full\" alt=\"\" srcset=\"https:\/\/www.goodworksemi.com\/wp-content\/uploads\/2026\/01\/SOD-323.png 260w, https:\/\/www.goodworksemi.com\/wp-content\/uploads\/2026\/01\/SOD-323-150x150.png 150w, https:\/\/www.goodworksemi.com\/wp-content\/uploads\/2026\/01\/SOD-323-12x12.png 12w\" sizes=\"(max-width: 260px) 100vw, 260px\" \/>\t\t\t\t\t\t\t\t\t\t\t\t\t\t\t\n\t\t\t\t\t\t\t<\/div>\n\t\t\t\t\t\t<\/div>\n\t\t\t\t\t\t\t\t\t\t<div class=\"info-box-content\">\n\t\t\t\t\t\t<h4 class=\"info-box-title title box-title-style-default wd-fontsize-m\">SOD-323<\/h4>\t\t\t\t\t\t<div class=\"info-box-inner reset-last-child\"><\/div>\n\n\t\t\t\t\t\t\t\t\t\t\t<\/div>\n\n\t\t\t\t\t\n\t\t\t\t\t\t\t\t\t<\/div>\n\t\t\t<\/div>\n\t\t\t\t\t<div class=\"info-box-wrapper wd-carousel-item\">\n\t\t\t\t<div id=\"wd-6970e8675df76\" class=\"wd-animation-zoom-in wd-animation-normal wd-rs-6970e8675df76 wd-info-box wd-wpb text-center box-icon-align-top box-style-shadow color-scheme- wd-bg-none wd-off-anim wpb_animate_when_almost_visible wpb_wd-slide-from-bottom wd-slide-from-bottom wd-anim-name_wd-slide-from-bottom\">\n\t\t\t\t\t\t\t\t\t\t\t<div class=\"box-icon-wrapper  box-with-icon box-icon-simple\">\n\t\t\t\t\t\t\t<div class=\"info-box-icon\">\n\n\t\t\t\t\t\t\t\n\t\t\t\t\t\t\t\t\t\t\t\t\t\t\t\t\t<img decoding=\"async\" width=\"260\" height=\"260\" src=\"https:\/\/www.goodworksemi.com\/wp-content\/uploads\/2026\/01\/SOT-23.png\" class=\"attachment-800x600 size-800x600\" alt=\"\" srcset=\"https:\/\/www.goodworksemi.com\/wp-content\/uploads\/2026\/01\/SOT-23.png 260w, https:\/\/www.goodworksemi.com\/wp-content\/uploads\/2026\/01\/SOT-23-150x150.png 150w, https:\/\/www.goodworksemi.com\/wp-content\/uploads\/2026\/01\/SOT-23-12x12.png 12w\" sizes=\"(max-width: 260px) 100vw, 260px\" \/>\t\t\t\t\t\t\t\t\t\t\t\t\t\t\t\n\t\t\t\t\t\t\t<\/div>\n\t\t\t\t\t\t<\/div>\n\t\t\t\t\t\t\t\t\t\t<div class=\"info-box-content\">\n\t\t\t\t\t\t<h4 class=\"info-box-title title box-title-style-default wd-fontsize-m\">SOT-23<\/h4>\t\t\t\t\t\t<div class=\"info-box-inner reset-last-child\"><\/div>\n\n\t\t\t\t\t\t\t\t\t\t\t<\/div>\n\n\t\t\t\t\t\n\t\t\t\t\t\t\t\t\t<\/div>\n\t\t\t<\/div>\n\t\t\t\t\t<div class=\"info-box-wrapper wd-carousel-item\">\n\t\t\t\t<div id=\"wd-6970e899cf0c7\" class=\"wd-animation-zoom-in wd-animation-normal wd-rs-6970e899cf0c7 wd-info-box wd-wpb text-center box-icon-align-top box-style-shadow color-scheme- wd-bg-none wd-off-anim wpb_animate_when_almost_visible wpb_wd-slide-from-bottom wd-slide-from-bottom wd-anim-name_wd-slide-from-bottom\">\n\t\t\t\t\t\t\t\t\t\t\t<div class=\"box-icon-wrapper  box-with-icon box-icon-simple\">\n\t\t\t\t\t\t\t<div class=\"info-box-icon\">\n\n\t\t\t\t\t\t\t\n\t\t\t\t\t\t\t\t\t\t\t\t\t\t\t\t\t<img decoding=\"async\" width=\"260\" height=\"260\" src=\"https:\/\/www.goodworksemi.com\/wp-content\/uploads\/2026\/01\/SOT89.png\" class=\"attachment-800x600 size-800x600\" alt=\"\" srcset=\"https:\/\/www.goodworksemi.com\/wp-content\/uploads\/2026\/01\/SOT89.png 260w, https:\/\/www.goodworksemi.com\/wp-content\/uploads\/2026\/01\/SOT89-150x150.png 150w, https:\/\/www.goodworksemi.com\/wp-content\/uploads\/2026\/01\/SOT89-12x12.png 12w\" sizes=\"(max-width: 260px) 100vw, 260px\" \/>\t\t\t\t\t\t\t\t\t\t\t\t\t\t\t\n\t\t\t\t\t\t\t<\/div>\n\t\t\t\t\t\t<\/div>\n\t\t\t\t\t\t\t\t\t\t<div class=\"info-box-content\">\n\t\t\t\t\t\t<h4 class=\"info-box-title title box-title-style-default wd-fontsize-m\">SOT89<\/h4>\t\t\t\t\t\t<div class=\"info-box-inner reset-last-child\"><\/div>\n\n\t\t\t\t\t\t\t\t\t\t\t<\/div>\n\n\t\t\t\t\t\n\t\t\t\t\t\t\t\t\t<\/div>\n\t\t\t<\/div>\n\t\t\t\t\t\t\t\t<\/div>\n\t\t\t\t\t<\/div>\n\n\t\t\t\t\t\t\t\t\t<\/div>\n\n\t\t\t\t\t\t\t\t\t\t\t<\/div>\n\t\t<\/div><\/div><\/div><\/div><div class=\"vc_row wpb_row vc_row-fluid vc_custom_1764321777397 vc_row-o-content-middle vc_row-flex wd-rs-692969eb8d5b4\"><div class=\"wpb_column vc_column_container vc_col-sm-12 vc_col-lg-6 vc_col-md-5 wd-rs-69299dfe72c8d\"><div class=\"vc_column-inner vc_custom_1764335106401\"><div class=\"wpb_wrapper\">\n\t\t<div id=\"wd-69299da855c6b\" class=\"title-wrapper wd-wpb wd-set-mb reset-last-child  wd-rs-69299da855c6b wd-title-color-default wd-title-style-default text-left vc_custom_1764335098275 wd-width-enabled wd-underline-colored\" style=\"--wd-max-width: 90%;\">\n\t\t\t\n\t\t\t<div class=\"liner-continer\">\n\t\t\t\t<h4 class=\"woodmart-title-container title  wd-font-weight- wd-fontsize-l\" >H\u1ec7 th\u1ed1ng Qu\u1ea3n l\u00fd Ch\u1ea5t l\u01b0\u1ee3ng<\/h4>\n\t\t\t\t\t\t\t<\/div>\n\t\t\t\n\t\t\t\t\t\t\t<div class=\"title-after_title reset-last-child  wd-fontsize-xs\">Qu\u1ea3n l\u00fd nghi\u00eam ng\u1eb7t h\u1ed7 tr\u1ee3 s\u1ef1 ph\u00e1t tri\u1ec3n ch\u1ea5t l\u01b0\u1ee3ng cao c\u1ee7a ch\u00fang t\u00f4i. Ch\u00fang t\u00f4i \u0111\u00e3 \u0111\u01b0\u1ee3c ch\u1ee9ng nh\u1eadn theo ti\u00eau chu\u1ea9n ISO14001, ISO9001 v\u00e0 IATF16949, v\u00e0 t\u1ea5t c\u1ea3 s\u1ea3n ph\u1ea9m v\u00e0 v\u1eadt li\u1ec7u \u0111\u1ec1u tu\u00e2n th\u1ee7 \u0111\u1ea7y \u0111\u1ee7 c\u00e1c y\u00eau c\u1ea7u m\u00f4i tr\u01b0\u1eddng c\u1ee7a EU RoHS, REACH v\u00e0 c\u00e1c quy \u0111\u1ecbnh li\u00ean quan kh\u00e1c.<\/div>\n\t\t\t\n\t\t\t\n\t\t<\/div>\n\t\t\n\t\t<div id=\"wd-692969831a7e5\" class=\"wd-rs-692969831a7e5  wd-button-wrapper text-center inline-element\"><a href=\"https:\/\/www.goodworksemi.com\/about-us\/company\/\" title=\"\" class=\"btn btn-color-primary btn-style-default btn-shape-rectangle btn-size-default\">XEM TH\u00caM<\/a><\/div><\/div><\/div><\/div><div class=\"wpb_column vc_column_container vc_col-sm-12 vc_col-lg-6 vc_col-md-7\"><div class=\"vc_column-inner\"><div class=\"wpb_wrapper\"><div class=\"vc_row wpb_row vc_inner vc_row-fluid\"><div class=\"wpb_column vc_column_container vc_col-sm-12 vc_col-lg-6 vc_col-md-6\"><div class=\"vc_column-inner\"><div class=\"wpb_wrapper\">\t\t\t<div class=\"info-box-wrapper\">\n\t\t\t\t<div id=\"wd-692966cd9733e\" class=\"wd-rs-692966cd9733e wd-info-box wd-wpb text-left box-icon-align-left box-style- color-scheme- wd-bg-none wd-items-top\">\n\t\t\t\t\t\t\t\t\t\t\t<div class=\"box-icon-wrapper  box-with-icon box-icon-with-bg\">\n\t\t\t\t\t\t\t<div class=\"info-box-icon\">\n\n\t\t\t\t\t\t\t\n\t\t\t\t\t\t\t\t\t\t\t\t\t\t\t\t\t<img decoding=\"async\" width=\"45\" height=\"45\" src=\"https:\/\/www.goodworksemi.com\/wp-content\/uploads\/2025\/11\/ISO9001-45x45.png\" class=\"attachment-45x45 size-45x45\" alt=\"\" srcset=\"https:\/\/www.goodworksemi.com\/wp-content\/uploads\/2025\/11\/ISO9001-45x45.png 45w, https:\/\/www.goodworksemi.com\/wp-content\/uploads\/2025\/11\/ISO9001-150x150.png 150w, https:\/\/www.goodworksemi.com\/wp-content\/uploads\/2025\/11\/ISO9001.png 200w\" sizes=\"(max-width: 45px) 100vw, 45px\" \/>\t\t\t\t\t\t\t\t\t\t\t\t\t\t\t\n\t\t\t\t\t\t\t<\/div>\n\t\t\t\t\t\t<\/div>\n\t\t\t\t\t\t\t\t\t\t<div class=\"info-box-content\">\n\t\t\t\t\t\t<h4 class=\"info-box-title title box-title-style-default wd-fontsize-m\">Ti\u00eau chu\u1ea9n ISO 9001<\/h4>\t\t\t\t\t\t<div class=\"info-box-inner reset-last-child\"><p>GOODWORK Semiconductor \u2013 C\u00e1c gi\u1ea3i ph\u00e1p diode, MOSFET v\u00e0 ch\u1ec9nh l\u01b0u \u0111\u00e1ng tin c\u1eady cho thi\u1ebft b\u1ecb \u0111i\u1ec7n t\u1eed c\u00f4ng nghi\u1ec7p v\u00e0 ti\u00eau d\u00f9ng.<\/p>\n<\/div>\n\n\t\t\t\t\t\t\t\t\t\t\t<\/div>\n\n\t\t\t\t\t\n\t\t\t\t\t\t\t\t\t<\/div>\n\t\t\t<\/div>\n\t\t\t\t\t<div class=\"info-box-wrapper\">\n\t\t\t\t<div id=\"wd-69296873dceb8\" class=\"wd-rs-69296873dceb8 wd-info-box wd-wpb text-left box-icon-align-left box-style- color-scheme- wd-bg-none wd-items-top vc_custom_1764321451550\">\n\t\t\t\t\t\t\t\t\t\t\t<div class=\"box-icon-wrapper  box-with-icon box-icon-with-bg\">\n\t\t\t\t\t\t\t<div class=\"info-box-icon\">\n\n\t\t\t\t\t\t\t\n\t\t\t\t\t\t\t\t\t\t\t\t\t\t\t\t\t<img decoding=\"async\" width=\"45\" height=\"45\" src=\"https:\/\/www.goodworksemi.com\/wp-content\/uploads\/2025\/11\/ISO14001-1-45x45.png\" class=\"attachment-45x45 size-45x45\" alt=\"\" srcset=\"https:\/\/www.goodworksemi.com\/wp-content\/uploads\/2025\/11\/ISO14001-1-45x45.png 45w, https:\/\/www.goodworksemi.com\/wp-content\/uploads\/2025\/11\/ISO14001-1-150x150.png 150w, https:\/\/www.goodworksemi.com\/wp-content\/uploads\/2025\/11\/ISO14001-1.png 200w\" sizes=\"(max-width: 45px) 100vw, 45px\" \/>\t\t\t\t\t\t\t\t\t\t\t\t\t\t\t\n\t\t\t\t\t\t\t<\/div>\n\t\t\t\t\t\t<\/div>\n\t\t\t\t\t\t\t\t\t\t<div class=\"info-box-content\">\n\t\t\t\t\t\t<h4 class=\"info-box-title title box-title-style-default wd-fontsize-m\">Ti\u00eau chu\u1ea9n ISO 14001<\/h4>\t\t\t\t\t\t<div class=\"info-box-inner reset-last-child\"><p>\u0110i\u1ed1t v\u00e0 Thi\u1ebft b\u1ecb N\u0103ng l\u01b0\u1ee3ng \u0110\u01b0\u1ee3c Thi\u1ebft K\u1ebf Ch\u00ednh X\u00e1c | GOODWORK Semiconductor<\/p>\n<\/div>\n\n\t\t\t\t\t\t\t\t\t\t\t<\/div>\n\n\t\t\t\t\t\n\t\t\t\t\t\t\t\t\t<\/div>\n\t\t\t<\/div>\n\t\t<\/div><\/div><\/div><div class=\"wpb_column vc_column_container vc_col-sm-12 vc_col-lg-6 vc_col-md-6\"><div class=\"vc_column-inner\"><div class=\"wpb_wrapper\">\t\t\t<div class=\"info-box-wrapper\">\n\t\t\t\t<div id=\"wd-694b44a5a8f7f\" class=\"wd-rs-694b44a5a8f7f wd-info-box wd-wpb text-left box-icon-align-left box-style- color-scheme- wd-bg-none wd-items-top vc_custom_1766540463104\">\n\t\t\t\t\t\t\t\t\t\t\t<div class=\"box-icon-wrapper  box-with-icon box-icon-with-bg\">\n\t\t\t\t\t\t\t<div class=\"info-box-icon\">\n\n\t\t\t\t\t\t\t\n\t\t\t\t\t\t\t\t\t\t\t\t\t\t\t\t\t<img decoding=\"async\" width=\"45\" height=\"45\" src=\"https:\/\/www.goodworksemi.com\/wp-content\/uploads\/2025\/11\/IATF16949-1-45x45.png\" class=\"attachment-45x45 size-45x45\" alt=\"\" srcset=\"https:\/\/www.goodworksemi.com\/wp-content\/uploads\/2025\/11\/IATF16949-1-45x45.png 45w, https:\/\/www.goodworksemi.com\/wp-content\/uploads\/2025\/11\/IATF16949-1-150x150.png 150w, https:\/\/www.goodworksemi.com\/wp-content\/uploads\/2025\/11\/IATF16949-1.png 200w\" sizes=\"(max-width: 45px) 100vw, 45px\" \/>\t\t\t\t\t\t\t\t\t\t\t\t\t\t\t\n\t\t\t\t\t\t\t<\/div>\n\t\t\t\t\t\t<\/div>\n\t\t\t\t\t\t\t\t\t\t<div class=\"info-box-content\">\n\t\t\t\t\t\t<h4 class=\"info-box-title title box-title-style-default wd-fontsize-m\">Ti\u00eau chu\u1ea9n IATF 16949<\/h4>\t\t\t\t\t\t<div class=\"info-box-inner reset-last-child\"><p>C\u00e1c linh ki\u1ec7n b\u00e1n d\u1eabn \u0111\u01b0\u1ee3c ch\u1ee9ng nh\u1eadn cho ng\u00e0nh \u00f4 t\u00f4, c\u00f4ng nghi\u1ec7p v\u00e0 h\u1ec7 th\u1ed1ng \u0111i\u1ec7n.<\/p>\n<\/div>\n\n\t\t\t\t\t\t\t\t\t\t\t<\/div>\n\n\t\t\t\t\t\n\t\t\t\t\t\t\t\t\t<\/div>\n\t\t\t<\/div>\n\t\t\t\t\t<div class=\"info-box-wrapper\">\n\t\t\t\t<div id=\"wd-692969b9d143e\" class=\"wd-rs-692969b9d143e wd-info-box wd-wpb text-left box-icon-align-left box-style- color-scheme- wd-bg-none wd-items-top vc_custom_1764321724924\">\n\t\t\t\t\t\t\t\t\t\t\t<div class=\"box-icon-wrapper  box-with-icon box-icon-with-bg\">\n\t\t\t\t\t\t\t<div class=\"info-box-icon\">\n\n\t\t\t\t\t\t\t\n\t\t\t\t\t\t\t\t\t\t\t\t\t\t\t\t\t<img decoding=\"async\" width=\"45\" height=\"45\" src=\"https:\/\/www.goodworksemi.com\/wp-content\/uploads\/2025\/11\/rohs-45x45.png\" class=\"attachment-45x45 size-45x45\" alt=\"\" srcset=\"https:\/\/www.goodworksemi.com\/wp-content\/uploads\/2025\/11\/rohs-45x45.png 45w, https:\/\/www.goodworksemi.com\/wp-content\/uploads\/2025\/11\/rohs-150x150.png 150w\" sizes=\"(max-width: 45px) 100vw, 45px\" \/>\t\t\t\t\t\t\t\t\t\t\t\t\t\t\t\n\t\t\t\t\t\t\t<\/div>\n\t\t\t\t\t\t<\/div>\n\t\t\t\t\t\t\t\t\t\t<div class=\"info-box-content\">\n\t\t\t\t\t\t<h4 class=\"info-box-title title box-title-style-default wd-fontsize-m\">Ti\u00eau chu\u1ea9n RoHS v\u1ec1 m\u00f4i tr\u01b0\u1eddng<\/h4>\t\t\t\t\t\t<div class=\"info-box-inner reset-last-child\"><p>B\u00e1n d\u1eabn c\u00f4ng su\u1ea5t hi\u1ec7u su\u1ea5t cao | \u0110i\u1ed1t, MOSFET, B\u1ed9 ch\u1ec9nh l\u01b0u c\u1ea7u | GOODWORK<\/p>\n<\/div>\n\n\t\t\t\t\t\t\t\t\t\t\t<\/div>\n\n\t\t\t\t\t\n\t\t\t\t\t\t\t\t\t<\/div>\n\t\t\t<\/div>\n\t\t<\/div><\/div><\/div><\/div><\/div><\/div><\/div><\/div>\n<\/div>","protected":false},"excerpt":{"rendered":"Notebook Customer Satisfaction Modern, efficient and customer-oriented logistics processes High Quality Big data level and proven manufacturing processes Highly Certified","protected":false},"author":1,"featured_media":0,"parent":5755,"menu_order":0,"comment_status":"closed","ping_status":"closed","template":"","meta":{"_acf_changed":false,"footnotes":""},"class_list":["post-10557","page","type-page","status-publish","hentry"],"acf":[],"aioseo_notices":[],"_links":{"self":[{"href":"https:\/\/www.goodworksemi.com\/vi\/wp-json\/wp\/v2\/pages\/10557","targetHints":{"allow":["GET"]}}],"collection":[{"href":"https:\/\/www.goodworksemi.com\/vi\/wp-json\/wp\/v2\/pages"}],"about":[{"href":"https:\/\/www.goodworksemi.com\/vi\/wp-json\/wp\/v2\/types\/page"}],"author":[{"embeddable":true,"href":"https:\/\/www.goodworksemi.com\/vi\/wp-json\/wp\/v2\/users\/1"}],"replies":[{"embeddable":true,"href":"https:\/\/www.goodworksemi.com\/vi\/wp-json\/wp\/v2\/comments?post=10557"}],"version-history":[{"count":0,"href":"https:\/\/www.goodworksemi.com\/vi\/wp-json\/wp\/v2\/pages\/10557\/revisions"}],"up":[{"embeddable":true,"href":"https:\/\/www.goodworksemi.com\/vi\/wp-json\/wp\/v2\/pages\/5755"}],"wp:attachment":[{"href":"https:\/\/www.goodworksemi.com\/vi\/wp-json\/wp\/v2\/media?parent=10557"}],"curies":[{"name":"wp","href":"https:\/\/api.w.org\/{rel}","templated":true}]}}