{"id":10275,"date":"2025-12-23T15:04:57","date_gmt":"2025-12-23T07:04:57","guid":{"rendered":"https:\/\/www.goodworksemi.com\/?page_id=10275"},"modified":"2026-01-02T03:00:36","modified_gmt":"2026-01-01T19:00:36","slug":"recruiting-global-agents","status":"publish","type":"page","link":"https:\/\/www.goodworksemi.com\/vi\/recruiting-global-agents\/","title":{"rendered":"Tuy\u1ec3n d\u1ee5ng \u0110\u1ea1i l\u00fd To\u00e0n c\u1ea7u"},"content":{"rendered":"<div class=\"wpb-content-wrapper\"><div data-vc-full-width=\"true\" data-vc-full-width-temp=\"true\" data-vc-full-width-init=\"false\" class=\"vc_row wpb_row vc_row-fluid vc_custom_1653654948074 wd-rs-6290c594389f6\"><div class=\"wpb_column vc_column_container vc_col-sm-12 vc_col-lg-offset-2 vc_col-lg-8 vc_col-md-offset-1 vc_col-md-10 wd-rs-628e2ebc1012e\"><div class=\"vc_column-inner vc_custom_1653485246547\"><div class=\"wpb_wrapper\">\n\t\t<div id=\"wd-694a436e7293b\" class=\"title-wrapper wd-wpb wd-set-mb reset-last-child  wd-rs-694a436e7293b wd-title-color-default wd-title-style-underlined text-center  wd-underline-colored\">\n\t\t\t\t\t\t\t\n\t\t\t\t<div class=\"title-subtitle  subtitle-color-default font-default subtitle-style-default wd-font-weight- wd-fontsize-xs\">Ch\u00fang t\u00f4i mong \u0111\u01b0\u1ee3c h\u1ee3p t\u00e1c v\u1edbi qu\u00fd v\u1ecb.<\/div>\n\t\t\t\n\t\t\t<div class=\"liner-continer\">\n\t\t\t\t<h4 class=\"woodmart-title-container title  wd-font-weight- wd-fontsize-xxl\" >Tuy\u1ec3n d\u1ee5ng \u0110\u1ea1i l\u00fd To\u00e0n c\u1ea7u<\/h4>\n\t\t\t\t\t\t\t<\/div>\n\t\t\t\n\t\t\t\n\t\t\t\n\t\t<\/div>\n\t\t\n\t\t\n\t<div class=\"wpb_text_column wpb_content_element\" >\n\t\t<div class=\"wpb_wrapper\">\n\t\t\t<p>C\u00f4ng ty TNHH \u0110i\u1ec7n t\u1eed Goodwork Th\u00e2m Quy\u1ebfn (GOODWORK), th\u00e0nh l\u1eadp v\u00e0o n\u0103m 2004, l\u00e0 m\u1ed9t doanh nghi\u1ec7p c\u00f4ng ngh\u1ec7 cao qu\u1ed1c gia chuy\u00ean v\u1ec1 nghi\u00ean c\u1ee9u v\u00e0 ph\u00e1t tri\u1ec3n, s\u1ea3n xu\u1ea5t v\u00e0 kinh doanh c\u00e1c thi\u1ebft b\u1ecb b\u00e1n d\u1eabn r\u1eddi r\u1ea1c. Tr\u1ee5 s\u1edf ch\u00ednh \u0111\u1eb7t t\u1ea1i Th\u00e2m Quy\u1ebfn, GOODWORK ho\u1ea1t \u0111\u1ed9ng d\u01b0\u1edbi th\u01b0\u01a1ng hi\u1ec7u \u0111\u00e3 \u0111\u0103ng k\u00fd \u201cGK\u201d, cung c\u1ea5p c\u00e1c linh ki\u1ec7n \u0111i\u1ec7n t\u1eed \u1ed5n \u0111\u1ecbnh v\u00e0 \u0111\u00e1ng tin c\u1eady cho kh\u00e1ch h\u00e0ng tr\u00ean to\u00e0n th\u1ebf gi\u1edbi.<\/p>\n<p>Nh\u00e0 m\u00e1y \u0111\u01b0\u1ee3c trang b\u1ecb c\u00e1c thi\u1ebft b\u1ecb s\u1ea3n xu\u1ea5t v\u00e0 ki\u1ec3m tra hi\u1ec7n \u0111\u1ea1i \u0111\u00e1p \u1ee9ng ti\u00eau chu\u1ea9n qu\u1ed1c t\u1ebf v\u00e0 \u0111\u00e3 v\u01b0\u1ee3t qua th\u00e0nh c\u00f4ng. <span style=\"color: #003366;\"><strong>ISO 9001, ISO 14001 v\u00e0 IATF 16949<\/strong> <\/span>Ch\u1ee9ng nh\u1eadn h\u1ec7 th\u1ed1ng qu\u1ea3n l\u00fd.<\/p>\n<p>V\u1edbi \u0111\u1ed9i ng\u0169 k\u1ef9 s\u01b0 gi\u00e0u kinh nghi\u1ec7m v\u00e0 c\u01a1 c\u1ea5u qu\u1ea3n l\u00fd chuy\u00ean nghi\u1ec7p, <a href=\"https:\/\/www.goodworksemi.com\/\">C\u00d4NG VI\u1ec6C T\u1ed0T<\/a> T\u1ef1 ph\u00e1t tri\u1ec3n, s\u1ea3n xu\u1ea5t v\u00e0 cung c\u1ea5p \u0111\u1ea7y \u0111\u1ee7 c\u00e1c s\u1ea3n ph\u1ea9m b\u00e1n d\u1eabn, bao g\u1ed3m:<br \/>\n<a href=\"https:\/\/www.goodworksemi.com\/products\/diodes\/\">\u0110i\u1ed1t<\/a>, <a href=\"https:\/\/www.goodworksemi.com\/products\/transistors\/\">Transistor<\/a>,<a href=\"https:\/\/www.goodworksemi.com\/products\/bridge-rectifiers\/\"> C\u1ea7u ch\u1ec9nh l\u01b0u<\/a>, \u0110i\u1ed1t TVS, <a href=\"https:\/\/www.goodworksemi.com\/products\/mosfets\/\">MOSFET<\/a>, <a href=\"https:\/\/www.goodworksemi.com\/products\/diodes\/esd-protection-diodes\/\">Thi\u1ebft b\u1ecb b\u1ea3o v\u1ec7 ch\u1ed1ng t\u0129nh \u0111i\u1ec7n<\/a>, B\u1ed9 \u0111i\u1ec1u ch\u1ec9nh \u0111i\u1ec7n \u00e1p LDO, Transistor \u0111i\u1ec1u khi\u1ec3n SCR, v\u00e0 <a href=\"https:\/\/www.goodworksemi.com\/products\/photocouplers\/\">B\u1ed9 gh\u00e9p quang<\/a>.<br \/>\nT\u1ea5t c\u1ea3 c\u00e1c s\u1ea3n ph\u1ea9m \u0111\u1ec1u tu\u00e2n th\u1ee7 c\u00e1c ti\u00eau chu\u1ea9n qu\u1ed1c t\u1ebf v\u00e0 \u0111\u01b0\u1ee3c ch\u1ee9ng nh\u1eadn b\u1edfi <span style=\"color: #003366;\"><strong>UL (Hoa K\u1ef3), SGS, RoHS v\u00e0 REACH.<\/strong><\/span><\/p>\n\n\t\t<\/div>\n\t<\/div>\n<\/div><\/div><\/div><\/div><div class=\"vc_row-full-width vc_clearfix\"><\/div><div id=\"shoes\" class=\"vc_row wpb_row vc_row-fluid vc_custom_1766476268565 wd-rs-694a49b7c6839\"><div class=\"wpb_column vc_column_container vc_col-sm-12 wd-rs-67e2b3af276d0\"><div class=\"vc_column-inner vc_custom_1742910386189\"><div class=\"wpb_wrapper\">\t\t<div id=\"gallery_779\" class=\"wd-images-gallery wd-wpb wd-rs-694a49f81602d vc_custom_1766476282815 wd-carousel-container wd-wpb\" style=\"--wd-justify-content:center;--wd-align-items:center;\">\n\t\t\t\t\t\t\t<div class=\"wd-carousel-inner\">\n\t\t\t\n\t\t\t<div class=\"wd-carousel wd-grid\"data-speed=\"15000\" data-autoplay=\"yes\" data-scroll_per_page=\"yes\" data-sync_parent_id=\"wd_77a21b5a815de\" style=\"--wd-col-lg:1;--wd-col-md:1;--wd-col-sm:1;--wd-gap-lg:20px;--wd-gap-sm:10px;\">\n\t\t\t\t\t\t\t\t\t<div class=\"wd-carousel-wrap\">\n\t\t\t\t\n\t\t\t\t\t\t\t\t\t\t\t\t\t\t\t<div class=\"wd-gallery-item wd-carousel-item\">\n\t\t\t\t\t\t\t\n\t\t\t\t\t\t\t\t<img decoding=\"async\" width=\"1440\" height=\"740\" src=\"https:\/\/www.goodworksemi.com\/wp-content\/uploads\/2025\/12\/8e1a3a01db4249959fc34e2b363c6242-1.png\" class=\"wd-gallery-image image-1\" alt=\"\" srcset=\"https:\/\/www.goodworksemi.com\/wp-content\/uploads\/2025\/12\/8e1a3a01db4249959fc34e2b363c6242-1.png 1440w, https:\/\/www.goodworksemi.com\/wp-content\/uploads\/2025\/12\/8e1a3a01db4249959fc34e2b363c6242-1-300x154.png 300w, https:\/\/www.goodworksemi.com\/wp-content\/uploads\/2025\/12\/8e1a3a01db4249959fc34e2b363c6242-1-1024x526.png 1024w, https:\/\/www.goodworksemi.com\/wp-content\/uploads\/2025\/12\/8e1a3a01db4249959fc34e2b363c6242-1-768x395.png 768w, https:\/\/www.goodworksemi.com\/wp-content\/uploads\/2025\/12\/8e1a3a01db4249959fc34e2b363c6242-1-18x9.png 18w, https:\/\/www.goodworksemi.com\/wp-content\/uploads\/2025\/12\/8e1a3a01db4249959fc34e2b363c6242-1-1200x617.png 1200w\" sizes=\"(max-width: 1440px) 100vw, 1440px\" \/>\n\t\t\t\t\t\t\t\t\t\t\t\t\t\t<\/div>\n\t\t\t\t\t\t\t\t\t\n\t\t\t\t\t\t\t\t\t<\/div>\n\t\t\t\t\t\t\t<\/div>\n\n\t\t\t\t\t\t\t\n\t\t\t\t<\/div>\n\n\t\t\t\t\t\t\t\t\t\t\t\t\t<\/div>\n\t\t\n\t<div class=\"wpb_text_column wpb_content_element\" >\n\t\t<div class=\"wpb_wrapper\">\n\t\t\t<p>Ch\u00fang t\u00f4i cam k\u1ebft h\u1ee3p t\u00e1c l\u00e2u d\u00e0i d\u1ef1a tr\u00ean ch\u1ea5t l\u01b0\u1ee3ng, \u0111\u1ed9 tin c\u1eady v\u00e0 s\u1ef1 ph\u00e1t tri\u1ec3n chung. <a href=\"https:\/\/www.goodworksemi.com\/\"><span style=\"color: #003366;\"><strong>C\u00d4NG VI\u1ec6C T\u1ed0T<\/strong><\/span><\/a> Hi\u1ec7n nay, ch\u00fang t\u00f4i \u0111ang tuy\u1ec3n d\u1ee5ng c\u00e1c \u0111\u1ea1i l\u00fd to\u00e0n c\u1ea7u v\u00e0 \u0111\u1ed1i t\u00e1c ph\u00e2n ph\u1ed1i \u0111\u1ec3 m\u1edf r\u1ed9ng s\u1ef1 hi\u1ec7n di\u1ec7n qu\u1ed1c t\u1ebf c\u1ee7a m\u00ecnh v\u00e0 ph\u1ee5c v\u1ee5 c\u00e1c th\u1ecb tr\u01b0\u1eddng \u0111\u1ecba ph\u01b0\u01a1ng m\u1ed9t c\u00e1ch hi\u1ec7u qu\u1ea3 h\u01a1n.<\/p>\n<p>N\u1ebfu b\u1ea1n \u0111ang t\u00ecm ki\u1ebfm m\u1ed9t nh\u00e0 s\u1ea3n xu\u1ea5t \u1ed5n \u0111\u1ecbnh v\u1edbi n\u0103ng l\u1ef1c m\u1ea1nh m\u1ebd <a href=\"https:\/\/www.goodworksemi.com\/quality-reliability\/\"><span style=\"color: #003366;\"><strong>H\u1ed7 tr\u1ee3 k\u1ef9 thu\u1eadt<\/strong><\/span><\/a>, Ch\u1ea5t l\u01b0\u1ee3ng \u1ed5n \u0111\u1ecbnh v\u00e0 ngu\u1ed3n cung c\u1ea1nh tranh. <a href=\"https:\/\/www.goodworksemi.com\/capabilities\/\"><span style=\"color: #003366;\"><strong>kh\u1ea3 n\u0103ng<\/strong><\/span><\/a>, Ch\u00fang t\u00f4i r\u1ea5t h\u00e2n h\u1ea1nh \u0111\u01b0\u1ee3c th\u1ea3o lu\u1eadn v\u1ec1 c\u00e1c c\u01a1 h\u1ed9i h\u1ee3p t\u00e1c v\u1edbi qu\u00fd v\u1ecb.<\/p>\n<p><span style=\"color: #003366;\"><strong>Ch\u00fang t\u00f4i ch\u00e2n th\u00e0nh mong mu\u1ed1n \u0111\u01b0\u1ee3c h\u1ee3p t\u00e1c v\u1edbi qu\u00fd v\u1ecb. Vui l\u00f2ng li\u00ean h\u1ec7 v\u1edbi ch\u00fang t\u00f4i:<\/strong><\/span><a href=\"mailto:sivian@gkdiode.com\">sivian@gkdiode.com<\/a><\/p>\n<p>&nbsp;<\/p>\n\n\t\t<\/div>\n\t<\/div>\n<\/div><\/div><\/div><\/div>\n<\/div>","protected":false},"excerpt":{"rendered":"Looking Forward to Cooperating with You Recruiting Global Agents Shenzhen Goodwork Electronics Co., Ltd. (GOODWORK), founded in 2004, is a","protected":false},"author":1,"featured_media":0,"parent":0,"menu_order":0,"comment_status":"closed","ping_status":"closed","template":"","meta":{"_acf_changed":false,"footnotes":""},"class_list":["post-10275","page","type-page","status-publish","hentry"],"acf":[],"aioseo_notices":[],"_links":{"self":[{"href":"https:\/\/www.goodworksemi.com\/vi\/wp-json\/wp\/v2\/pages\/10275","targetHints":{"allow":["GET"]}}],"collection":[{"href":"https:\/\/www.goodworksemi.com\/vi\/wp-json\/wp\/v2\/pages"}],"about":[{"href":"https:\/\/www.goodworksemi.com\/vi\/wp-json\/wp\/v2\/types\/page"}],"author":[{"embeddable":true,"href":"https:\/\/www.goodworksemi.com\/vi\/wp-json\/wp\/v2\/users\/1"}],"replies":[{"embeddable":true,"href":"https:\/\/www.goodworksemi.com\/vi\/wp-json\/wp\/v2\/comments?post=10275"}],"version-history":[{"count":0,"href":"https:\/\/www.goodworksemi.com\/vi\/wp-json\/wp\/v2\/pages\/10275\/revisions"}],"wp:attachment":[{"href":"https:\/\/www.goodworksemi.com\/vi\/wp-json\/wp\/v2\/media?parent=10275"}],"curies":[{"name":"wp","href":"https:\/\/api.w.org\/{rel}","templated":true}]}}