{"id":6292,"date":"2025-11-22T16:11:15","date_gmt":"2025-11-22T08:11:15","guid":{"rendered":"https:\/\/www.goodworksemi.com\/?post_type=product&#038;p=6292"},"modified":"2025-11-22T17:47:02","modified_gmt":"2025-11-22T09:47:02","slug":"abs6","status":"publish","type":"product","link":"https:\/\/www.goodworksemi.com\/tr\/products\/abs6\/","title":{"rendered":"ABS6"},"content":{"rendered":"<table id=\"table_1\" class=\"scroll display nowrap data-t data-t wpDataTable wpDataTableID-14 dataTable\" data-described-by=\"table_1_desc\" data-wpdatatable_id=\"14\" aria-describedby=\"table_1_info\">\n<thead>\n<tr>\n<th class=\"wdtheader sort expand column-partnumber sorting\" tabindex=\"0\" colspan=\"1\" rowspan=\"1\" data-class=\"expand\" aria-controls=\"table_1\" aria-label=\" Par\u00e7a Numaras\u0131undefined\">Par\u00e7a Numaras\u0131<\/th>\n<th class=\"wdtheader sort column-vrrmv sorting\" tabindex=\"0\" colspan=\"1\" rowspan=\"1\" aria-controls=\"table_1\" aria-label=\" VRRM(V)tan\u0131ms\u0131z\">VRRM(V)<\/th>\n<th class=\"wdtheader sort column-iav sorting\" tabindex=\"0\" colspan=\"1\" rowspan=\"1\" aria-controls=\"table_1\" aria-label=\" I(AV)tan\u0131ms\u0131z\">I(AV)<\/th>\n<th class=\"wdtheader sort column-ifsma sorting\" tabindex=\"0\" colspan=\"1\" rowspan=\"1\" aria-controls=\"table_1\" aria-label=\" IFSM(A)tan\u0131ms\u0131z\">IFSM(A)<\/th>\n<th class=\"wdtheader sort column-vfv sorting\" tabindex=\"0\" colspan=\"1\" rowspan=\"1\" aria-controls=\"table_1\" aria-label=\" VF(V)tan\u0131ms\u0131z\">VF(V)<\/th>\n<th class=\"wdtheader sort column-ifv sorting\" tabindex=\"0\" colspan=\"1\" rowspan=\"1\" aria-controls=\"table_1\" aria-label=\" IF(V)tan\u0131ms\u0131z\">IF(V)<\/th>\n<th class=\"wdtheader sort column-irua sorting\" tabindex=\"0\" colspan=\"1\" rowspan=\"1\" aria-controls=\"table_1\" aria-label=\" IR(Ua)tan\u0131ms\u0131z\">IR(Ua)<\/th>\n<th class=\"wdtheader sort column-vrv sorting\" tabindex=\"0\" colspan=\"1\" rowspan=\"1\" aria-controls=\"table_1\" aria-label=\" VR(V)tan\u0131ms\u0131z\">VR(V)<\/th>\n<th class=\"wdtheader sort column-trrns sorting\" tabindex=\"0\" colspan=\"1\" rowspan=\"1\" aria-controls=\"table_1\" aria-label=\" TRR(ns)tan\u0131ms\u0131z\">TRR(ns)<\/th>\n<th class=\"wdtheader sort column-package sorting\" tabindex=\"0\" colspan=\"1\" rowspan=\"1\" aria-controls=\"table_1\" aria-label=\" Paket tan\u0131ml\u0131\">Paket<\/th>\n<\/tr>\n<\/thead>\n<tbody>\n<tr class=\"odd\">\n<td class=\"expand column-partnumber\">ABS6<\/td>\n<td class=\"column-vrrmv\">600<\/td>\n<td class=\"column-iav\">1<\/td>\n<td class=\"column-ifsma\">30<\/td>\n<td class=\"column-vfv\">1<\/td>\n<td class=\"column-ifv\">1<\/td>\n<td class=\"column-irua\">5<\/td>\n<td class=\"column-vrv\">600<\/td>\n<td class=\"column-trrns\">-<\/td>\n<td class=\"column-package\">ABS<\/td>\n<\/tr>\n<\/tbody>\n<tfoot><\/tfoot>\n<\/table>","protected":false},"excerpt":{"rendered":"<table width=\"1308\">\n<tbody>\n<tr>\n<td style=\"text-align: center;\" rowspan=\"3\" width=\"120\">Par\u00e7a Numaras\u0131<\/td>\n<td style=\"text-align: center;\" width=\"191\">Tepe TekrarlayanTers Gerilim<\/td>\n<td style=\"text-align: center;\" width=\"159\">Maks. Ortalama Do\u011frultulmu\u015f Ak\u0131m<\/td>\n<td style=\"text-align: center;\" width=\"177\">Maks. Tepe \u0130leri Dalgalanma Ak\u0131m\u0131<\/td>\n<td style=\"text-align: center;\" colspan=\"2\" width=\"205\">Maks. \u0130leri Gerilim D\u00fc\u015f\u00fcm\u00fc<\/td>\n<td style=\"text-align: center;\" colspan=\"2\" width=\"144\">Maks. Ters Ak\u0131m<\/td>\n<td style=\"text-align: center;\" width=\"154\">Maksimum Tersine Kurtarma S\u00fcresi<\/td>\n<td style=\"text-align: center;\" rowspan=\"3\" width=\"158\">Paket \u00f6zeti<\/td>\n<\/tr>\n<tr>\n<td width=\"191\">VRRM<\/td>\n<td width=\"159\">I(AV)<\/td>\n<td width=\"177\">IFSM<\/td>\n<td colspan=\"2\" width=\"205\">VF @ IF<\/td>\n<td colspan=\"2\" width=\"144\">IR @ VR<\/td>\n<td width=\"154\">TRR<\/td>\n<\/tr>\n<tr>\n<td width=\"191\">V<\/td>\n<td width=\"159\">A<\/td>\n<td width=\"177\">A<\/td>\n<td width=\"72\">V<\/td>\n<td width=\"133\">A<\/td>\n<td width=\"72\">uA<\/td>\n<td width=\"72\">V<\/td>\n<td width=\"154\">ns<\/td>\n<\/tr>\n<tr>\n<td width=\"120\">ABS6<\/td>\n<td width=\"191\">600<\/td>\n<td width=\"159\">1<\/td>\n<td width=\"177\">30<\/td>\n<td width=\"72\">1<\/td>\n<td width=\"133\">1<\/td>\n<td width=\"72\">5<\/td>\n<td width=\"72\">600<\/td>\n<td width=\"154\">\u00a0-<\/td>\n<td>ABS<\/td>\n<\/tr>\n<\/tbody>\n<\/table>","protected":false},"featured_media":6293,"template":"","meta":{"_acf_changed":false},"product_brand":[],"product_cat":[110],"product_tag":[],"class_list":{"0":"post-6292","1":"product","2":"type-product","3":"status-publish","4":"has-post-thumbnail","6":"product_cat-mini-bridge","8":"first","9":"instock","10":"shipping-taxable","11":"product-type-simple"},"acf":[],"aioseo_notices":[],"_links":{"self":[{"href":"https:\/\/www.goodworksemi.com\/tr\/wp-json\/wp\/v2\/product\/6292","targetHints":{"allow":["GET"]}}],"collection":[{"href":"https:\/\/www.goodworksemi.com\/tr\/wp-json\/wp\/v2\/product"}],"about":[{"href":"https:\/\/www.goodworksemi.com\/tr\/wp-json\/wp\/v2\/types\/product"}],"wp:featuredmedia":[{"embeddable":true,"href":"https:\/\/www.goodworksemi.com\/tr\/wp-json\/wp\/v2\/media\/6293"}],"wp:attachment":[{"href":"https:\/\/www.goodworksemi.com\/tr\/wp-json\/wp\/v2\/media?parent=6292"}],"wp:term":[{"taxonomy":"product_brand","embeddable":true,"href":"https:\/\/www.goodworksemi.com\/tr\/wp-json\/wp\/v2\/product_brand?post=6292"},{"taxonomy":"product_cat","embeddable":true,"href":"https:\/\/www.goodworksemi.com\/tr\/wp-json\/wp\/v2\/product_cat?post=6292"},{"taxonomy":"product_tag","embeddable":true,"href":"https:\/\/www.goodworksemi.com\/tr\/wp-json\/wp\/v2\/product_tag?post=6292"}],"curies":[{"name":"wp","href":"https:\/\/api.w.org\/{rel}","templated":true}]}}