{"id":10844,"date":"2026-01-06T21:56:54","date_gmt":"2026-01-06T13:56:54","guid":{"rendered":"https:\/\/www.goodworksemi.com\/?post_type=product&#038;p=10844"},"modified":"2026-01-06T22:18:51","modified_gmt":"2026-01-06T14:18:51","slug":"1n4728a","status":"publish","type":"product","link":"https:\/\/www.goodworksemi.com\/tr\/products\/1n4728a\/","title":{"rendered":"1N4728A"},"content":{"rendered":"<table id=\"table_1\" class=\"scroll display nowrap data-t data-t wpDataTable wpDataTableID-21 dataTable\" data-described-by=\"table_1_desc\" data-wpdatatable_id=\"21\" aria-describedby=\"table_1_info\">\n<thead>\n<tr>\n<th class=\"wdtheader sort expand column-partnumber sorting sorting_asc\" tabindex=\"0\" colspan=\"1\" rowspan=\"1\" data-class=\"expand\" aria-controls=\"table_1\" aria-label=\" PAR\u00c7A NUMARASITan\u0131mlanmam\u0131\u015f\" aria-sort=\"ascending\">PAR\u00c7A NUMARASI<\/th>\n<th class=\"wdtheader sort column-minv sorting\" tabindex=\"0\" colspan=\"1\" rowspan=\"1\" aria-controls=\"table_1\" aria-label=\" MIN\/Vundefined\">MIN\/V<\/th>\n<th class=\"wdtheader sort column-nomv sorting\" tabindex=\"0\" colspan=\"1\" rowspan=\"1\" aria-controls=\"table_1\" aria-label=\" NOM\/Vundefined\">NOM\/V<\/th>\n<th class=\"wdtheader sort column-maxv sorting\" tabindex=\"0\" colspan=\"1\" rowspan=\"1\" aria-controls=\"table_1\" aria-label=\" MAX\/Vundefined\">MAX\/V<\/th>\n<th class=\"wdtheader sort column-zztmax sorting\" tabindex=\"0\" colspan=\"1\" rowspan=\"1\" aria-controls=\"table_1\" aria-label=\" ZZT\/Maks. (\u03a9)tan\u0131ms\u0131z\">ZZT\/Maks. (\u03a9)<\/th>\n<th class=\"wdtheader sort column-iztma sorting\" tabindex=\"0\" colspan=\"1\" rowspan=\"1\" aria-controls=\"table_1\" aria-label=\" IZT\/mAundefined\">IZT\/mA<\/th>\n<th class=\"wdtheader sort column-irmaxua sorting\" tabindex=\"0\" colspan=\"1\" rowspan=\"1\" aria-controls=\"table_1\" aria-label=\" IR\/Maks. (\u03bcA)tan\u0131ms\u0131z\">IR\/Maks. (\u03bcA)<\/th>\n<th class=\"wdtheader sort column-vrv sorting\" tabindex=\"0\" colspan=\"1\" rowspan=\"1\" aria-controls=\"table_1\" aria-label=\" VR\/Vundefined\">VR\/V<\/th>\n<th class=\"wdtheader sort column-packageoutline sorting\" tabindex=\"0\" colspan=\"1\" rowspan=\"1\" aria-controls=\"table_1\" aria-label=\" Paket outlineundefined\">Paket \u00f6zeti<\/th>\n<\/tr>\n<\/thead>\n<tbody>\n<tr class=\"odd\">\n<td class=\"expand column-partnumber sorting_1\">1N4728A<\/td>\n<td class=\"column-minv\">3.13<\/td>\n<td class=\"column-nomv\">3.3<\/td>\n<td class=\"column-maxv\">3.47<\/td>\n<td class=\"column-zztmax\">10<\/td>\n<td class=\"column-iztma\">76<\/td>\n<td class=\"column-irmaxua\">100<\/td>\n<td class=\"column-vrv\">1<\/td>\n<td class=\"column-packageoutline\">DO-41<\/td>\n<\/tr>\n<\/tbody>\n<\/table>","protected":false},"excerpt":{"rendered":"<p>PART NUMBER MIN\/V NOM\/V MAX\/V ZZT\/Max. (\u2126) IZT\/mA IR\/Max. (\u03bcA) VR\/V Package outline 1N4728A 3.13 3.3 3.47 10 76 100<\/p>","protected":false},"featured_media":0,"template":"","meta":{"_acf_changed":false},"product_brand":[],"product_cat":[21],"product_tag":[],"class_list":{"0":"post-10844","1":"product","2":"type-product","3":"status-publish","5":"product_cat-high-frequency-rectifier-bridge","7":"first","8":"instock","9":"shipping-taxable","10":"product-type-simple"},"acf":[],"aioseo_notices":[],"_links":{"self":[{"href":"https:\/\/www.goodworksemi.com\/tr\/wp-json\/wp\/v2\/product\/10844","targetHints":{"allow":["GET"]}}],"collection":[{"href":"https:\/\/www.goodworksemi.com\/tr\/wp-json\/wp\/v2\/product"}],"about":[{"href":"https:\/\/www.goodworksemi.com\/tr\/wp-json\/wp\/v2\/types\/product"}],"wp:attachment":[{"href":"https:\/\/www.goodworksemi.com\/tr\/wp-json\/wp\/v2\/media?parent=10844"}],"wp:term":[{"taxonomy":"product_brand","embeddable":true,"href":"https:\/\/www.goodworksemi.com\/tr\/wp-json\/wp\/v2\/product_brand?post=10844"},{"taxonomy":"product_cat","embeddable":true,"href":"https:\/\/www.goodworksemi.com\/tr\/wp-json\/wp\/v2\/product_cat?post=10844"},{"taxonomy":"product_tag","embeddable":true,"href":"https:\/\/www.goodworksemi.com\/tr\/wp-json\/wp\/v2\/product_tag?post=10844"}],"curies":[{"name":"wp","href":"https:\/\/api.w.org\/{rel}","templated":true}]}}