{"id":10387,"date":"2025-12-29T14:25:41","date_gmt":"2025-12-29T06:25:41","guid":{"rendered":"https:\/\/www.goodworksemi.com\/?post_type=product&#038;p=10387"},"modified":"2025-12-31T15:01:31","modified_gmt":"2025-12-31T07:01:31","slug":"1smb5915b","status":"publish","type":"product","link":"https:\/\/www.goodworksemi.com\/tr\/products\/1smb5915b\/","title":{"rendered":"1SMB5915B"},"content":{"rendered":"<table id=\"table_1\" class=\"scroll display nowrap data-t data-t wpDataTable wpDataTableID-21 dataTable\" style=\"height: 87px;\" width=\"950\" data-described-by=\"table_1_desc\" data-wpdatatable_id=\"21\" aria-describedby=\"table_1_info\">\n<thead>\n<tr>\n<th class=\"wdtheader sort expand column-partnumber sorting\" style=\"text-align: center;\" tabindex=\"0\" colspan=\"1\" rowspan=\"1\" data-class=\"expand\" aria-controls=\"table_1\" aria-label=\" PAR\u00c7A NUMARASITan\u0131mlanmam\u0131\u015f\">PAR\u00c7A NUMARASI<\/th>\n<th class=\"wdtheader sort column-datesheet sorting\" style=\"text-align: center;\" tabindex=\"0\" colspan=\"1\" rowspan=\"1\" aria-controls=\"table_1\" aria-label=\" DATASHEETundefined\"><\/th>\n<th class=\"wdtheader sort column-minv sorting\" style=\"text-align: center;\" tabindex=\"0\" colspan=\"1\" rowspan=\"1\" aria-controls=\"table_1\" aria-label=\" MIN\/Vundefined\">MIN\/V<\/th>\n<th class=\"wdtheader sort column-nomv sorting\" style=\"text-align: center;\" tabindex=\"0\" colspan=\"1\" rowspan=\"1\" aria-controls=\"table_1\" aria-label=\" NOM\/Vundefined\">NOM\/V<\/th>\n<th class=\"wdtheader sort column-maxv sorting\" style=\"text-align: center;\" tabindex=\"0\" colspan=\"1\" rowspan=\"1\" aria-controls=\"table_1\" aria-label=\" MAX\/Vundefined\">MAX\/V<\/th>\n<th class=\"wdtheader sort column-zztmax sorting\" style=\"text-align: center;\" tabindex=\"0\" colspan=\"1\" rowspan=\"1\" aria-controls=\"table_1\" aria-label=\" ZZT\/Maks. (\u03a9)tan\u0131ms\u0131z\">ZZT\/MAX. (\u03a9)<\/th>\n<th class=\"wdtheader sort column-iztma sorting\" style=\"text-align: center;\" tabindex=\"0\" colspan=\"1\" rowspan=\"1\" aria-controls=\"table_1\" aria-label=\" IZT\/mAundefined\">IZT\/MA<\/th>\n<th class=\"wdtheader sort column-irmaxua sorting\" style=\"text-align: center;\" tabindex=\"0\" colspan=\"1\" rowspan=\"1\" aria-controls=\"table_1\" aria-label=\" IR\/Maks. (\u03bcA)tan\u0131ms\u0131z\">IR\/MAX. (\u039cA)<\/th>\n<th class=\"wdtheader sort column-vrv sorting\" style=\"text-align: center;\" tabindex=\"0\" colspan=\"1\" rowspan=\"1\" aria-controls=\"table_1\" aria-label=\" VR\/Vundefined\">VR\/V<\/th>\n<th class=\"wdtheader sort column-packageoutline sorting\" style=\"text-align: center;\" tabindex=\"0\" colspan=\"1\" rowspan=\"1\" aria-controls=\"table_1\" aria-label=\" Paket outlineundefined\">PAKET TASLA\u011eI<\/th>\n<\/tr>\n<\/thead>\n<tbody>\n<tr class=\"odd selected\">\n<td class=\"expand column-partnumber\" style=\"text-align: center;\">1SMB5914B<\/td>\n<td class=\"column-datesheet\" style=\"text-align: center;\"><\/td>\n<td class=\"column-minv\" style=\"text-align: center;\">3.70<\/td>\n<td class=\"column-nomv\" style=\"text-align: center;\">3.9<\/td>\n<td class=\"column-maxv\" style=\"text-align: center;\">4.10<\/td>\n<td class=\"column-zztmax\" style=\"text-align: center;\">7.5<\/td>\n<td class=\"column-iztma\" style=\"text-align: center;\">96.1<\/td>\n<td class=\"column-irmaxua\" style=\"text-align: center;\">25<\/td>\n<td class=\"column-vrv\" style=\"text-align: center;\">1<\/td>\n<td class=\"column-packageoutline\" style=\"text-align: center;\">SMB<\/td>\n<\/tr>\n<\/tbody>\n<\/table>","protected":false},"excerpt":{"rendered":"<p>PART NUMBER MIN\/V NOM\/V MAX\/V ZZT\/MAX. (\u2126) IZT\/MA IR\/MAX. (\u039cA) VR\/V PACKAGE OUTLINE 1SMB5914B 3.70 3.9 4.10 7.5 96.1 25<\/p>","protected":false},"featured_media":0,"template":"","meta":{"_acf_changed":false},"product_brand":[],"product_cat":[96],"product_tag":[],"class_list":{"0":"post-10387","1":"product","2":"type-product","3":"status-publish","5":"product_cat-zener-diodes","7":"first","8":"instock","9":"shipping-taxable","10":"product-type-simple"},"acf":[],"aioseo_notices":[],"_links":{"self":[{"href":"https:\/\/www.goodworksemi.com\/tr\/wp-json\/wp\/v2\/product\/10387","targetHints":{"allow":["GET"]}}],"collection":[{"href":"https:\/\/www.goodworksemi.com\/tr\/wp-json\/wp\/v2\/product"}],"about":[{"href":"https:\/\/www.goodworksemi.com\/tr\/wp-json\/wp\/v2\/types\/product"}],"wp:attachment":[{"href":"https:\/\/www.goodworksemi.com\/tr\/wp-json\/wp\/v2\/media?parent=10387"}],"wp:term":[{"taxonomy":"product_brand","embeddable":true,"href":"https:\/\/www.goodworksemi.com\/tr\/wp-json\/wp\/v2\/product_brand?post=10387"},{"taxonomy":"product_cat","embeddable":true,"href":"https:\/\/www.goodworksemi.com\/tr\/wp-json\/wp\/v2\/product_cat?post=10387"},{"taxonomy":"product_tag","embeddable":true,"href":"https:\/\/www.goodworksemi.com\/tr\/wp-json\/wp\/v2\/product_tag?post=10387"}],"curies":[{"name":"wp","href":"https:\/\/api.w.org\/{rel}","templated":true}]}}