{"id":5647,"date":"2025-11-19T04:55:35","date_gmt":"2025-11-18T20:55:35","guid":{"rendered":"https:\/\/www.goodworksemi.com\/?page_id=5647"},"modified":"2025-12-15T14:43:21","modified_gmt":"2025-12-15T06:43:21","slug":"faq","status":"publish","type":"page","link":"https:\/\/www.goodworksemi.com\/tr\/faq\/","title":{"rendered":"SSS"},"content":{"rendered":"<div class=\"wpb-content-wrapper\"><div class=\"vc_row wpb_row vc_row-fluid wpb_animate_when_almost_visible wpb_fadeIn fadeIn vc_custom_1765780734481 vc_row-o-equal-height vc_row-flex wd-rs-693facf594f57\"><div class=\"wpb_column vc_column_container vc_col-sm-12 vc_col-lg-6 vc_col-md-6 vc_col-has-fill\"><div class=\"vc_column-inner vc_custom_1496938621896\"><div class=\"wpb_wrapper\">\n\t\t<div id=\"wd-618257e807c2a\" class=\"wd-accordion wd-wpb wd-rs-618257e807c2a  wd-style-default wd-titles-left wd-opener-pos-right wd-opener-style-arrow\" data-state=\"first\">\n\t\t\t\t\t\t\t\n\t\t\t\t\n\t\t\t\t<div class=\"wd-accordion-item\">\n\t\t\t\t\t<div class=\"wd-accordion-title wd-active font-text wd-fontsize-s wd-font-weight-600\" data-accordion-index=\"0\">\n\t\t\t\t\t\t<div class=\"wd-accordion-title-text\">\n\t\t\t\t\t\t\t\t\t\t\t\t\t\t<span>\n\t\t\t\t\t\t\t\t\u00dccretsiz numune sunuyor musunuz?\t\t\t\t\t\t\t<\/span>\n\t\t\t\t\t\t<\/div>\n\t\t\t\t\t\t<span class=\"wd-accordion-opener\"><\/span>\n\t\t\t\t\t<\/div>\n\n\t\t\t\t\t<div class=\"wd-accordion-content wd-entry-content wd-active\" data-accordion-index=\"0\">\n\t\t\t\t\t\t\t\t\t\t\t\t\t<p>Evet, de\u011ferlendirmeniz i\u00e7in \u00fccretsiz numune (USUALLY 10-50 PCS) sa\u011fl\u0131yoruz;<\/p>\n<p>nakliye \u00fccreti m\u00fc\u015fteri taraf\u0131ndan kar\u015f\u0131lan\u0131r veya ayr\u0131ca m\u00fczakere edilir.<\/p>\n\t\t\t\t\t\t\t\t\t\t\t<\/div>\n\t\t\t\t<\/div>\n\t\t\t\t\t\t\t\n\t\t\t\t\n\t\t\t\t<div class=\"wd-accordion-item\">\n\t\t\t\t\t<div class=\"wd-accordion-title font-text wd-fontsize-s wd-font-weight-600\" data-accordion-index=\"1\">\n\t\t\t\t\t\t<div class=\"wd-accordion-title-text\">\n\t\t\t\t\t\t\t\t\t\t\t\t\t\t<span>\n\t\t\t\t\t\t\t\tMinimum sipari\u015f miktar\u0131 (MOQ) nedir?\t\t\t\t\t\t\t<\/span>\n\t\t\t\t\t\t<\/div>\n\t\t\t\t\t\t<span class=\"wd-accordion-opener\"><\/span>\n\t\t\t\t\t<\/div>\n\n\t\t\t\t\t<div class=\"wd-accordion-content wd-entry-content\" data-accordion-index=\"1\">\n\t\t\t\t\t\t\t\t\t\t\t\t\t<p>MOQ \u00fcr\u00fcne g\u00f6re de\u011fi\u015fir - tipik olarak 100 birimden (veya 100\/kg) ba\u015flar. De\u011ferlendirme i\u00e7in numuneler mevcuttur.<\/p>\n\t\t\t\t\t\t\t\t\t\t\t<\/div>\n\t\t\t\t<\/div>\n\t\t\t\t\t\t\t\n\t\t\t\t\n\t\t\t\t<div class=\"wd-accordion-item\">\n\t\t\t\t\t<div class=\"wd-accordion-title font-text wd-fontsize-s wd-font-weight-600\" data-accordion-index=\"2\">\n\t\t\t\t\t\t<div class=\"wd-accordion-title-text\">\n\t\t\t\t\t\t\t\t\t\t\t\t\t\t<span>\n\t\t\t\t\t\t\t\tHangi \u00f6deme y\u00f6ntemlerini kabul ediyorsunuz?\t\t\t\t\t\t\t<\/span>\n\t\t\t\t\t\t<\/div>\n\t\t\t\t\t\t<span class=\"wd-accordion-opener\"><\/span>\n\t\t\t\t\t<\/div>\n\n\t\t\t\t\t<div class=\"wd-accordion-content wd-entry-content\" data-accordion-index=\"2\">\n\t\t\t\t\t\t\t\t\t\t\t\t\t<p>K\u00fc\u00e7\u00fck sipari\u015fler i\u00e7in T \/ T (banka havalesi), L \/ C ve PayPal kabul ediyoruz.<\/p>\n\t\t\t\t\t\t\t\t\t\t\t<\/div>\n\t\t\t\t<\/div>\n\t\t\t\t\t\t\t\n\t\t\t\t\n\t\t\t\t<div class=\"wd-accordion-item\">\n\t\t\t\t\t<div class=\"wd-accordion-title font-text wd-fontsize-s wd-font-weight-600\" data-accordion-index=\"3\">\n\t\t\t\t\t\t<div class=\"wd-accordion-title-text\">\n\t\t\t\t\t\t\t\t\t\t\t\t\t\t<span>\n\t\t\t\t\t\t\t\tGoodwork web sitesinden \u00fcr\u00fcn sat\u0131n alabilir miyim?\t\t\t\t\t\t\t<\/span>\n\t\t\t\t\t\t<\/div>\n\t\t\t\t\t\t<span class=\"wd-accordion-opener\"><\/span>\n\t\t\t\t\t<\/div>\n\n\t\t\t\t\t<div class=\"wd-accordion-content wd-entry-content\" data-accordion-index=\"3\">\n\t\t\t\t\t\t\t\t\t\t\t\t\t<p>Evet, alabilirsiniz. \u00dcr\u00fcn sayfalar\u0131nda, s\u00f6z konusu \u00fcr\u00fcn\u00fc Goodwork'ten mi yoksa distrib\u00fct\u00f6rlerimizden birinden mi sat\u0131n almak istedi\u011finizi se\u00e7ebilirsiniz.<\/p>\n\t\t\t\t\t\t\t\t\t\t\t<\/div>\n\t\t\t\t<\/div>\n\t\t\t\t\t\t\t\n\t\t\t\t\n\t\t\t\t<div class=\"wd-accordion-item\">\n\t\t\t\t\t<div class=\"wd-accordion-title font-text wd-fontsize-s wd-font-weight-600\" data-accordion-index=\"4\">\n\t\t\t\t\t\t<div class=\"wd-accordion-title-text\">\n\t\t\t\t\t\t\t\t\t\t\t\t\t\t<span>\n\t\t\t\t\t\t\t\tBir teklif talebim var, kiminle ileti\u015fime ge\u00e7meliyim?\t\t\t\t\t\t\t<\/span>\n\t\t\t\t\t\t<\/div>\n\t\t\t\t\t\t<span class=\"wd-accordion-opener\"><\/span>\n\t\t\t\t\t<\/div>\n\n\t\t\t\t\t<div class=\"wd-accordion-content wd-entry-content\" data-accordion-index=\"4\">\n\t\t\t\t\t\t\t\t\t\t\t\t\t<p>L\u00fctfen yurtd\u0131\u015f\u0131 sat\u0131\u015f m\u00fcd\u00fcrlerimizle ileti\u015fime ge\u00e7in. Daha fazla bilgi edinmenizde size yard\u0131mc\u0131 olabilirler.<\/p>\n\t\t\t\t\t\t\t\t\t\t\t<\/div>\n\t\t\t\t<\/div>\n\t\t\t\t\t\t\t\t\t\t\t\t\t\t<\/div>\n\n\t\t<\/div><\/div><\/div><div class=\"wpb_column vc_column_container vc_col-sm-12 vc_col-lg-6 vc_col-md-6\"><div class=\"vc_column-inner vc_custom_1496938627545\"><div class=\"wpb_wrapper\">\n\t\t<div id=\"wd-618257efccdb8\" class=\"wd-accordion wd-wpb wd-rs-618257efccdb8  wd-style-default wd-titles-left wd-opener-pos-right wd-opener-style-arrow\" data-state=\"first\">\n\t\t\t\t\t\t\t\n\t\t\t\t\n\t\t\t\t<div class=\"wd-accordion-item\">\n\t\t\t\t\t<div class=\"wd-accordion-title wd-active font-text wd-fontsize-s wd-font-weight-600\" data-accordion-index=\"0\">\n\t\t\t\t\t\t<div class=\"wd-accordion-title-text\">\n\t\t\t\t\t\t\t\t\t\t\t\t\t\t<span>\n\t\t\t\t\t\t\t\tREACH veya RoHS beyanlar\u0131 gibi \u00e7evresel sertifikalar\u0131 nerede bulabilirim?\t\t\t\t\t\t\t<\/span>\n\t\t\t\t\t\t<\/div>\n\t\t\t\t\t\t<span class=\"wd-accordion-opener\"><\/span>\n\t\t\t\t\t<\/div>\n\n\t\t\t\t\t<div class=\"wd-accordion-content wd-entry-content wd-active\" data-accordion-index=\"0\">\n\t\t\t\t\t\t\t\t\t\t\t\t\t<p>L\u00fctfen \u00c7evre sertifikalar\u0131n\u0131 ziyaret edin Bu belgelerin belirli s\u00fcr\u00fcmlerine ihtiyac\u0131n\u0131z varsa, l\u00fctfen Teknik destek formu arac\u0131l\u0131\u011f\u0131yla bize bir talep g\u00f6nderin.<\/p>\n\t\t\t\t\t\t\t\t\t\t\t<\/div>\n\t\t\t\t<\/div>\n\t\t\t\t\t\t\t\n\t\t\t\t\n\t\t\t\t<div class=\"wd-accordion-item\">\n\t\t\t\t\t<div class=\"wd-accordion-title font-text wd-fontsize-s wd-font-weight-600\" data-accordion-index=\"1\">\n\t\t\t\t\t\t<div class=\"wd-accordion-title-text\">\n\t\t\t\t\t\t\t\t\t\t\t\t\t\t<span>\n\t\t\t\t\t\t\t\tGoodwork'e verdi\u011fim bir sipari\u015fle ilgili bir sorum var, kiminle ileti\u015fime ge\u00e7meliyim?\t\t\t\t\t\t\t<\/span>\n\t\t\t\t\t\t<\/div>\n\t\t\t\t\t\t<span class=\"wd-accordion-opener\"><\/span>\n\t\t\t\t\t<\/div>\n\n\t\t\t\t\t<div class=\"wd-accordion-content wd-entry-content\" data-accordion-index=\"1\">\n\t\t\t\t\t\t\t\t\t\t\t\t\t<p>M\u00fc\u015fteri Destek merkezimizle sivian@GKdiode.com \u00fczerinden ileti\u015fime ge\u00e7ebilirsiniz. Ayn\u0131 i\u015f g\u00fcn\u00fc i\u00e7inde olmasa bile, mesaj\u0131n al\u0131nmas\u0131ndan sonraki 24 saat i\u00e7inde yan\u0131t alman\u0131z gerekir. Acil yard\u0131ma ihtiyac\u0131n\u0131z varsa, M\u00fc\u015fteri Destek Merkezi ile do\u011frudan \u015fu adresten ileti\u015fime ge\u00e7ebilirsiniz <strong>+86 158 9977 3661<\/strong>.<\/p>\n\t\t\t\t\t\t\t\t\t\t\t<\/div>\n\t\t\t\t<\/div>\n\t\t\t\t\t\t\t\n\t\t\t\t\n\t\t\t\t<div class=\"wd-accordion-item\">\n\t\t\t\t\t<div class=\"wd-accordion-title font-text wd-fontsize-s wd-font-weight-600\" data-accordion-index=\"2\">\n\t\t\t\t\t\t<div class=\"wd-accordion-title-text\">\n\t\t\t\t\t\t\t\t\t\t\t\t\t\t<span>\n\t\t\t\t\t\t\t\tCihaz boyutlar\u0131 ve ambalaj\u0131 gibi temel parametreleri nerede bulabilirim?\t\t\t\t\t\t\t<\/span>\n\t\t\t\t\t\t<\/div>\n\t\t\t\t\t\t<span class=\"wd-accordion-opener\"><\/span>\n\t\t\t\t\t<\/div>\n\n\t\t\t\t\t<div class=\"wd-accordion-content wd-entry-content\" data-accordion-index=\"2\">\n\t\t\t\t\t\t\t\t\t\t\t\t\t<p>\u00dcr\u00fcn sayfas\u0131ndan indirilebilen \u201cDataSheet\u201d tipik olarak ambalaj \u00e7izimlerini ve boyutsal veri sayfalar\u0131n\u0131 i\u00e7erir. \u00d6zelle\u015ftirilmi\u015f ambalaj bilgileri i\u00e7in, ek ayr\u0131nt\u0131lar almak \u00fczere teknik destekle ileti\u015fime ge\u00e7in.<\/p>\n\t\t\t\t\t\t\t\t\t\t\t<\/div>\n\t\t\t\t<\/div>\n\t\t\t\t\t\t\t\n\t\t\t\t\n\t\t\t\t<div class=\"wd-accordion-item\">\n\t\t\t\t\t<div class=\"wd-accordion-title font-text wd-fontsize-s wd-font-weight-600\" data-accordion-index=\"3\">\n\t\t\t\t\t\t<div class=\"wd-accordion-title-text\">\n\t\t\t\t\t\t\t\t\t\t\t\t\t\t<span>\n\t\t\t\t\t\t\t\t\u00dcr\u00fcn kalitesi sorunlar\u0131 i\u00e7in sat\u0131\u015f sonras\u0131 hizmeti nas\u0131l talep edebilirim?\t\t\t\t\t\t\t<\/span>\n\t\t\t\t\t\t<\/div>\n\t\t\t\t\t\t<span class=\"wd-accordion-opener\"><\/span>\n\t\t\t\t\t<\/div>\n\n\t\t\t\t\t<div class=\"wd-accordion-content wd-entry-content\" data-accordion-index=\"3\">\n\t\t\t\t\t\t\t\t\t\t\t\t\t<p>Sat\u0131n alma belgelerinizi, parti bilgilerinizi ve ar\u0131za test raporlar\u0131n\u0131z\u0131 saklay\u0131n. Talebinizi resmi web sitesinin sat\u0131\u015f sonras\u0131 kanal\u0131 arac\u0131l\u0131\u011f\u0131yla g\u00f6nderin. Personelimiz durumu do\u011frulayacak ve bir iade\/de\u011fi\u015fim veya onar\u0131m \u00e7\u00f6z\u00fcm\u00fc sa\u011flayacakt\u0131r.<\/p>\n\t\t\t\t\t\t\t\t\t\t\t<\/div>\n\t\t\t\t<\/div>\n\t\t\t\t\t\t\t\t\t\t\t\t\t\t<\/div>\n\n\t\t<\/div><\/div><\/div><\/div>\n<\/div>","protected":false},"excerpt":{"rendered":"Do you offer free samples? Yes, we provide free samples (USUALLY\u00a010-50\u00a0PCS) for your evaluation; shipping cost is covered by the","protected":false},"author":1,"featured_media":0,"parent":0,"menu_order":0,"comment_status":"closed","ping_status":"closed","template":"","meta":{"_acf_changed":false,"footnotes":""},"class_list":["post-5647","page","type-page","status-publish","hentry"],"acf":[],"aioseo_notices":[],"_links":{"self":[{"href":"https:\/\/www.goodworksemi.com\/tr\/wp-json\/wp\/v2\/pages\/5647","targetHints":{"allow":["GET"]}}],"collection":[{"href":"https:\/\/www.goodworksemi.com\/tr\/wp-json\/wp\/v2\/pages"}],"about":[{"href":"https:\/\/www.goodworksemi.com\/tr\/wp-json\/wp\/v2\/types\/page"}],"author":[{"embeddable":true,"href":"https:\/\/www.goodworksemi.com\/tr\/wp-json\/wp\/v2\/users\/1"}],"replies":[{"embeddable":true,"href":"https:\/\/www.goodworksemi.com\/tr\/wp-json\/wp\/v2\/comments?post=5647"}],"version-history":[{"count":0,"href":"https:\/\/www.goodworksemi.com\/tr\/wp-json\/wp\/v2\/pages\/5647\/revisions"}],"wp:attachment":[{"href":"https:\/\/www.goodworksemi.com\/tr\/wp-json\/wp\/v2\/media?parent=5647"}],"curies":[{"name":"wp","href":"https:\/\/api.w.org\/{rel}","templated":true}]}}