{"id":10275,"date":"2025-12-23T15:04:57","date_gmt":"2025-12-23T07:04:57","guid":{"rendered":"https:\/\/www.goodworksemi.com\/?page_id=10275"},"modified":"2026-01-02T03:00:36","modified_gmt":"2026-01-01T19:00:36","slug":"recruiting-global-agents","status":"publish","type":"page","link":"https:\/\/www.goodworksemi.com\/tr\/recruiting-global-agents\/","title":{"rendered":"K\u00fcresel Temsilcilerin \u0130\u015fe Al\u0131nmas\u0131"},"content":{"rendered":"<div class=\"wpb-content-wrapper\"><div data-vc-full-width=\"true\" data-vc-full-width-temp=\"true\" data-vc-full-width-init=\"false\" class=\"vc_row wpb_row vc_row-fluid vc_custom_1653654948074 wd-rs-6290c594389f6\"><div class=\"wpb_column vc_column_container vc_col-sm-12 vc_col-lg-offset-2 vc_col-lg-8 vc_col-md-offset-1 vc_col-md-10 wd-rs-628e2ebc1012e\"><div class=\"vc_column-inner vc_custom_1653485246547\"><div class=\"wpb_wrapper\">\n\t\t<div id=\"wd-694a436e7293b\" class=\"title-wrapper wd-wpb wd-set-mb reset-last-child  wd-rs-694a436e7293b wd-title-color-default wd-title-style-underlined text-center  wd-underline-colored\">\n\t\t\t\t\t\t\t\n\t\t\t\t<div class=\"title-subtitle  subtitle-color-default font-default subtitle-style-default wd-font-weight- wd-fontsize-xs\">Sizinle i\u015fbirli\u011fi yapmay\u0131 d\u00f6rt g\u00f6zle bekliyoruz.<\/div>\n\t\t\t\n\t\t\t<div class=\"liner-continer\">\n\t\t\t\t<h4 class=\"woodmart-title-container title  wd-font-weight- wd-fontsize-xxl\" >K\u00fcresel Temsilcilerin \u0130\u015fe Al\u0131nmas\u0131<\/h4>\n\t\t\t\t\t\t\t<\/div>\n\t\t\t\n\t\t\t\n\t\t\t\n\t\t<\/div>\n\t\t\n\t\t\n\t<div class=\"wpb_text_column wpb_content_element\" >\n\t\t<div class=\"wpb_wrapper\">\n\t\t\t<p>2004 y\u0131l\u0131nda kurulan Shenzhen Goodwork Electronics Co., Ltd. (GOODWORK), yar\u0131 iletken ayr\u0131k cihazlar\u0131n Ar-Ge, \u00fcretim ve sat\u0131\u015f\u0131nda uzmanla\u015fm\u0131\u015f ulusal bir y\u00fcksek teknoloji \u015firketidir. Merkezi Shenzhen'de bulunan GOODWORK, kendi tescilli markas\u0131 \u201cGK\u201d alt\u0131nda faaliyet g\u00f6stererek, d\u00fcnya \u00e7ap\u0131ndaki m\u00fc\u015fterilerine istikrarl\u0131 ve g\u00fcvenilir elektronik bile\u015fenler sunmaktad\u0131r.<\/p>\n<p>Fabrika, uluslararas\u0131 standartlara uygun geli\u015fmi\u015f \u00fcretim ve test ekipmanlar\u0131yla donat\u0131lm\u0131\u015ft\u0131r ve ba\u015far\u0131yla ge\u00e7mi\u015ftir. <span style=\"color: #003366;\"><strong>ISO9001, ISO14001 ve IATF16949<\/strong> <\/span>y\u00f6netim sistemi sertifikalar\u0131.<\/p>\n<p>Deneyimli m\u00fchendislik ekibi ve profesyonel y\u00f6netim yap\u0131s\u0131 ile, <a href=\"https:\/\/www.goodworksemi.com\/\">\u0130Y\u0130 \u00c7ALI\u015eMALAR<\/a> ba\u011f\u0131ms\u0131z olarak geli\u015ftirir, \u00fcretir ve a\u015fa\u011f\u0131dakiler dahil olmak \u00fczere tam kapsaml\u0131 yar\u0131 iletken \u00fcr\u00fcnleri tedarik eder:<br \/>\n<a href=\"https:\/\/www.goodworksemi.com\/products\/diodes\/\">Diyotlar<\/a>, <a href=\"https:\/\/www.goodworksemi.com\/products\/transistors\/\">Transist\u00f6rler<\/a>,<a href=\"https:\/\/www.goodworksemi.com\/products\/bridge-rectifiers\/\"> K\u00f6pr\u00fc Do\u011frultucular<\/a>, TVS Diyotlar\u0131, <a href=\"https:\/\/www.goodworksemi.com\/products\/mosfets\/\">MOSFET'ler<\/a>, <a href=\"https:\/\/www.goodworksemi.com\/products\/diodes\/esd-protection-diodes\/\">ESD Koruma Cihazlar\u0131<\/a>, LDO Gerilim Reg\u00fclat\u00f6rleri, SCR Trist\u00f6rler ve <a href=\"https:\/\/www.goodworksemi.com\/products\/photocouplers\/\">Optik kupl\u00f6rler<\/a>.<br \/>\nT\u00fcm \u00fcr\u00fcnler uluslararas\u0131 standartlara uygundur ve a\u015fa\u011f\u0131daki kurumlar taraf\u0131ndan sertifikaland\u0131r\u0131lm\u0131\u015ft\u0131r: <span style=\"color: #003366;\"><strong>UL (ABD), SGS, RoHS ve REACH.<\/strong><\/span><\/p>\n\n\t\t<\/div>\n\t<\/div>\n<\/div><\/div><\/div><\/div><div class=\"vc_row-full-width vc_clearfix\"><\/div><div id=\"shoes\" class=\"vc_row wpb_row vc_row-fluid vc_custom_1766476268565 wd-rs-694a49b7c6839\"><div class=\"wpb_column vc_column_container vc_col-sm-12 wd-rs-67e2b3af276d0\"><div class=\"vc_column-inner vc_custom_1742910386189\"><div class=\"wpb_wrapper\">\t\t<div id=\"gallery_468\" class=\"wd-images-gallery wd-wpb wd-rs-694a49f81602d vc_custom_1766476282815 wd-carousel-container wd-wpb\" style=\"--wd-justify-content:center;--wd-align-items:center;\">\n\t\t\t\t\t\t\t<div class=\"wd-carousel-inner\">\n\t\t\t\n\t\t\t<div class=\"wd-carousel wd-grid\"data-speed=\"15000\" data-autoplay=\"yes\" data-scroll_per_page=\"yes\" data-sync_parent_id=\"wd_77a21b5a815de\" style=\"--wd-col-lg:1;--wd-col-md:1;--wd-col-sm:1;--wd-gap-lg:20px;--wd-gap-sm:10px;\">\n\t\t\t\t\t\t\t\t\t<div class=\"wd-carousel-wrap\">\n\t\t\t\t\n\t\t\t\t\t\t\t\t\t\t\t\t\t\t\t<div class=\"wd-gallery-item wd-carousel-item\">\n\t\t\t\t\t\t\t\n\t\t\t\t\t\t\t\t<img decoding=\"async\" width=\"1440\" height=\"740\" src=\"https:\/\/www.goodworksemi.com\/wp-content\/uploads\/2025\/12\/8e1a3a01db4249959fc34e2b363c6242-1.png\" class=\"wd-gallery-image image-1\" alt=\"\" srcset=\"https:\/\/www.goodworksemi.com\/wp-content\/uploads\/2025\/12\/8e1a3a01db4249959fc34e2b363c6242-1.png 1440w, https:\/\/www.goodworksemi.com\/wp-content\/uploads\/2025\/12\/8e1a3a01db4249959fc34e2b363c6242-1-300x154.png 300w, https:\/\/www.goodworksemi.com\/wp-content\/uploads\/2025\/12\/8e1a3a01db4249959fc34e2b363c6242-1-1024x526.png 1024w, https:\/\/www.goodworksemi.com\/wp-content\/uploads\/2025\/12\/8e1a3a01db4249959fc34e2b363c6242-1-768x395.png 768w, https:\/\/www.goodworksemi.com\/wp-content\/uploads\/2025\/12\/8e1a3a01db4249959fc34e2b363c6242-1-18x9.png 18w, https:\/\/www.goodworksemi.com\/wp-content\/uploads\/2025\/12\/8e1a3a01db4249959fc34e2b363c6242-1-1200x617.png 1200w\" sizes=\"(max-width: 1440px) 100vw, 1440px\" \/>\n\t\t\t\t\t\t\t\t\t\t\t\t\t\t<\/div>\n\t\t\t\t\t\t\t\t\t\n\t\t\t\t\t\t\t\t\t<\/div>\n\t\t\t\t\t\t\t<\/div>\n\n\t\t\t\t\t\t\t\n\t\t\t\t<\/div>\n\n\t\t\t\t\t\t\t\t\t\t\t\t\t<\/div>\n\t\t\n\t<div class=\"wpb_text_column wpb_content_element\" >\n\t\t<div class=\"wpb_wrapper\">\n\t\t\t<p>Kalite, g\u00fcvenilirlik ve kar\u015f\u0131l\u0131kl\u0131 b\u00fcy\u00fcmeye dayal\u0131 uzun vadeli i\u015fbirli\u011fine ba\u011fl\u0131y\u0131z. <a href=\"https:\/\/www.goodworksemi.com\/\"><span style=\"color: #003366;\"><strong>\u0130Y\u0130 \u00c7ALI\u015eMALAR<\/strong><\/span><\/a> uluslararas\u0131 varl\u0131\u011f\u0131m\u0131z\u0131 geni\u015fletmek ve yerel pazarlara daha verimli hizmet sunmak i\u00e7in \u015fu anda k\u00fcresel acenteler ve da\u011f\u0131t\u0131m ortaklar\u0131 ar\u0131yor.<\/p>\n<p>G\u00fc\u00e7l\u00fc ve istikrarl\u0131 bir \u00fcretici ar\u0131yorsan\u0131z <a href=\"https:\/\/www.goodworksemi.com\/quality-reliability\/\"><span style=\"color: #003366;\"><strong>teknik destek<\/strong><\/span><\/a>, tutarl\u0131 kalite ve rekabet\u00e7i tedarik <a href=\"https:\/\/www.goodworksemi.com\/capabilities\/\"><span style=\"color: #003366;\"><strong>yetenek<\/strong><\/span><\/a>, sizinle i\u015fbirli\u011fi f\u0131rsatlar\u0131n\u0131 ara\u015ft\u0131rmaktan memnuniyet duyar\u0131z.<\/p>\n<p><span style=\"color: #003366;\"><strong>Sizinle i\u015fbirli\u011fi yapmay\u0131 i\u00e7tenlikle bekliyoruz. Bize ula\u015f\u0131n:<\/strong><\/span><a href=\"mailto:sivian@gkdiode.com\">sivian@gkdiode.com<\/a><\/p>\n<p>&nbsp;<\/p>\n\n\t\t<\/div>\n\t<\/div>\n<\/div><\/div><\/div><\/div>\n<\/div>","protected":false},"excerpt":{"rendered":"Looking Forward to Cooperating with You Recruiting Global Agents Shenzhen Goodwork Electronics Co., Ltd. (GOODWORK), founded in 2004, is a","protected":false},"author":1,"featured_media":0,"parent":0,"menu_order":0,"comment_status":"closed","ping_status":"closed","template":"","meta":{"_acf_changed":false,"footnotes":""},"class_list":["post-10275","page","type-page","status-publish","hentry"],"acf":[],"aioseo_notices":[],"_links":{"self":[{"href":"https:\/\/www.goodworksemi.com\/tr\/wp-json\/wp\/v2\/pages\/10275","targetHints":{"allow":["GET"]}}],"collection":[{"href":"https:\/\/www.goodworksemi.com\/tr\/wp-json\/wp\/v2\/pages"}],"about":[{"href":"https:\/\/www.goodworksemi.com\/tr\/wp-json\/wp\/v2\/types\/page"}],"author":[{"embeddable":true,"href":"https:\/\/www.goodworksemi.com\/tr\/wp-json\/wp\/v2\/users\/1"}],"replies":[{"embeddable":true,"href":"https:\/\/www.goodworksemi.com\/tr\/wp-json\/wp\/v2\/comments?post=10275"}],"version-history":[{"count":0,"href":"https:\/\/www.goodworksemi.com\/tr\/wp-json\/wp\/v2\/pages\/10275\/revisions"}],"wp:attachment":[{"href":"https:\/\/www.goodworksemi.com\/tr\/wp-json\/wp\/v2\/media?parent=10275"}],"curies":[{"name":"wp","href":"https:\/\/api.w.org\/{rel}","templated":true}]}}