{"id":8793,"date":"2025-12-04T23:42:02","date_gmt":"2025-12-04T15:42:02","guid":{"rendered":"https:\/\/www.goodworksemi.com\/?post_type=product&#038;p=8793"},"modified":"2026-03-13T17:09:04","modified_gmt":"2026-03-13T09:09:04","slug":"ab54s","status":"publish","type":"product","link":"https:\/\/www.goodworksemi.com\/fr\/products\/ab54s\/","title":{"rendered":"AB54S"},"content":{"rendered":"<table id=\"table_1\" class=\"scroll display nowrap data-t data-t wpDataTable wpDataTableID-14 dataTable\" data-described-by=\"table_1_desc\" data-wpdatatable_id=\"14\" aria-describedby=\"table_1_info\">\n<thead>\n<tr>\n<th class=\"wdtheader sort expand column-partnumber sorting\" tabindex=\"0\" colspan=\"1\" rowspan=\"1\" data-class=\"expand\" aria-controls=\"table_1\" aria-label=\" Num\u00e9ro de pi\u00e8ceind\u00e9fini\">Num\u00e9ro de pi\u00e8ce<\/th>\n<th class=\"wdtheader sort column-vrrmv sorting\" tabindex=\"0\" colspan=\"1\" rowspan=\"1\" aria-controls=\"table_1\" aria-label=\" VRRM(V)non d\u00e9fini\">VRRM(V)<\/th>\n<th class=\"wdtheader sort column-iav sorting\" tabindex=\"0\" colspan=\"1\" rowspan=\"1\" aria-controls=\"table_1\" aria-label=\" I(AV)ind\u00e9fini\">I(AV)<\/th>\n<th class=\"wdtheader sort column-ifsma sorting\" tabindex=\"0\" colspan=\"1\" rowspan=\"1\" aria-controls=\"table_1\" aria-label=\" IFSM(A)non d\u00e9fini\">IFSM(A)<\/th>\n<th class=\"wdtheader sort column-vfv sorting\" tabindex=\"0\" colspan=\"1\" rowspan=\"1\" aria-controls=\"table_1\" aria-label=\" VF(V)non d\u00e9fini\">VF(V)<\/th>\n<th class=\"wdtheader sort column-ifv sorting\" tabindex=\"0\" colspan=\"1\" rowspan=\"1\" aria-controls=\"table_1\" aria-label=\" IF(V)ind\u00e9fini\">IF(V)<\/th>\n<th class=\"wdtheader sort column-irua sorting\" tabindex=\"0\" colspan=\"1\" rowspan=\"1\" aria-controls=\"table_1\" aria-label=\" IR(Ua)ind\u00e9fini\">IR(Ua)<\/th>\n<th class=\"wdtheader sort column-vrv sorting\" tabindex=\"0\" colspan=\"1\" rowspan=\"1\" aria-controls=\"table_1\" aria-label=\" VR(V)ind\u00e9fini\">VR(V)<\/th>\n<th class=\"wdtheader sort column-trrns sorting\" tabindex=\"0\" colspan=\"1\" rowspan=\"1\" aria-controls=\"table_1\" aria-label=\" TRR(ns)ind\u00e9fini\">TRR(ns)<\/th>\n<th class=\"wdtheader sort column-package sorting\" tabindex=\"0\" colspan=\"1\" rowspan=\"1\" aria-controls=\"table_1\" aria-label=\" Paquetd\u00e9fini\">Paquet<\/th>\n<\/tr>\n<\/thead>\n<tbody>\n<tr class=\"odd\">\n<td class=\"expand  column-partnumber\">AB54S<\/td>\n<td class=\"column-vrrmv\">40<\/td>\n<td class=\"column-iav\">5<\/td>\n<td class=\"column-ifsma\">120<\/td>\n<td class=\"column-vfv\">0.55<\/td>\n<td class=\"column-ifv\">5<\/td>\n<td class=\"column-irua\">0.2<\/td>\n<td class=\"column-vrv\">40<\/td>\n<td class=\"column-trrns\">-<\/td>\n<td class=\"column-package\">ABS<\/td>\n<\/tr>\n<\/tbody>\n<\/table>","protected":false},"excerpt":{"rendered":"<p>Part Number VRRM(V) I(AV) IFSM(A) VF(V) IF(V) IR(Ua) VR(V) TRR(ns) Package AB54S 40 5 120 0.55 5 0.2 40 &#8211;<\/p>","protected":false},"featured_media":0,"template":"","meta":{"_acf_changed":false},"product_brand":[],"product_cat":[110,81],"product_tag":[],"class_list":{"0":"post-8793","1":"product","2":"type-product","3":"status-publish","5":"product_cat-mini-bridge","6":"product_cat-schottky-bridge","8":"first","9":"instock","10":"shipping-taxable","11":"product-type-simple"},"acf":[],"aioseo_notices":[],"_links":{"self":[{"href":"https:\/\/www.goodworksemi.com\/fr\/wp-json\/wp\/v2\/product\/8793","targetHints":{"allow":["GET"]}}],"collection":[{"href":"https:\/\/www.goodworksemi.com\/fr\/wp-json\/wp\/v2\/product"}],"about":[{"href":"https:\/\/www.goodworksemi.com\/fr\/wp-json\/wp\/v2\/types\/product"}],"wp:attachment":[{"href":"https:\/\/www.goodworksemi.com\/fr\/wp-json\/wp\/v2\/media?parent=8793"}],"wp:term":[{"taxonomy":"product_brand","embeddable":true,"href":"https:\/\/www.goodworksemi.com\/fr\/wp-json\/wp\/v2\/product_brand?post=8793"},{"taxonomy":"product_cat","embeddable":true,"href":"https:\/\/www.goodworksemi.com\/fr\/wp-json\/wp\/v2\/product_cat?post=8793"},{"taxonomy":"product_tag","embeddable":true,"href":"https:\/\/www.goodworksemi.com\/fr\/wp-json\/wp\/v2\/product_tag?post=8793"}],"curies":[{"name":"wp","href":"https:\/\/api.w.org\/{rel}","templated":true}]}}