{"id":6757,"date":"2025-11-23T13:38:33","date_gmt":"2025-11-23T05:38:33","guid":{"rendered":"https:\/\/www.goodworksemi.com\/?post_type=product&#038;p=6757"},"modified":"2025-11-23T13:38:52","modified_gmt":"2025-11-23T05:38:52","slug":"p4ke16ca","status":"publish","type":"product","link":"https:\/\/www.goodworksemi.com\/fr\/products\/p4ke16ca\/","title":{"rendered":"P4KE16(C)A"},"content":{"rendered":"<table id=\"table_1\" class=\"scroll display nowrap data-t data-t wpDataTable wpDataTableID-12 dataTable\" data-described-by=\"table_1_desc\" data-wpdatatable_id=\"12\" aria-describedby=\"table_1_info\">\n<thead>\n<tr>\n<th class=\"wdtheader sort expand column-partnumber sorting\" tabindex=\"0\" colspan=\"1\" rowspan=\"1\" data-class=\"expand\" aria-controls=\"table_1\" aria-label=\" Num\u00e9ro de pi\u00e8ceind\u00e9fini\">Num\u00e9ro de pi\u00e8ce<\/th>\n<th class=\"wdtheader sort column-uni sorting\" tabindex=\"0\" colspan=\"1\" rowspan=\"1\" aria-controls=\"table_1\" aria-label=\" UNI non d\u00e9fini\">UNI<\/th>\n<th class=\"wdtheader sort column-bi sorting\" tabindex=\"0\" colspan=\"1\" rowspan=\"1\" aria-controls=\"table_1\" aria-label=\" BI non d\u00e9fini\">BI<\/th>\n<th class=\"wdtheader sort column-vrmw sorting\" tabindex=\"0\" colspan=\"1\" rowspan=\"1\" aria-controls=\"table_1\" aria-label=\" VRMWundefined\">VRMW<\/th>\n<th class=\"wdtheader sort column-vbrminv sorting\" tabindex=\"0\" colspan=\"1\" rowspan=\"1\" aria-controls=\"table_1\" aria-label=\" VBR(Min.V)undefined\">VBR(Min.V)<\/th>\n<th class=\"wdtheader sort column-vbrmaxv sorting\" tabindex=\"0\" colspan=\"1\" rowspan=\"1\" aria-controls=\"table_1\" aria-label=\" VBR(Max.V)ind\u00e9fini\">VBR(Max.V)<\/th>\n<th class=\"wdtheader sort column-itma sorting\" tabindex=\"0\" colspan=\"1\" rowspan=\"1\" aria-controls=\"table_1\" aria-label=\" IT(mA)ind\u00e9fini\">IT(mA)<\/th>\n<th class=\"wdtheader sort column-vcv sorting\" tabindex=\"0\" colspan=\"1\" rowspan=\"1\" aria-controls=\"table_1\" aria-label=\" Vc(V)ind\u00e9fini\">Vc(V)<\/th>\n<th class=\"wdtheader sort column-ippa sorting\" tabindex=\"0\" colspan=\"1\" rowspan=\"1\" aria-controls=\"table_1\" aria-label=\" Ipp(A)ind\u00e9fini\">Ipp(A)<\/th>\n<th class=\"wdtheader sort column-irua sorting\" tabindex=\"0\" colspan=\"1\" rowspan=\"1\" aria-controls=\"table_1\" aria-label=\" IR(Ua)ind\u00e9fini\">IR(Ua)<\/th>\n<th class=\"wdtheader sort column-package sorting\" tabindex=\"0\" colspan=\"1\" rowspan=\"1\" aria-controls=\"table_1\" aria-label=\" Paquetd\u00e9fini\">Paquet<\/th>\n<\/tr>\n<\/thead>\n<tbody>\n<tr class=\"odd\">\n<td class=\"expand  column-partnumber\">P4KE16(C)A<\/td>\n<td class=\"column-uni\">P4KE16A<\/td>\n<td class=\"column-bi\">P4KE16CA<\/td>\n<td class=\"column-vrmw\">13.6<\/td>\n<td class=\"column-vbrminv\">15.2<\/td>\n<td class=\"column-vbrmaxv\">16.8<\/td>\n<td class=\"column-itma\">1<\/td>\n<td class=\"column-vcv\">22.5<\/td>\n<td class=\"column-ippa\">19<\/td>\n<td class=\"column-irua\">5<\/td>\n<td class=\"column-package\">DO-41<\/td>\n<\/tr>\n<\/tbody>\n<\/table>","protected":false},"excerpt":{"rendered":"<p>Part Number UNI BI VRMW VBR(Min.V) VBR(Max.V) IT(mA) Vc(V) Ipp(A) IR(Ua) Package P4KE16(C)A P4KE16A P4KE16CA 13.6 15.2 16.8 1 22.5<\/p>","protected":false},"featured_media":6743,"template":"","meta":{"_acf_changed":false},"product_brand":[],"product_cat":[95],"product_tag":[],"class_list":{"0":"post-6757","1":"product","2":"type-product","3":"status-publish","4":"has-post-thumbnail","6":"product_cat-transient-voltage-suppressors","8":"first","9":"instock","10":"shipping-taxable","11":"product-type-simple"},"acf":[],"aioseo_notices":[],"_links":{"self":[{"href":"https:\/\/www.goodworksemi.com\/fr\/wp-json\/wp\/v2\/product\/6757","targetHints":{"allow":["GET"]}}],"collection":[{"href":"https:\/\/www.goodworksemi.com\/fr\/wp-json\/wp\/v2\/product"}],"about":[{"href":"https:\/\/www.goodworksemi.com\/fr\/wp-json\/wp\/v2\/types\/product"}],"wp:featuredmedia":[{"embeddable":true,"href":"https:\/\/www.goodworksemi.com\/fr\/wp-json\/wp\/v2\/media\/6743"}],"wp:attachment":[{"href":"https:\/\/www.goodworksemi.com\/fr\/wp-json\/wp\/v2\/media?parent=6757"}],"wp:term":[{"taxonomy":"product_brand","embeddable":true,"href":"https:\/\/www.goodworksemi.com\/fr\/wp-json\/wp\/v2\/product_brand?post=6757"},{"taxonomy":"product_cat","embeddable":true,"href":"https:\/\/www.goodworksemi.com\/fr\/wp-json\/wp\/v2\/product_cat?post=6757"},{"taxonomy":"product_tag","embeddable":true,"href":"https:\/\/www.goodworksemi.com\/fr\/wp-json\/wp\/v2\/product_tag?post=6757"}],"curies":[{"name":"wp","href":"https:\/\/api.w.org\/{rel}","templated":true}]}}