{"id":10384,"date":"2025-12-29T10:42:32","date_gmt":"2025-12-29T02:42:32","guid":{"rendered":"https:\/\/www.goodworksemi.com\/?post_type=product&#038;p=10384"},"modified":"2025-12-31T14:59:28","modified_gmt":"2025-12-31T06:59:28","slug":"1smb5914b","status":"publish","type":"product","link":"https:\/\/www.goodworksemi.com\/fr\/products\/1smb5914b\/","title":{"rendered":"1SMB5914B"},"content":{"rendered":"<table id=\"table_1\" class=\"scroll display nowrap data-t data-t wpDataTable wpDataTableID-21 dataTable\" style=\"height: 78px;\" width=\"964\" data-described-by=\"table_1_desc\" data-wpdatatable_id=\"21\" aria-describedby=\"table_1_info\">\n<thead>\n<tr>\n<th class=\"wdtheader sort expand column-partnumber sorting\" style=\"text-align: center;\" tabindex=\"0\" colspan=\"1\" rowspan=\"1\" data-class=\"expand\" aria-controls=\"table_1\" aria-label=\" NUM\u00c9RO DE PI\u00c8CE non d\u00e9fini\">NUM\u00c9RO DE PI\u00c8CE<\/th>\n<th class=\"wdtheader sort column-datesheet sorting\" style=\"text-align: center;\" tabindex=\"0\" colspan=\"1\" rowspan=\"1\" aria-controls=\"table_1\" aria-label=\" DATASHEETundefined\"><\/th>\n<th class=\"wdtheader sort column-minv sorting\" style=\"text-align: center;\" tabindex=\"0\" colspan=\"1\" rowspan=\"1\" aria-controls=\"table_1\" aria-label=\" MIN\/Vundefined\">MIN\/V<\/th>\n<th class=\"wdtheader sort column-nomv sorting\" style=\"text-align: center;\" tabindex=\"0\" colspan=\"1\" rowspan=\"1\" aria-controls=\"table_1\" aria-label=\" NOM\/Vundefined\">NOM\/V<\/th>\n<th class=\"wdtheader sort column-maxv sorting\" style=\"text-align: center;\" tabindex=\"0\" colspan=\"1\" rowspan=\"1\" aria-controls=\"table_1\" aria-label=\" MAX\/Vundefined\">MAX\/V<\/th>\n<th class=\"wdtheader sort column-zztmax sorting\" style=\"text-align: center;\" tabindex=\"0\" colspan=\"1\" rowspan=\"1\" aria-controls=\"table_1\" aria-label=\" ZZT\/Max. (\u03a9)ind\u00e9fini\">ZZT\/MAX. (\u03a9)<\/th>\n<th class=\"wdtheader sort column-iztma sorting\" style=\"text-align: center;\" tabindex=\"0\" colspan=\"1\" rowspan=\"1\" aria-controls=\"table_1\" aria-label=\" IZT\/mAundefined\">IZT\/MA<\/th>\n<th class=\"wdtheader sort column-irmaxua sorting\" style=\"text-align: center;\" tabindex=\"0\" colspan=\"1\" rowspan=\"1\" aria-controls=\"table_1\" aria-label=\" IR\/Max. (\u03bcA)ind\u00e9fini\">IR\/MAX. (\u039cA)<\/th>\n<th class=\"wdtheader sort column-vrv sorting\" style=\"text-align: center;\" tabindex=\"0\" colspan=\"1\" rowspan=\"1\" aria-controls=\"table_1\" aria-label=\" VR\/Vundefined\">VR\/V<\/th>\n<th class=\"wdtheader sort column-packageoutline sorting\" style=\"text-align: center;\" tabindex=\"0\" colspan=\"1\" rowspan=\"1\" aria-controls=\"table_1\" aria-label=\" Package outlineundefined\">APER\u00c7U DU PAQUET<\/th>\n<\/tr>\n<\/thead>\n<tbody>\n<tr class=\"odd selected\">\n<td class=\"expand column-partnumber\" style=\"text-align: center;\">1SMB5914B<\/td>\n<td class=\"column-datesheet\" style=\"text-align: center;\"><\/td>\n<td class=\"column-minv\" style=\"text-align: center;\">3.42<\/td>\n<td class=\"column-nomv\" style=\"text-align: center;\">3.6<\/td>\n<td class=\"column-maxv\" style=\"text-align: center;\">3.78<\/td>\n<td class=\"column-zztmax\" style=\"text-align: center;\">9<\/td>\n<td class=\"column-iztma\" style=\"text-align: center;\">75<\/td>\n<td class=\"column-irmaxua\" style=\"text-align: center;\">104.2<\/td>\n<td class=\"column-vrv\" style=\"text-align: center;\">1<\/td>\n<td class=\"column-packageoutline\" style=\"text-align: center;\">PME<\/td>\n<\/tr>\n<\/tbody>\n<\/table>","protected":false},"excerpt":{"rendered":"<p>PART NUMBER MIN\/V NOM\/V MAX\/V ZZT\/MAX. (\u2126) IZT\/MA IR\/MAX. (\u039cA) VR\/V PACKAGE OUTLINE 1SMB5914B 3.42 3.6 3.78 9 75 104.2<\/p>","protected":false},"featured_media":0,"template":"","meta":{"_acf_changed":false},"product_brand":[],"product_cat":[96],"product_tag":[],"class_list":{"0":"post-10384","1":"product","2":"type-product","3":"status-publish","5":"product_cat-zener-diodes","7":"first","8":"instock","9":"shipping-taxable","10":"product-type-simple"},"acf":[],"aioseo_notices":[],"_links":{"self":[{"href":"https:\/\/www.goodworksemi.com\/fr\/wp-json\/wp\/v2\/product\/10384","targetHints":{"allow":["GET"]}}],"collection":[{"href":"https:\/\/www.goodworksemi.com\/fr\/wp-json\/wp\/v2\/product"}],"about":[{"href":"https:\/\/www.goodworksemi.com\/fr\/wp-json\/wp\/v2\/types\/product"}],"wp:attachment":[{"href":"https:\/\/www.goodworksemi.com\/fr\/wp-json\/wp\/v2\/media?parent=10384"}],"wp:term":[{"taxonomy":"product_brand","embeddable":true,"href":"https:\/\/www.goodworksemi.com\/fr\/wp-json\/wp\/v2\/product_brand?post=10384"},{"taxonomy":"product_cat","embeddable":true,"href":"https:\/\/www.goodworksemi.com\/fr\/wp-json\/wp\/v2\/product_cat?post=10384"},{"taxonomy":"product_tag","embeddable":true,"href":"https:\/\/www.goodworksemi.com\/fr\/wp-json\/wp\/v2\/product_tag?post=10384"}],"curies":[{"name":"wp","href":"https:\/\/api.w.org\/{rel}","templated":true}]}}