{"id":10566,"date":"2026-01-02T00:02:06","date_gmt":"2026-01-01T16:02:06","guid":{"rendered":"https:\/\/www.goodworksemi.com\/?page_id=10566"},"modified":"2026-01-22T01:05:42","modified_gmt":"2026-01-21T17:05:42","slug":"payment-systems","status":"publish","type":"page","link":"https:\/\/www.goodworksemi.com\/fr\/industrial\/payment-systems\/","title":{"rendered":"Syst\u00e8mes de paiement"},"content":{"rendered":"<div class=\"wpb-content-wrapper\"><div class=\"vc_row wpb_row vc_row-fluid vc_custom_1666272691679 wd-rs-63514da96d73a\"><div class=\"wpb_column vc_column_container vc_col-sm-12 vc_col-has-fill wd-rs-69295a9d81041\"><div class=\"vc_column-inner vc_custom_1764317862750\"><div class=\"wpb_wrapper\">\n\t\t<div id=\"wd-6958057b2fa45\" class=\"title-wrapper wd-wpb wd-set-mb reset-last-child  wd-rs-6958057b2fa45 wd-title-color-default wd-title-style-default text-left vc_custom_1767376259555 wd-underline-colored\">\n\t\t\t\n\t\t\t<div class=\"liner-continer\">\n\t\t\t\t<h4 class=\"woodmart-title-container title  wd-font-weight- wd-fontsize-m\" >Syst\u00e8mes de paiement<\/h4>\n\t\t\t\t\t\t\t<\/div>\n\t\t\t\n\t\t\t\n\t\t\t\n\t\t<\/div>\n\t\t\n\t\t\t\t\t<div id=\"carousel-451\" class=\"wd-carousel-container info-box-carousel-wrapper wd-wpb  vc_custom_1669126738686 wd-rs-637cda47d9060\">\n\t\t\t\t<div class=\"wd-carousel-inner\">\n\t\t\t\t\t<div class=\"wd-carousel wd-grid info-box-carousel\" data-scroll_per_page=\"yes\" style=\"--wd-col-lg:3;--wd-col-md:3;--wd-col-sm:1;--wd-gap-lg:20px;--wd-gap-sm:10px;\">\n\t\t\t\t\t\t<div class=\"wd-carousel-wrap\">\n\t\t\t\t\t\t\t\t\t\t<div class=\"info-box-wrapper wd-carousel-item\">\n\t\t\t\t<div id=\"wd-69295cc32d52e\" class=\"wd-rs-69295cc32d52e wd-info-box wd-wpb text-center box-icon-align-top box-style- color-scheme- wd-bg-none vc_custom_1764318851404\">\n\t\t\t\t\t\t\t\t\t\t\t<div class=\"box-icon-wrapper  box-with-icon box-icon-simple\">\n\t\t\t\t\t\t\t<div class=\"info-box-icon\">\n\n\t\t\t\t\t\t\t\n\t\t\t\t\t\t\t\t\t\t\t\t\t\t\t\t\t<div class=\"info-svg-wrapper\" style=\"width: 64px;height: 64px;\"><img decoding=\"async\"  src=\"https:\/\/www.goodworksemi.com\/wp-content\/themes\/woodmart\/images\/lazy.svg\" data-src=\"https:\/\/www.goodworksemi.com\/wp-content\/uploads\/2025\/11\/logitech-g735-icon-1-1.svg\" loading=\"lazy\" width=\"64\" height=\"64\"><\/div>\t\t\t\t\t\t\t\t\t\t\t\t\t\t\t\n\t\t\t\t\t\t\t<\/div>\n\t\t\t\t\t\t<\/div>\n\t\t\t\t\t\t\t\t\t\t<div class=\"info-box-content\">\n\t\t\t\t\t\t<h4 class=\"info-box-title title box-title-style-default wd-fontsize-m\">Satisfaction des clients<\/h4>\t\t\t\t\t\t<div class=\"info-box-inner reset-last-child\"><p>Des processus logistiques modernes, efficaces et orient\u00e9s vers le client<\/p>\n<\/div>\n\n\t\t\t\t\t\t\t\t\t\t\t<\/div>\n\n\t\t\t\t\t\n\t\t\t\t\t\t\t\t\t<\/div>\n\t\t\t<\/div>\n\t\t\t\t\t<div class=\"info-box-wrapper wd-carousel-item\">\n\t\t\t\t<div id=\"wd-695803f841bec\" class=\"wd-rs-695803f841bec wd-info-box wd-wpb text-center box-icon-align-top box-style- color-scheme- wd-bg-none vc_custom_1767375889512\">\n\t\t\t\t\t\t\t\t\t\t\t<div class=\"box-icon-wrapper  box-with-icon box-icon-simple\">\n\t\t\t\t\t\t\t<div class=\"info-box-icon\">\n\n\t\t\t\t\t\t\t\n\t\t\t\t\t\t\t\t\t\t\t\t\t\t\t\t\t<div class=\"info-svg-wrapper\" style=\"width: 64px;height: 64px;\"><img decoding=\"async\"  src=\"https:\/\/www.goodworksemi.com\/wp-content\/themes\/woodmart\/images\/lazy.svg\" data-src=\"https:\/\/www.goodworksemi.com\/wp-content\/uploads\/2025\/11\/logitech-g735-icon-2-1.svg\" loading=\"lazy\" width=\"64\" height=\"64\"><\/div>\t\t\t\t\t\t\t\t\t\t\t\t\t\t\t\n\t\t\t\t\t\t\t<\/div>\n\t\t\t\t\t\t<\/div>\n\t\t\t\t\t\t\t\t\t\t<div class=\"info-box-content\">\n\t\t\t\t\t\t<h4 class=\"info-box-title title box-title-style-default wd-fontsize-m\">Haute qualit\u00e9<\/h4>\t\t\t\t\t\t<div class=\"info-box-inner reset-last-child\"><p>Conception intelligente et processus de fabrication \u00e9prouv\u00e9s<\/p>\n<\/div>\n\n\t\t\t\t\t\t\t\t\t\t\t<\/div>\n\n\t\t\t\t\t\n\t\t\t\t\t\t\t\t\t<\/div>\n\t\t\t<\/div>\n\t\t\t\t\t<div class=\"info-box-wrapper wd-carousel-item\">\n\t\t\t\t<div id=\"wd-69295ef679ba8\" class=\"wd-rs-69295ef679ba8 wd-info-box wd-wpb text-center box-icon-align-top box-style- color-scheme- wd-bg-none vc_custom_1764319065005\">\n\t\t\t\t\t\t\t\t\t\t\t<div class=\"box-icon-wrapper  box-with-icon box-icon-simple\">\n\t\t\t\t\t\t\t<div class=\"info-box-icon\">\n\n\t\t\t\t\t\t\t\n\t\t\t\t\t\t\t\t\t\t\t\t\t\t\t\t\t<div class=\"info-svg-wrapper\" style=\"width: 64px;height: 64px;\"><img decoding=\"async\"  src=\"https:\/\/www.goodworksemi.com\/wp-content\/themes\/woodmart\/images\/lazy.svg\" data-src=\"https:\/\/www.goodworksemi.com\/wp-content\/uploads\/2025\/11\/logitech-g735-icon-3-1.svg\" loading=\"lazy\" width=\"64\" height=\"64\"><\/div>\t\t\t\t\t\t\t\t\t\t\t\t\t\t\t\n\t\t\t\t\t\t\t<\/div>\n\t\t\t\t\t\t<\/div>\n\t\t\t\t\t\t\t\t\t\t<div class=\"info-box-content\">\n\t\t\t\t\t\t<h4 class=\"info-box-title title box-title-style-default wd-fontsize-m\">Hautement certifi\u00e9<\/h4>\t\t\t\t\t\t<div class=\"info-box-inner reset-last-child\"><p>Plus de 25 ans d'expertise en mati\u00e8re de technologie et de fabrication.<\/p>\n<\/div>\n\n\t\t\t\t\t\t\t\t\t\t\t<\/div>\n\n\t\t\t\t\t\n\t\t\t\t\t\t\t\t\t<\/div>\n\t\t\t<\/div>\n\t\t\t\t\t\t\t\t<\/div>\n\t\t\t\t\t<\/div>\n\n\t\t\t\t\t\t\t\t\t\t\t\t\t<div class=\"wd-nav-arrows wd-pos-sep wd-hover-1 wd-icon-1\">\n\t\t\t<div class=\"wd-btn-arrow wd-prev wd-disabled\">\n\t\t\t\t<div class=\"wd-arrow-inner\"><\/div>\n\t\t\t<\/div>\n\t\t\t<div class=\"wd-btn-arrow wd-next\">\n\t\t\t\t<div class=\"wd-arrow-inner\"><\/div>\n\t\t\t<\/div>\n\t\t<\/div>\n\t\t\t\t\t\t\t\t\t\t\t<\/div>\n\n\t\t\t\t\t\t\t\t\t\t\t<\/div>\n\t\t<div class=\"vc_row wpb_row vc_inner vc_row-fluid\"><div class=\"wpb_column vc_column_container vc_col-sm-12\"><div class=\"vc_column-inner\"><div class=\"wpb_wrapper\">\t\t<div id=\"wd-69580a9191f3c\" class=\"wd-text-block wd-wpb reset-last-child wd-rs-69580a9191f3c text-left vc_custom_1767377561462\">\n\t\t\t<h4>Composants de l'ouvrage d'art utilis\u00e9s<\/h4>\n<ul>\n<li>LDO<\/li>\n<li>MOSFETs<\/li>\n<li>Diodes<\/li>\n<\/ul>\n\t\t<\/div>\n\t\t\n\t<div class=\"wpb_text_column wpb_content_element vc_custom_1767376288034\" >\n\t\t<div class=\"wpb_wrapper\">\n\t\t\t<p>Un syst\u00e8me de paiement est un syst\u00e8me utilis\u00e9 pour transf\u00e9rer de l'argent. Avec l'av\u00e8nement des ordinateurs et des communications \u00e9lectroniques, un grand nombre de syst\u00e8mes de paiement \u00e9lectronique alternatifs ont vu le jour. Il s'agit notamment des cartes de d\u00e9bit, des cartes de cr\u00e9dit, des transferts \u00e9lectroniques de fonds, des cr\u00e9dits directs, des d\u00e9bits directs, des services bancaires en ligne et des syst\u00e8mes de paiement pour le commerce \u00e9lectronique. Certains syst\u00e8mes de paiement comprennent des m\u00e9canismes de cr\u00e9dit, mais il s'agit essentiellement d'un aspect diff\u00e9rent du paiement. Les syst\u00e8mes de paiement sont utilis\u00e9s \u00e0 la place de l'argent liquide dans les transactions nationales et internationales et constituent un service majeur fourni par les banques et autres institutions financi\u00e8res.<\/p>\n\n\t\t<\/div>\n\t<\/div>\n<\/div><\/div><\/div><\/div><\/div><\/div><\/div><\/div><div class=\"vc_row wpb_row vc_row-fluid vc_custom_1767375961602 vc_row-has-fill wd-rs-695804542a880\"><div class=\"wpb_column vc_column_container vc_col-sm-4 vc_col-has-fill wd-rs-6940181b78349\"><div class=\"vc_column-inner vc_custom_1765808171121\"><div class=\"wpb_wrapper\">\n\t\t<div id=\"wd-6937f36d4caf1\" class=\"title-wrapper wd-wpb wd-set-mb reset-last-child  wd-rs-6937f36d4caf1 wd-title-color-white wd-title-style-default text-left vc_custom_1765274494251 wd-underline-colored\">\n\t\t\t\n\t\t\t<div class=\"liner-continer\">\n\t\t\t\t<h4 class=\"woodmart-title-container title  wd-font-weight- wd-fontsize-l\" >Rejoindre...<u> \u00c9TATS-UNIS <\/u> en tant que distributeur mondial<\/h4>\n\t\t\t\t\t\t\t<\/div>\n\t\t\t\n\t\t\t\n\t\t\t\n\t\t<\/div>\n\t\t\n\t\t\t\t<div id=\"wd-6937f2928104f\" class=\"wd-text-block wd-wpb reset-last-child wd-rs-6937f2928104f text-left wd-width-enabled wd-fontsize-xs vc_custom_1765274265819\" style=\"--wd-max-width: 90%;\">\n\t\t\t<p>GOODWORK Semicon est \u00e0 la recherche de distributeurs internationaux pour \u00e9tendre sa port\u00e9e. Nous offrons un support technique et d'ing\u00e9nierie complet pour assurer votre succ\u00e8s dans la livraison de solutions de semi-conducteurs de haute qualit\u00e9 dans le monde entier.<\/p>\n\t\t<\/div>\n\t\t<div id=\"wd-6957f104959be\" class=\"wd-rs-6957f104959be vc_custom_1767371026815 wd-button-wrapper text-left\"><a href=\"https:\/\/www.goodworksemi.com\/recruiting-global-agents\/\" title=\"\" class=\"btn btn-color-white btn-style-link btn-shape-rectangle btn-size-default\">VOIR PLUS<\/a><\/div><\/div><\/div><\/div><div class=\"wpb_column vc_column_container vc_col-sm-4 wd-rs-693fdf9ae9d1c\"><div class=\"vc_column-inner\"><div class=\"wpb_wrapper\"><\/div><\/div><\/div><div class=\"wpb_column vc_column_container vc_col-sm-4\"><div class=\"vc_column-inner\"><div class=\"wpb_wrapper\"><\/div><\/div><\/div><\/div><div class=\"vc_row wpb_row vc_row-fluid vc_custom_1765793962420 wd-rs-693fe0a2098fa\"><div class=\"wpb_column vc_column_container vc_col-sm-12 wd-rs-63514db6c5d19\"><div class=\"vc_column-inner vc_custom_1666272699823\"><div class=\"wpb_wrapper\">\t\t\t<div id=\"carousel-402\" class=\"wd-carousel-container info-box-carousel-wrapper wd-wpb   wd-rs-6970e70b154f6\">\n\t\t\t\t<div class=\"wd-carousel-inner\">\n\t\t\t\t\t<div class=\"wd-carousel wd-grid info-box-carousel\" style=\"--wd-col-lg:6;--wd-col-md:4;--wd-col-sm:2;--wd-gap-lg:30px;--wd-gap-sm:10px;\">\n\t\t\t\t\t\t<div class=\"wd-carousel-wrap\">\n\t\t\t\t\t\t\t\t\t\t<div class=\"info-box-wrapper wd-carousel-item\">\n\t\t\t\t<div id=\"wd-6970e8ee4b5f9\" class=\"wd-animation-zoom-in wd-animation-normal wd-rs-6970e8ee4b5f9 wd-info-box wd-wpb text-center box-icon-align-top box-style-shadow color-scheme- wd-bg-none wd-off-anim wpb_animate_when_almost_visible wpb_wd-slide-from-bottom wd-slide-from-bottom wd-anim-name_wd-slide-from-bottom\">\n\t\t\t\t\t\t\t\t\t\t\t<div class=\"box-icon-wrapper  box-with-icon box-icon-simple\">\n\t\t\t\t\t\t\t<div class=\"info-box-icon\">\n\n\t\t\t\t\t\t\t\n\t\t\t\t\t\t\t\t\t\t\t\t\t\t\t\t\t<img decoding=\"async\" width=\"260\" height=\"260\" src=\"https:\/\/www.goodworksemi.com\/wp-content\/uploads\/2026\/01\/SMA.png\" class=\"attachment-full size-full\" alt=\"\" srcset=\"https:\/\/www.goodworksemi.com\/wp-content\/uploads\/2026\/01\/SMA.png 260w, https:\/\/www.goodworksemi.com\/wp-content\/uploads\/2026\/01\/SMA-150x150.png 150w, https:\/\/www.goodworksemi.com\/wp-content\/uploads\/2026\/01\/SMA-12x12.png 12w\" sizes=\"(max-width: 260px) 100vw, 260px\" \/>\t\t\t\t\t\t\t\t\t\t\t\t\t\t\t\n\t\t\t\t\t\t\t<\/div>\n\t\t\t\t\t\t<\/div>\n\t\t\t\t\t\t\t\t\t\t<div class=\"info-box-content\">\n\t\t\t\t\t\t<h4 class=\"info-box-title title box-title-style-default wd-fontsize-m\">SMA<\/h4>\t\t\t\t\t\t<div class=\"info-box-inner reset-last-child\"><\/div>\n\n\t\t\t\t\t\t\t\t\t\t\t<\/div>\n\n\t\t\t\t\t\n\t\t\t\t\t\t\t\t\t<\/div>\n\t\t\t<\/div>\n\t\t\t\t\t<div class=\"info-box-wrapper wd-carousel-item\">\n\t\t\t\t<div id=\"wd-6970e8fa65753\" class=\"wd-animation-zoom-in wd-animation-normal wd-rs-6970e8fa65753 wd-info-box wd-wpb text-center box-icon-align-top box-style-shadow color-scheme- wd-bg-none wd-off-anim wpb_animate_when_almost_visible wpb_wd-slide-from-bottom wd-slide-from-bottom wd-anim-name_wd-slide-from-bottom\">\n\t\t\t\t\t\t\t\t\t\t\t<div class=\"box-icon-wrapper  box-with-icon box-icon-simple\">\n\t\t\t\t\t\t\t<div class=\"info-box-icon\">\n\n\t\t\t\t\t\t\t\n\t\t\t\t\t\t\t\t\t\t\t\t\t\t\t\t\t<img decoding=\"async\" width=\"260\" height=\"260\" src=\"https:\/\/www.goodworksemi.com\/wp-content\/uploads\/2026\/01\/SOD-323.png\" class=\"attachment-full size-full\" alt=\"\" srcset=\"https:\/\/www.goodworksemi.com\/wp-content\/uploads\/2026\/01\/SOD-323.png 260w, https:\/\/www.goodworksemi.com\/wp-content\/uploads\/2026\/01\/SOD-323-150x150.png 150w, https:\/\/www.goodworksemi.com\/wp-content\/uploads\/2026\/01\/SOD-323-12x12.png 12w\" sizes=\"(max-width: 260px) 100vw, 260px\" \/>\t\t\t\t\t\t\t\t\t\t\t\t\t\t\t\n\t\t\t\t\t\t\t<\/div>\n\t\t\t\t\t\t<\/div>\n\t\t\t\t\t\t\t\t\t\t<div class=\"info-box-content\">\n\t\t\t\t\t\t<h4 class=\"info-box-title title box-title-style-default wd-fontsize-m\">SOD-323<\/h4>\t\t\t\t\t\t<div class=\"info-box-inner reset-last-child\"><\/div>\n\n\t\t\t\t\t\t\t\t\t\t\t<\/div>\n\n\t\t\t\t\t\n\t\t\t\t\t\t\t\t\t<\/div>\n\t\t\t<\/div>\n\t\t\t\t\t<div class=\"info-box-wrapper wd-carousel-item\">\n\t\t\t\t<div id=\"wd-6970e8675df76\" class=\"wd-animation-zoom-in wd-animation-normal wd-rs-6970e8675df76 wd-info-box wd-wpb text-center box-icon-align-top box-style-shadow color-scheme- wd-bg-none wd-off-anim wpb_animate_when_almost_visible wpb_wd-slide-from-bottom wd-slide-from-bottom wd-anim-name_wd-slide-from-bottom\">\n\t\t\t\t\t\t\t\t\t\t\t<div class=\"box-icon-wrapper  box-with-icon box-icon-simple\">\n\t\t\t\t\t\t\t<div class=\"info-box-icon\">\n\n\t\t\t\t\t\t\t\n\t\t\t\t\t\t\t\t\t\t\t\t\t\t\t\t\t<img decoding=\"async\" width=\"260\" height=\"260\" src=\"https:\/\/www.goodworksemi.com\/wp-content\/uploads\/2026\/01\/SOT-23.png\" class=\"attachment-800x600 size-800x600\" alt=\"\" srcset=\"https:\/\/www.goodworksemi.com\/wp-content\/uploads\/2026\/01\/SOT-23.png 260w, https:\/\/www.goodworksemi.com\/wp-content\/uploads\/2026\/01\/SOT-23-150x150.png 150w, https:\/\/www.goodworksemi.com\/wp-content\/uploads\/2026\/01\/SOT-23-12x12.png 12w\" sizes=\"(max-width: 260px) 100vw, 260px\" \/>\t\t\t\t\t\t\t\t\t\t\t\t\t\t\t\n\t\t\t\t\t\t\t<\/div>\n\t\t\t\t\t\t<\/div>\n\t\t\t\t\t\t\t\t\t\t<div class=\"info-box-content\">\n\t\t\t\t\t\t<h4 class=\"info-box-title title box-title-style-default wd-fontsize-m\">SOT-23<\/h4>\t\t\t\t\t\t<div class=\"info-box-inner reset-last-child\"><\/div>\n\n\t\t\t\t\t\t\t\t\t\t\t<\/div>\n\n\t\t\t\t\t\n\t\t\t\t\t\t\t\t\t<\/div>\n\t\t\t<\/div>\n\t\t\t\t\t<div class=\"info-box-wrapper wd-carousel-item\">\n\t\t\t\t<div id=\"wd-6971073e2fe62\" class=\"wd-animation-zoom-in wd-animation-normal wd-rs-6971073e2fe62 wd-info-box wd-wpb text-center box-icon-align-top box-style-shadow color-scheme- wd-bg-none wd-off-anim wpb_animate_when_almost_visible wpb_wd-slide-from-bottom wd-slide-from-bottom wd-anim-name_wd-slide-from-bottom\">\n\t\t\t\t\t\t\t\t\t\t\t<div class=\"box-icon-wrapper  box-with-icon box-icon-simple\">\n\t\t\t\t\t\t\t<div class=\"info-box-icon\">\n\n\t\t\t\t\t\t\t\n\t\t\t\t\t\t\t\t\t\t\t\t\t\t\t\t\t<img decoding=\"async\" width=\"260\" height=\"260\" src=\"https:\/\/www.goodworksemi.com\/wp-content\/uploads\/2026\/01\/SOD123FL.png\" class=\"attachment-800x600 size-800x600\" alt=\"\" srcset=\"https:\/\/www.goodworksemi.com\/wp-content\/uploads\/2026\/01\/SOD123FL.png 260w, https:\/\/www.goodworksemi.com\/wp-content\/uploads\/2026\/01\/SOD123FL-150x150.png 150w, https:\/\/www.goodworksemi.com\/wp-content\/uploads\/2026\/01\/SOD123FL-12x12.png 12w\" sizes=\"(max-width: 260px) 100vw, 260px\" \/>\t\t\t\t\t\t\t\t\t\t\t\t\t\t\t\n\t\t\t\t\t\t\t<\/div>\n\t\t\t\t\t\t<\/div>\n\t\t\t\t\t\t\t\t\t\t<div class=\"info-box-content\">\n\t\t\t\t\t\t<h4 class=\"info-box-title title box-title-style-default wd-fontsize-m\">SOD123FL<\/h4>\t\t\t\t\t\t<div class=\"info-box-inner reset-last-child\"><\/div>\n\n\t\t\t\t\t\t\t\t\t\t\t<\/div>\n\n\t\t\t\t\t\n\t\t\t\t\t\t\t\t\t<\/div>\n\t\t\t<\/div>\n\t\t\t\t\t<div class=\"info-box-wrapper wd-carousel-item\">\n\t\t\t\t<div id=\"wd-6970e899cf0c7\" class=\"wd-animation-zoom-in wd-animation-normal wd-rs-6970e899cf0c7 wd-info-box wd-wpb text-center box-icon-align-top box-style-shadow color-scheme- wd-bg-none wd-off-anim wpb_animate_when_almost_visible wpb_wd-slide-from-bottom wd-slide-from-bottom wd-anim-name_wd-slide-from-bottom\">\n\t\t\t\t\t\t\t\t\t\t\t<div class=\"box-icon-wrapper  box-with-icon box-icon-simple\">\n\t\t\t\t\t\t\t<div class=\"info-box-icon\">\n\n\t\t\t\t\t\t\t\n\t\t\t\t\t\t\t\t\t\t\t\t\t\t\t\t\t<img decoding=\"async\" width=\"260\" height=\"260\" src=\"https:\/\/www.goodworksemi.com\/wp-content\/uploads\/2026\/01\/SOT89.png\" class=\"attachment-800x600 size-800x600\" alt=\"\" srcset=\"https:\/\/www.goodworksemi.com\/wp-content\/uploads\/2026\/01\/SOT89.png 260w, https:\/\/www.goodworksemi.com\/wp-content\/uploads\/2026\/01\/SOT89-150x150.png 150w, https:\/\/www.goodworksemi.com\/wp-content\/uploads\/2026\/01\/SOT89-12x12.png 12w\" sizes=\"(max-width: 260px) 100vw, 260px\" \/>\t\t\t\t\t\t\t\t\t\t\t\t\t\t\t\n\t\t\t\t\t\t\t<\/div>\n\t\t\t\t\t\t<\/div>\n\t\t\t\t\t\t\t\t\t\t<div class=\"info-box-content\">\n\t\t\t\t\t\t<h4 class=\"info-box-title title box-title-style-default wd-fontsize-m\">SOT89<\/h4>\t\t\t\t\t\t<div class=\"info-box-inner reset-last-child\"><\/div>\n\n\t\t\t\t\t\t\t\t\t\t\t<\/div>\n\n\t\t\t\t\t\n\t\t\t\t\t\t\t\t\t<\/div>\n\t\t\t<\/div>\n\t\t\t\t\t\t\t\t<\/div>\n\t\t\t\t\t<\/div>\n\n\t\t\t\t\t\t\t\t\t<\/div>\n\n\t\t\t\t\t\t\t\t\t\t\t<\/div>\n\t\t<\/div><\/div><\/div><\/div><div class=\"vc_row wpb_row vc_row-fluid vc_custom_1764321777397 vc_row-o-content-middle vc_row-flex wd-rs-692969eb8d5b4\"><div class=\"wpb_column vc_column_container vc_col-sm-12 vc_col-lg-6 vc_col-md-5 wd-rs-69299dfe72c8d\"><div class=\"vc_column-inner vc_custom_1764335106401\"><div class=\"wpb_wrapper\">\n\t\t<div id=\"wd-69299da855c6b\" class=\"title-wrapper wd-wpb wd-set-mb reset-last-child  wd-rs-69299da855c6b wd-title-color-default wd-title-style-default text-left vc_custom_1764335098275 wd-width-enabled wd-underline-colored\" style=\"--wd-max-width: 90%;\">\n\t\t\t\n\t\t\t<div class=\"liner-continer\">\n\t\t\t\t<h4 class=\"woodmart-title-container title  wd-font-weight- wd-fontsize-l\" >Syst\u00e8me de gestion de la qualit\u00e9<\/h4>\n\t\t\t\t\t\t\t<\/div>\n\t\t\t\n\t\t\t\t\t\t\t<div class=\"title-after_title reset-last-child  wd-fontsize-xs\">Une gestion rigoureuse soutient notre croissance de haute qualit\u00e9. Nous sommes certifi\u00e9s ISO14001, ISO9001 et IATF16949, et tous les produits et mat\u00e9riaux sont enti\u00e8rement conformes aux normes RoHS et REACH de l'UE, ainsi qu'\u00e0 d'autres exigences environnementales pertinentes.<\/div>\n\t\t\t\n\t\t\t\n\t\t<\/div>\n\t\t\n\t\t<div id=\"wd-692969831a7e5\" class=\"wd-rs-692969831a7e5  wd-button-wrapper text-center inline-element\"><a href=\"https:\/\/www.goodworksemi.com\/about-us\/company\/\" title=\"\" class=\"btn btn-color-primary btn-style-default btn-shape-rectangle btn-size-default\">VOIR PLUS<\/a><\/div><\/div><\/div><\/div><div class=\"wpb_column vc_column_container vc_col-sm-12 vc_col-lg-6 vc_col-md-7\"><div class=\"vc_column-inner\"><div class=\"wpb_wrapper\"><div class=\"vc_row wpb_row vc_inner vc_row-fluid\"><div class=\"wpb_column vc_column_container vc_col-sm-12 vc_col-lg-6 vc_col-md-6\"><div class=\"vc_column-inner\"><div class=\"wpb_wrapper\">\t\t\t<div class=\"info-box-wrapper\">\n\t\t\t\t<div id=\"wd-692966cd9733e\" class=\"wd-rs-692966cd9733e wd-info-box wd-wpb text-left box-icon-align-left box-style- color-scheme- wd-bg-none wd-items-top\">\n\t\t\t\t\t\t\t\t\t\t\t<div class=\"box-icon-wrapper  box-with-icon box-icon-with-bg\">\n\t\t\t\t\t\t\t<div class=\"info-box-icon\">\n\n\t\t\t\t\t\t\t\n\t\t\t\t\t\t\t\t\t\t\t\t\t\t\t\t\t<img decoding=\"async\" width=\"45\" height=\"45\" src=\"https:\/\/www.goodworksemi.com\/wp-content\/uploads\/2025\/11\/ISO9001-45x45.png\" class=\"attachment-45x45 size-45x45\" alt=\"\" srcset=\"https:\/\/www.goodworksemi.com\/wp-content\/uploads\/2025\/11\/ISO9001-45x45.png 45w, https:\/\/www.goodworksemi.com\/wp-content\/uploads\/2025\/11\/ISO9001-150x150.png 150w, https:\/\/www.goodworksemi.com\/wp-content\/uploads\/2025\/11\/ISO9001.png 200w\" sizes=\"(max-width: 45px) 100vw, 45px\" \/>\t\t\t\t\t\t\t\t\t\t\t\t\t\t\t\n\t\t\t\t\t\t\t<\/div>\n\t\t\t\t\t\t<\/div>\n\t\t\t\t\t\t\t\t\t\t<div class=\"info-box-content\">\n\t\t\t\t\t\t<h4 class=\"info-box-title title box-title-style-default wd-fontsize-m\">ISO9001<\/h4>\t\t\t\t\t\t<div class=\"info-box-inner reset-last-child\"><p>GOODWORK Semiconductor - Diodes, MOSFETs et solutions de redressement fiables pour l'\u00e9lectronique industrielle et grand public<\/p>\n<\/div>\n\n\t\t\t\t\t\t\t\t\t\t\t<\/div>\n\n\t\t\t\t\t\n\t\t\t\t\t\t\t\t\t<\/div>\n\t\t\t<\/div>\n\t\t\t\t\t<div class=\"info-box-wrapper\">\n\t\t\t\t<div id=\"wd-69296873dceb8\" class=\"wd-rs-69296873dceb8 wd-info-box wd-wpb text-left box-icon-align-left box-style- color-scheme- wd-bg-none wd-items-top vc_custom_1764321451550\">\n\t\t\t\t\t\t\t\t\t\t\t<div class=\"box-icon-wrapper  box-with-icon box-icon-with-bg\">\n\t\t\t\t\t\t\t<div class=\"info-box-icon\">\n\n\t\t\t\t\t\t\t\n\t\t\t\t\t\t\t\t\t\t\t\t\t\t\t\t\t<img decoding=\"async\" width=\"45\" height=\"45\" src=\"https:\/\/www.goodworksemi.com\/wp-content\/uploads\/2025\/11\/ISO14001-1-45x45.png\" class=\"attachment-45x45 size-45x45\" alt=\"\" srcset=\"https:\/\/www.goodworksemi.com\/wp-content\/uploads\/2025\/11\/ISO14001-1-45x45.png 45w, https:\/\/www.goodworksemi.com\/wp-content\/uploads\/2025\/11\/ISO14001-1-150x150.png 150w, https:\/\/www.goodworksemi.com\/wp-content\/uploads\/2025\/11\/ISO14001-1.png 200w\" sizes=\"(max-width: 45px) 100vw, 45px\" \/>\t\t\t\t\t\t\t\t\t\t\t\t\t\t\t\n\t\t\t\t\t\t\t<\/div>\n\t\t\t\t\t\t<\/div>\n\t\t\t\t\t\t\t\t\t\t<div class=\"info-box-content\">\n\t\t\t\t\t\t<h4 class=\"info-box-title title box-title-style-default wd-fontsize-m\">ISO14001<\/h4>\t\t\t\t\t\t<div class=\"info-box-inner reset-last-child\"><p>Diodes et dispositifs de puissance de pr\u00e9cision | GOODWORK Semiconductor<\/p>\n<\/div>\n\n\t\t\t\t\t\t\t\t\t\t\t<\/div>\n\n\t\t\t\t\t\n\t\t\t\t\t\t\t\t\t<\/div>\n\t\t\t<\/div>\n\t\t<\/div><\/div><\/div><div class=\"wpb_column vc_column_container vc_col-sm-12 vc_col-lg-6 vc_col-md-6\"><div class=\"vc_column-inner\"><div class=\"wpb_wrapper\">\t\t\t<div class=\"info-box-wrapper\">\n\t\t\t\t<div id=\"wd-694b44a5a8f7f\" class=\"wd-rs-694b44a5a8f7f wd-info-box wd-wpb text-left box-icon-align-left box-style- color-scheme- wd-bg-none wd-items-top vc_custom_1766540463104\">\n\t\t\t\t\t\t\t\t\t\t\t<div class=\"box-icon-wrapper  box-with-icon box-icon-with-bg\">\n\t\t\t\t\t\t\t<div class=\"info-box-icon\">\n\n\t\t\t\t\t\t\t\n\t\t\t\t\t\t\t\t\t\t\t\t\t\t\t\t\t<img decoding=\"async\" width=\"45\" height=\"45\" src=\"https:\/\/www.goodworksemi.com\/wp-content\/uploads\/2025\/11\/IATF16949-1-45x45.png\" class=\"attachment-45x45 size-45x45\" alt=\"\" srcset=\"https:\/\/www.goodworksemi.com\/wp-content\/uploads\/2025\/11\/IATF16949-1-45x45.png 45w, https:\/\/www.goodworksemi.com\/wp-content\/uploads\/2025\/11\/IATF16949-1-150x150.png 150w, https:\/\/www.goodworksemi.com\/wp-content\/uploads\/2025\/11\/IATF16949-1.png 200w\" sizes=\"(max-width: 45px) 100vw, 45px\" \/>\t\t\t\t\t\t\t\t\t\t\t\t\t\t\t\n\t\t\t\t\t\t\t<\/div>\n\t\t\t\t\t\t<\/div>\n\t\t\t\t\t\t\t\t\t\t<div class=\"info-box-content\">\n\t\t\t\t\t\t<h4 class=\"info-box-title title box-title-style-default wd-fontsize-m\">IATF16949<\/h4>\t\t\t\t\t\t<div class=\"info-box-inner reset-last-child\"><p>Composants semi-conducteurs certifi\u00e9s pour l'automobile, l'industrie et les syst\u00e8mes d'alimentation.<\/p>\n<\/div>\n\n\t\t\t\t\t\t\t\t\t\t\t<\/div>\n\n\t\t\t\t\t\n\t\t\t\t\t\t\t\t\t<\/div>\n\t\t\t<\/div>\n\t\t\t\t\t<div class=\"info-box-wrapper\">\n\t\t\t\t<div id=\"wd-692969b9d143e\" class=\"wd-rs-692969b9d143e wd-info-box wd-wpb text-left box-icon-align-left box-style- color-scheme- wd-bg-none wd-items-top vc_custom_1764321724924\">\n\t\t\t\t\t\t\t\t\t\t\t<div class=\"box-icon-wrapper  box-with-icon box-icon-with-bg\">\n\t\t\t\t\t\t\t<div class=\"info-box-icon\">\n\n\t\t\t\t\t\t\t\n\t\t\t\t\t\t\t\t\t\t\t\t\t\t\t\t\t<img decoding=\"async\" width=\"45\" height=\"45\" src=\"https:\/\/www.goodworksemi.com\/wp-content\/uploads\/2025\/11\/rohs-45x45.png\" class=\"attachment-45x45 size-45x45\" alt=\"\" srcset=\"https:\/\/www.goodworksemi.com\/wp-content\/uploads\/2025\/11\/rohs-45x45.png 45w, https:\/\/www.goodworksemi.com\/wp-content\/uploads\/2025\/11\/rohs-150x150.png 150w\" sizes=\"(max-width: 45px) 100vw, 45px\" \/>\t\t\t\t\t\t\t\t\t\t\t\t\t\t\t\n\t\t\t\t\t\t\t<\/div>\n\t\t\t\t\t\t<\/div>\n\t\t\t\t\t\t\t\t\t\t<div class=\"info-box-content\">\n\t\t\t\t\t\t<h4 class=\"info-box-title title box-title-style-default wd-fontsize-m\">Environnement RoHS<\/h4>\t\t\t\t\t\t<div class=\"info-box-inner reset-last-child\"><p>Semi-conducteurs de puissance haute performance | Diodes, MOSFETs, Ponts Rectificateurs | GOODWORK<\/p>\n<\/div>\n\n\t\t\t\t\t\t\t\t\t\t\t<\/div>\n\n\t\t\t\t\t\n\t\t\t\t\t\t\t\t\t<\/div>\n\t\t\t<\/div>\n\t\t<\/div><\/div><\/div><\/div><\/div><\/div><\/div><\/div>\n<\/div>","protected":false},"excerpt":{"rendered":"Payment Systems Customer Satisfaction Modern, efficient and customer-oriented logistics processes High Quality Leading Intelligent Design and proven manufacturing processes Highly","protected":false},"author":1,"featured_media":0,"parent":5757,"menu_order":0,"comment_status":"closed","ping_status":"closed","template":"","meta":{"_acf_changed":false,"footnotes":""},"class_list":["post-10566","page","type-page","status-publish","hentry"],"acf":[],"aioseo_notices":[],"_links":{"self":[{"href":"https:\/\/www.goodworksemi.com\/fr\/wp-json\/wp\/v2\/pages\/10566","targetHints":{"allow":["GET"]}}],"collection":[{"href":"https:\/\/www.goodworksemi.com\/fr\/wp-json\/wp\/v2\/pages"}],"about":[{"href":"https:\/\/www.goodworksemi.com\/fr\/wp-json\/wp\/v2\/types\/page"}],"author":[{"embeddable":true,"href":"https:\/\/www.goodworksemi.com\/fr\/wp-json\/wp\/v2\/users\/1"}],"replies":[{"embeddable":true,"href":"https:\/\/www.goodworksemi.com\/fr\/wp-json\/wp\/v2\/comments?post=10566"}],"version-history":[{"count":0,"href":"https:\/\/www.goodworksemi.com\/fr\/wp-json\/wp\/v2\/pages\/10566\/revisions"}],"up":[{"embeddable":true,"href":"https:\/\/www.goodworksemi.com\/fr\/wp-json\/wp\/v2\/pages\/5757"}],"wp:attachment":[{"href":"https:\/\/www.goodworksemi.com\/fr\/wp-json\/wp\/v2\/media?parent=10566"}],"curies":[{"name":"wp","href":"https:\/\/api.w.org\/{rel}","templated":true}]}}