{"id":10275,"date":"2025-12-23T15:04:57","date_gmt":"2025-12-23T07:04:57","guid":{"rendered":"https:\/\/www.goodworksemi.com\/?page_id=10275"},"modified":"2026-01-02T03:00:36","modified_gmt":"2026-01-01T19:00:36","slug":"recruiting-global-agents","status":"publish","type":"page","link":"https:\/\/www.goodworksemi.com\/fr\/recruiting-global-agents\/","title":{"rendered":"Recrutement d'agents internationaux"},"content":{"rendered":"<div class=\"wpb-content-wrapper\"><div data-vc-full-width=\"true\" data-vc-full-width-temp=\"true\" data-vc-full-width-init=\"false\" class=\"vc_row wpb_row vc_row-fluid vc_custom_1653654948074 wd-rs-6290c594389f6\"><div class=\"wpb_column vc_column_container vc_col-sm-12 vc_col-lg-offset-2 vc_col-lg-8 vc_col-md-offset-1 vc_col-md-10 wd-rs-628e2ebc1012e\"><div class=\"vc_column-inner vc_custom_1653485246547\"><div class=\"wpb_wrapper\">\n\t\t<div id=\"wd-694a436e7293b\" class=\"title-wrapper wd-wpb wd-set-mb reset-last-child  wd-rs-694a436e7293b wd-title-color-default wd-title-style-underlined text-center  wd-underline-colored\">\n\t\t\t\t\t\t\t\n\t\t\t\t<div class=\"title-subtitle  subtitle-color-default font-default subtitle-style-default wd-font-weight- wd-fontsize-xs\">Dans l'attente de coop\u00e9rer avec vous<\/div>\n\t\t\t\n\t\t\t<div class=\"liner-continer\">\n\t\t\t\t<h4 class=\"woodmart-title-container title  wd-font-weight- wd-fontsize-xxl\" >Recrutement d'agents internationaux<\/h4>\n\t\t\t\t\t\t\t<\/div>\n\t\t\t\n\t\t\t\n\t\t\t\n\t\t<\/div>\n\t\t\n\t\t\n\t<div class=\"wpb_text_column wpb_content_element\" >\n\t\t<div class=\"wpb_wrapper\">\n\t\t\t<p>Shenzhen Goodwork Electronics Co. (GOODWORK), fond\u00e9e en 2004, est une entreprise nationale de haute technologie sp\u00e9cialis\u00e9e dans la recherche et le d\u00e9veloppement, la fabrication et la vente de semi-conducteurs discrets. Bas\u00e9e \u00e0 Shenzhen, GOODWORK op\u00e8re sous sa propre marque d\u00e9pos\u00e9e \u201cGK\u201d et fournit \u00e0 ses clients du monde entier des composants \u00e9lectroniques stables et fiables.<\/p>\n<p>L'usine est \u00e9quip\u00e9e d'un mat\u00e9riel de production et d'essai de pointe qui r\u00e9pond aux normes internationales et a pass\u00e9 avec succ\u00e8s les tests suivants <span style=\"color: #003366;\"><strong>ISO9001, ISO14001 et IATF16949<\/strong> <\/span>les certifications des syst\u00e8mes de gestion.<\/p>\n<p>Avec une \u00e9quipe d'ing\u00e9nieurs exp\u00e9riment\u00e9s et une structure de gestion professionnelle, <a href=\"https:\/\/www.goodworksemi.com\/\">BON TRAVAIL<\/a> d\u00e9veloppe, fabrique et fournit de mani\u00e8re ind\u00e9pendante une gamme compl\u00e8te de produits semi-conducteurs, notamment :<br \/>\n<a href=\"https:\/\/www.goodworksemi.com\/products\/diodes\/\">Diodes<\/a>, <a href=\"https:\/\/www.goodworksemi.com\/products\/transistors\/\">Transistors<\/a>,<a href=\"https:\/\/www.goodworksemi.com\/products\/bridge-rectifiers\/\"> Ponts redresseurs<\/a>, Diodes TVS, <a href=\"https:\/\/www.goodworksemi.com\/products\/mosfets\/\">MOSFETs<\/a>, <a href=\"https:\/\/www.goodworksemi.com\/products\/diodes\/esd-protection-diodes\/\">Dispositifs de protection contre les d\u00e9charges \u00e9lectrostatiques (ESD)<\/a>, R\u00e9gulateurs de tension, r\u00e9gulateurs de tension LDO, thyristors SCR, et <a href=\"https:\/\/www.goodworksemi.com\/products\/photocouplers\/\">Optocoupleurs<\/a>.<br \/>\nTous les produits sont conformes aux normes internationales et sont certifi\u00e9s par <span style=\"color: #003366;\"><strong>UL (USA), SGS, RoHS et REACH.<\/strong><\/span><\/p>\n\n\t\t<\/div>\n\t<\/div>\n<\/div><\/div><\/div><\/div><div class=\"vc_row-full-width vc_clearfix\"><\/div><div id=\"shoes\" class=\"vc_row wpb_row vc_row-fluid vc_custom_1766476268565 wd-rs-694a49b7c6839\"><div class=\"wpb_column vc_column_container vc_col-sm-12 wd-rs-67e2b3af276d0\"><div class=\"vc_column-inner vc_custom_1742910386189\"><div class=\"wpb_wrapper\">\t\t<div id=\"gallery_388\" class=\"wd-images-gallery wd-wpb wd-rs-694a49f81602d vc_custom_1766476282815 wd-carousel-container wd-wpb\" style=\"--wd-justify-content:center;--wd-align-items:center;\">\n\t\t\t\t\t\t\t<div class=\"wd-carousel-inner\">\n\t\t\t\n\t\t\t<div class=\"wd-carousel wd-grid\"data-speed=\"15000\" data-autoplay=\"yes\" data-scroll_per_page=\"yes\" data-sync_parent_id=\"wd_77a21b5a815de\" style=\"--wd-col-lg:1;--wd-col-md:1;--wd-col-sm:1;--wd-gap-lg:20px;--wd-gap-sm:10px;\">\n\t\t\t\t\t\t\t\t\t<div class=\"wd-carousel-wrap\">\n\t\t\t\t\n\t\t\t\t\t\t\t\t\t\t\t\t\t\t\t<div class=\"wd-gallery-item wd-carousel-item\">\n\t\t\t\t\t\t\t\n\t\t\t\t\t\t\t\t<img decoding=\"async\" width=\"1440\" height=\"740\" src=\"https:\/\/www.goodworksemi.com\/wp-content\/uploads\/2025\/12\/8e1a3a01db4249959fc34e2b363c6242-1.png\" class=\"wd-gallery-image image-1\" alt=\"\" srcset=\"https:\/\/www.goodworksemi.com\/wp-content\/uploads\/2025\/12\/8e1a3a01db4249959fc34e2b363c6242-1.png 1440w, https:\/\/www.goodworksemi.com\/wp-content\/uploads\/2025\/12\/8e1a3a01db4249959fc34e2b363c6242-1-300x154.png 300w, https:\/\/www.goodworksemi.com\/wp-content\/uploads\/2025\/12\/8e1a3a01db4249959fc34e2b363c6242-1-1024x526.png 1024w, https:\/\/www.goodworksemi.com\/wp-content\/uploads\/2025\/12\/8e1a3a01db4249959fc34e2b363c6242-1-768x395.png 768w, https:\/\/www.goodworksemi.com\/wp-content\/uploads\/2025\/12\/8e1a3a01db4249959fc34e2b363c6242-1-18x9.png 18w, https:\/\/www.goodworksemi.com\/wp-content\/uploads\/2025\/12\/8e1a3a01db4249959fc34e2b363c6242-1-1200x617.png 1200w\" sizes=\"(max-width: 1440px) 100vw, 1440px\" \/>\n\t\t\t\t\t\t\t\t\t\t\t\t\t\t<\/div>\n\t\t\t\t\t\t\t\t\t\n\t\t\t\t\t\t\t\t\t<\/div>\n\t\t\t\t\t\t\t<\/div>\n\n\t\t\t\t\t\t\t\n\t\t\t\t<\/div>\n\n\t\t\t\t\t\t\t\t\t\t\t\t\t<\/div>\n\t\t\n\t<div class=\"wpb_text_column wpb_content_element\" >\n\t\t<div class=\"wpb_wrapper\">\n\t\t\t<p>Nous nous engageons \u00e0 coop\u00e9rer \u00e0 long terme sur la base de la qualit\u00e9, de la fiabilit\u00e9 et de la croissance mutuelle. <a href=\"https:\/\/www.goodworksemi.com\/\"><span style=\"color: #003366;\"><strong>BON TRAVAIL<\/strong><\/span><\/a> recrute actuellement des agents mondiaux et des partenaires de distribution afin d'\u00e9tendre sa pr\u00e9sence internationale et de servir plus efficacement les march\u00e9s locaux.<\/p>\n<p>Si vous \u00eates \u00e0 la recherche d'un fabricant stable avec de solides <a href=\"https:\/\/www.goodworksemi.com\/quality-reliability\/\"><span style=\"color: #003366;\"><strong>l'assistance technique<\/strong><\/span><\/a>, une qualit\u00e9 constante et une offre comp\u00e9titive <a href=\"https:\/\/www.goodworksemi.com\/capabilities\/\"><span style=\"color: #003366;\"><strong>capacit\u00e9<\/strong><\/span><\/a>, Nous serions heureux d'\u00e9tudier les possibilit\u00e9s de coop\u00e9ration avec vous.<\/p>\n<p><span style=\"color: #003366;\"><strong>Nous esp\u00e9rons sinc\u00e8rement coop\u00e9rer avec vous. Contactez nous :<\/strong><\/span><a href=\"mailto:sivian@gkdiode.com\">sivian@gkdiode.com<\/a><\/p>\n<p>&nbsp;<\/p>\n\n\t\t<\/div>\n\t<\/div>\n<\/div><\/div><\/div><\/div>\n<\/div>","protected":false},"excerpt":{"rendered":"Looking Forward to Cooperating with You Recruiting Global Agents Shenzhen Goodwork Electronics Co., Ltd. (GOODWORK), founded in 2004, is a","protected":false},"author":1,"featured_media":0,"parent":0,"menu_order":0,"comment_status":"closed","ping_status":"closed","template":"","meta":{"_acf_changed":false,"footnotes":""},"class_list":["post-10275","page","type-page","status-publish","hentry"],"acf":[],"aioseo_notices":[],"_links":{"self":[{"href":"https:\/\/www.goodworksemi.com\/fr\/wp-json\/wp\/v2\/pages\/10275","targetHints":{"allow":["GET"]}}],"collection":[{"href":"https:\/\/www.goodworksemi.com\/fr\/wp-json\/wp\/v2\/pages"}],"about":[{"href":"https:\/\/www.goodworksemi.com\/fr\/wp-json\/wp\/v2\/types\/page"}],"author":[{"embeddable":true,"href":"https:\/\/www.goodworksemi.com\/fr\/wp-json\/wp\/v2\/users\/1"}],"replies":[{"embeddable":true,"href":"https:\/\/www.goodworksemi.com\/fr\/wp-json\/wp\/v2\/comments?post=10275"}],"version-history":[{"count":0,"href":"https:\/\/www.goodworksemi.com\/fr\/wp-json\/wp\/v2\/pages\/10275\/revisions"}],"wp:attachment":[{"href":"https:\/\/www.goodworksemi.com\/fr\/wp-json\/wp\/v2\/media?parent=10275"}],"curies":[{"name":"wp","href":"https:\/\/api.w.org\/{rel}","templated":true}]}}