{"id":10564,"date":"2026-01-02T00:01:46","date_gmt":"2026-01-01T16:01:46","guid":{"rendered":"https:\/\/www.goodworksemi.com\/?page_id=10564"},"modified":"2026-01-22T01:03:46","modified_gmt":"2026-01-21T17:03:46","slug":"lighting-ballast","status":"publish","type":"page","link":"https:\/\/www.goodworksemi.com\/es\/industrial\/lighting-ballast\/","title":{"rendered":"Balasto de iluminaci\u00f3n"},"content":{"rendered":"<div class=\"wpb-content-wrapper\"><div class=\"vc_row wpb_row vc_row-fluid vc_custom_1666272691679 wd-rs-63514da96d73a\"><div class=\"wpb_column vc_column_container vc_col-sm-12 vc_col-has-fill wd-rs-69295a9d81041\"><div class=\"vc_column-inner vc_custom_1764317862750\"><div class=\"wpb_wrapper\">\n\t\t<div id=\"wd-695805319f848\" class=\"title-wrapper wd-wpb wd-set-mb reset-last-child  wd-rs-695805319f848 wd-title-color-default wd-title-style-default text-left vc_custom_1767376184132 wd-underline-colored\">\n\t\t\t\n\t\t\t<div class=\"liner-continer\">\n\t\t\t\t<h4 class=\"woodmart-title-container title  wd-font-weight- wd-fontsize-m\" >Balasto de iluminaci\u00f3n<\/h4>\n\t\t\t\t\t\t\t<\/div>\n\t\t\t\n\t\t\t\n\t\t\t\n\t\t<\/div>\n\t\t\n\t\t\t\t\t<div id=\"carousel-217\" class=\"wd-carousel-container info-box-carousel-wrapper wd-wpb  vc_custom_1669126738686 wd-rs-637cda47d9060\">\n\t\t\t\t<div class=\"wd-carousel-inner\">\n\t\t\t\t\t<div class=\"wd-carousel wd-grid info-box-carousel\" data-scroll_per_page=\"yes\" style=\"--wd-col-lg:3;--wd-col-md:3;--wd-col-sm:1;--wd-gap-lg:20px;--wd-gap-sm:10px;\">\n\t\t\t\t\t\t<div class=\"wd-carousel-wrap\">\n\t\t\t\t\t\t\t\t\t\t<div class=\"info-box-wrapper wd-carousel-item\">\n\t\t\t\t<div id=\"wd-69295cc32d52e\" class=\"wd-rs-69295cc32d52e wd-info-box wd-wpb text-center box-icon-align-top box-style- color-scheme- wd-bg-none vc_custom_1764318851404\">\n\t\t\t\t\t\t\t\t\t\t\t<div class=\"box-icon-wrapper  box-with-icon box-icon-simple\">\n\t\t\t\t\t\t\t<div class=\"info-box-icon\">\n\n\t\t\t\t\t\t\t\n\t\t\t\t\t\t\t\t\t\t\t\t\t\t\t\t\t<div class=\"info-svg-wrapper\" style=\"width: 64px;height: 64px;\"><img decoding=\"async\"  src=\"https:\/\/www.goodworksemi.com\/wp-content\/themes\/woodmart\/images\/lazy.svg\" data-src=\"https:\/\/www.goodworksemi.com\/wp-content\/uploads\/2025\/11\/logitech-g735-icon-1-1.svg\" loading=\"lazy\" width=\"64\" height=\"64\"><\/div>\t\t\t\t\t\t\t\t\t\t\t\t\t\t\t\n\t\t\t\t\t\t\t<\/div>\n\t\t\t\t\t\t<\/div>\n\t\t\t\t\t\t\t\t\t\t<div class=\"info-box-content\">\n\t\t\t\t\t\t<h4 class=\"info-box-title title box-title-style-default wd-fontsize-m\">Satisfacci\u00f3n del cliente<\/h4>\t\t\t\t\t\t<div class=\"info-box-inner reset-last-child\"><p>Procesos log\u00edsticos modernos, eficaces y orientados al cliente<\/p>\n<\/div>\n\n\t\t\t\t\t\t\t\t\t\t\t<\/div>\n\n\t\t\t\t\t\n\t\t\t\t\t\t\t\t\t<\/div>\n\t\t\t<\/div>\n\t\t\t\t\t<div class=\"info-box-wrapper wd-carousel-item\">\n\t\t\t\t<div id=\"wd-695803f841bec\" class=\"wd-rs-695803f841bec wd-info-box wd-wpb text-center box-icon-align-top box-style- color-scheme- wd-bg-none vc_custom_1767375889512\">\n\t\t\t\t\t\t\t\t\t\t\t<div class=\"box-icon-wrapper  box-with-icon box-icon-simple\">\n\t\t\t\t\t\t\t<div class=\"info-box-icon\">\n\n\t\t\t\t\t\t\t\n\t\t\t\t\t\t\t\t\t\t\t\t\t\t\t\t\t<div class=\"info-svg-wrapper\" style=\"width: 64px;height: 64px;\"><img decoding=\"async\"  src=\"https:\/\/www.goodworksemi.com\/wp-content\/themes\/woodmart\/images\/lazy.svg\" data-src=\"https:\/\/www.goodworksemi.com\/wp-content\/uploads\/2025\/11\/logitech-g735-icon-2-1.svg\" loading=\"lazy\" width=\"64\" height=\"64\"><\/div>\t\t\t\t\t\t\t\t\t\t\t\t\t\t\t\n\t\t\t\t\t\t\t<\/div>\n\t\t\t\t\t\t<\/div>\n\t\t\t\t\t\t\t\t\t\t<div class=\"info-box-content\">\n\t\t\t\t\t\t<h4 class=\"info-box-title title box-title-style-default wd-fontsize-m\">Alta calidad<\/h4>\t\t\t\t\t\t<div class=\"info-box-inner reset-last-child\"><p>Dise\u00f1o inteligente l\u00edder y procesos de fabricaci\u00f3n probados<\/p>\n<\/div>\n\n\t\t\t\t\t\t\t\t\t\t\t<\/div>\n\n\t\t\t\t\t\n\t\t\t\t\t\t\t\t\t<\/div>\n\t\t\t<\/div>\n\t\t\t\t\t<div class=\"info-box-wrapper wd-carousel-item\">\n\t\t\t\t<div id=\"wd-69295ef679ba8\" class=\"wd-rs-69295ef679ba8 wd-info-box wd-wpb text-center box-icon-align-top box-style- color-scheme- wd-bg-none vc_custom_1764319065005\">\n\t\t\t\t\t\t\t\t\t\t\t<div class=\"box-icon-wrapper  box-with-icon box-icon-simple\">\n\t\t\t\t\t\t\t<div class=\"info-box-icon\">\n\n\t\t\t\t\t\t\t\n\t\t\t\t\t\t\t\t\t\t\t\t\t\t\t\t\t<div class=\"info-svg-wrapper\" style=\"width: 64px;height: 64px;\"><img decoding=\"async\"  src=\"https:\/\/www.goodworksemi.com\/wp-content\/themes\/woodmart\/images\/lazy.svg\" data-src=\"https:\/\/www.goodworksemi.com\/wp-content\/uploads\/2025\/11\/logitech-g735-icon-3-1.svg\" loading=\"lazy\" width=\"64\" height=\"64\"><\/div>\t\t\t\t\t\t\t\t\t\t\t\t\t\t\t\n\t\t\t\t\t\t\t<\/div>\n\t\t\t\t\t\t<\/div>\n\t\t\t\t\t\t\t\t\t\t<div class=\"info-box-content\">\n\t\t\t\t\t\t<h4 class=\"info-box-title title box-title-style-default wd-fontsize-m\">Altamente certificado<\/h4>\t\t\t\t\t\t<div class=\"info-box-inner reset-last-child\"><p>M\u00e1s de 25 a\u00f1os de experiencia en tecnolog\u00eda y fabricaci\u00f3n.<\/p>\n<\/div>\n\n\t\t\t\t\t\t\t\t\t\t\t<\/div>\n\n\t\t\t\t\t\n\t\t\t\t\t\t\t\t\t<\/div>\n\t\t\t<\/div>\n\t\t\t\t\t\t\t\t<\/div>\n\t\t\t\t\t<\/div>\n\n\t\t\t\t\t\t\t\t\t\t\t\t\t<div class=\"wd-nav-arrows wd-pos-sep wd-hover-1 wd-icon-1\">\n\t\t\t<div class=\"wd-btn-arrow wd-prev wd-disabled\">\n\t\t\t\t<div class=\"wd-arrow-inner\"><\/div>\n\t\t\t<\/div>\n\t\t\t<div class=\"wd-btn-arrow wd-next\">\n\t\t\t\t<div class=\"wd-arrow-inner\"><\/div>\n\t\t\t<\/div>\n\t\t<\/div>\n\t\t\t\t\t\t\t\t\t\t\t<\/div>\n\n\t\t\t\t\t\t\t\t\t\t\t<\/div>\n\t\t<div class=\"vc_row wpb_row vc_inner vc_row-fluid\"><div class=\"wpb_column vc_column_container vc_col-sm-12\"><div class=\"vc_column-inner\"><div class=\"wpb_wrapper\">\t\t<div id=\"wd-69580aa000373\" class=\"wd-text-block wd-wpb reset-last-child wd-rs-69580aa000373 text-left vc_custom_1767377575910\">\n\t\t\t<h4>Componentes Goodwork utilizados<\/h4>\n<ul>\n<li>MOSFETs<\/li>\n<li>Puente rectificador<\/li>\n<li>Diodos rectificadores<\/li>\n<li>Diodos Schottky<\/li>\n<li>Diodos Zener<\/li>\n<\/ul>\n\t\t<\/div>\n\t\t\n\t<div class=\"wpb_text_column wpb_content_element vc_custom_1767376215101\" >\n\t\t<div class=\"wpb_wrapper\">\n\t\t\t<p>Los balastos de iluminaci\u00f3n controlan los voltajes de arranque y funcionamiento de las l\u00e1mparas el\u00e9ctricas de descarga de gas, tambi\u00e9n conocidas como l\u00e1mparas fluorescentes compactas (CFL). Dado que no cuentan con un mecanismo de retroalimentaci\u00f3n intr\u00ednseco que limite la corriente de funcionamiento, como el coeficiente de temperatura positivo de la resistencia de los filamentos de las bombillas incandescentes, las l\u00e1mparas de descarga de gas necesitan un balasto para limitar la corriente el\u00e9ctrica. Los balastos electr\u00f3nicos modernos utilizan circuitos de estado s\u00f3lido para transformar el voltaje y alterar la frecuencia de la energ\u00eda suministrada. Esto elimina cualquier parpadeo de las CFL y regula la energ\u00eda de manera m\u00e1s eficiente que con los balastos magn\u00e9ticos est\u00e1ndar.<\/p>\n\n\t\t<\/div>\n\t<\/div>\n<\/div><\/div><\/div><\/div><\/div><\/div><\/div><\/div><div class=\"vc_row wpb_row vc_row-fluid vc_custom_1767375961602 vc_row-has-fill wd-rs-695804542a880\"><div class=\"wpb_column vc_column_container vc_col-sm-4 vc_col-has-fill wd-rs-6940181b78349\"><div class=\"vc_column-inner vc_custom_1765808171121\"><div class=\"wpb_wrapper\">\n\t\t<div id=\"wd-6937f36d4caf1\" class=\"title-wrapper wd-wpb wd-set-mb reset-last-child  wd-rs-6937f36d4caf1 wd-title-color-white wd-title-style-default text-left vc_custom_1765274494251 wd-underline-colored\">\n\t\t\t\n\t\t\t<div class=\"liner-continer\">\n\t\t\t\t<h4 class=\"woodmart-title-container title  wd-font-weight- wd-fontsize-l\" >\u00danete-<u> US <\/u> como distribuidor mundial<\/h4>\n\t\t\t\t\t\t\t<\/div>\n\t\t\t\n\t\t\t\n\t\t\t\n\t\t<\/div>\n\t\t\n\t\t\t\t<div id=\"wd-6937f2928104f\" class=\"wd-text-block wd-wpb reset-last-child wd-rs-6937f2928104f text-left wd-width-enabled wd-fontsize-xs vc_custom_1765274265819\" style=\"--wd-max-width: 90%;\">\n\t\t\t<p>GOODWORK Semicon busca distribuidores globales para ampliar nuestro alcance. Ofrecemos asistencia t\u00e9cnica y de ingenier\u00eda completa para garantizar su \u00e9xito en el suministro de soluciones de semiconductores de alta calidad en todo el mundo.<\/p>\n\t\t<\/div>\n\t\t<div id=\"wd-6957f104959be\" class=\"wd-rs-6957f104959be vc_custom_1767371026815 wd-button-wrapper text-left\"><a href=\"https:\/\/www.goodworksemi.com\/recruiting-global-agents\/\" title=\"\" class=\"btn btn-color-white btn-style-link btn-shape-rectangle btn-size-default\">VER M\u00c1S<\/a><\/div><\/div><\/div><\/div><div class=\"wpb_column vc_column_container vc_col-sm-4 wd-rs-693fdf9ae9d1c\"><div class=\"vc_column-inner\"><div class=\"wpb_wrapper\"><\/div><\/div><\/div><div class=\"wpb_column vc_column_container vc_col-sm-4\"><div class=\"vc_column-inner\"><div class=\"wpb_wrapper\"><\/div><\/div><\/div><\/div><div class=\"vc_row wpb_row vc_row-fluid vc_custom_1765793962420 wd-rs-693fe0a2098fa\"><div class=\"wpb_column vc_column_container vc_col-sm-12 wd-rs-63514db6c5d19\"><div class=\"vc_column-inner vc_custom_1666272699823\"><div class=\"wpb_wrapper\">\t\t\t<div id=\"carousel-279\" class=\"wd-carousel-container info-box-carousel-wrapper wd-wpb   wd-rs-6970e70b154f6\">\n\t\t\t\t<div class=\"wd-carousel-inner\">\n\t\t\t\t\t<div class=\"wd-carousel wd-grid info-box-carousel\" style=\"--wd-col-lg:6;--wd-col-md:4;--wd-col-sm:2;--wd-gap-lg:30px;--wd-gap-sm:10px;\">\n\t\t\t\t\t\t<div class=\"wd-carousel-wrap\">\n\t\t\t\t\t\t\t\t\t\t<div class=\"info-box-wrapper wd-carousel-item\">\n\t\t\t\t<div id=\"wd-6971067b5a7c7\" class=\"wd-animation-zoom-in wd-animation-normal wd-rs-6971067b5a7c7 wd-info-box wd-wpb text-center box-icon-align-top box-style-shadow color-scheme- wd-bg-none wd-off-anim wpb_animate_when_almost_visible wpb_wd-slide-from-bottom wd-slide-from-bottom wd-anim-name_wd-slide-from-bottom\">\n\t\t\t\t\t\t\t\t\t\t\t<div class=\"box-icon-wrapper  box-with-icon box-icon-simple\">\n\t\t\t\t\t\t\t<div class=\"info-box-icon\">\n\n\t\t\t\t\t\t\t\n\t\t\t\t\t\t\t\t\t\t\t\t\t\t\t\t\t<img decoding=\"async\" width=\"260\" height=\"260\" src=\"https:\/\/www.goodworksemi.com\/wp-content\/uploads\/2026\/01\/DO15.png\" class=\"attachment-full size-full\" alt=\"\" srcset=\"https:\/\/www.goodworksemi.com\/wp-content\/uploads\/2026\/01\/DO15.png 260w, https:\/\/www.goodworksemi.com\/wp-content\/uploads\/2026\/01\/DO15-150x150.png 150w, https:\/\/www.goodworksemi.com\/wp-content\/uploads\/2026\/01\/DO15-12x12.png 12w\" sizes=\"(max-width: 260px) 100vw, 260px\" \/>\t\t\t\t\t\t\t\t\t\t\t\t\t\t\t\n\t\t\t\t\t\t\t<\/div>\n\t\t\t\t\t\t<\/div>\n\t\t\t\t\t\t\t\t\t\t<div class=\"info-box-content\">\n\t\t\t\t\t\t<h4 class=\"info-box-title title box-title-style-default wd-fontsize-m\">DO15<\/h4>\t\t\t\t\t\t<div class=\"info-box-inner reset-last-child\"><\/div>\n\n\t\t\t\t\t\t\t\t\t\t\t<\/div>\n\n\t\t\t\t\t\n\t\t\t\t\t\t\t\t\t<\/div>\n\t\t\t<\/div>\n\t\t\t\t\t<div class=\"info-box-wrapper wd-carousel-item\">\n\t\t\t\t<div id=\"wd-697106a46dfe5\" class=\"wd-animation-zoom-in wd-animation-normal wd-rs-697106a46dfe5 wd-info-box wd-wpb text-center box-icon-align-top box-style-shadow color-scheme- wd-bg-none wd-off-anim wpb_animate_when_almost_visible wpb_wd-slide-from-bottom wd-slide-from-bottom wd-anim-name_wd-slide-from-bottom\">\n\t\t\t\t\t\t\t\t\t\t\t<div class=\"box-icon-wrapper  box-with-icon box-icon-simple\">\n\t\t\t\t\t\t\t<div class=\"info-box-icon\">\n\n\t\t\t\t\t\t\t\n\t\t\t\t\t\t\t\t\t\t\t\t\t\t\t\t\t<img decoding=\"async\" width=\"260\" height=\"260\" src=\"https:\/\/www.goodworksemi.com\/wp-content\/uploads\/2026\/01\/SMB.png\" class=\"attachment-full size-full\" alt=\"\" srcset=\"https:\/\/www.goodworksemi.com\/wp-content\/uploads\/2026\/01\/SMB.png 260w, https:\/\/www.goodworksemi.com\/wp-content\/uploads\/2026\/01\/SMB-150x150.png 150w, https:\/\/www.goodworksemi.com\/wp-content\/uploads\/2026\/01\/SMB-12x12.png 12w\" sizes=\"(max-width: 260px) 100vw, 260px\" \/>\t\t\t\t\t\t\t\t\t\t\t\t\t\t\t\n\t\t\t\t\t\t\t<\/div>\n\t\t\t\t\t\t<\/div>\n\t\t\t\t\t\t\t\t\t\t<div class=\"info-box-content\">\n\t\t\t\t\t\t<h4 class=\"info-box-title title box-title-style-default wd-fontsize-m\">PYME<\/h4>\t\t\t\t\t\t<div class=\"info-box-inner reset-last-child\"><\/div>\n\n\t\t\t\t\t\t\t\t\t\t\t<\/div>\n\n\t\t\t\t\t\n\t\t\t\t\t\t\t\t\t<\/div>\n\t\t\t<\/div>\n\t\t\t\t\t<div class=\"info-box-wrapper wd-carousel-item\">\n\t\t\t\t<div id=\"wd-697106c17b0ca\" class=\"wd-animation-zoom-in wd-animation-normal wd-rs-697106c17b0ca wd-info-box wd-wpb text-center box-icon-align-top box-style-shadow color-scheme- wd-bg-none wd-off-anim wpb_animate_when_almost_visible wpb_wd-slide-from-bottom wd-slide-from-bottom wd-anim-name_wd-slide-from-bottom\">\n\t\t\t\t\t\t\t\t\t\t\t<div class=\"box-icon-wrapper  box-with-icon box-icon-simple\">\n\t\t\t\t\t\t\t<div class=\"info-box-icon\">\n\n\t\t\t\t\t\t\t\n\t\t\t\t\t\t\t\t\t\t\t\t\t\t\t\t\t<img decoding=\"async\" width=\"260\" height=\"260\" src=\"https:\/\/www.goodworksemi.com\/wp-content\/uploads\/2026\/01\/SOD123.png\" class=\"attachment-800x600 size-800x600\" alt=\"\" srcset=\"https:\/\/www.goodworksemi.com\/wp-content\/uploads\/2026\/01\/SOD123.png 260w, https:\/\/www.goodworksemi.com\/wp-content\/uploads\/2026\/01\/SOD123-150x150.png 150w, https:\/\/www.goodworksemi.com\/wp-content\/uploads\/2026\/01\/SOD123-12x12.png 12w\" sizes=\"(max-width: 260px) 100vw, 260px\" \/>\t\t\t\t\t\t\t\t\t\t\t\t\t\t\t\n\t\t\t\t\t\t\t<\/div>\n\t\t\t\t\t\t<\/div>\n\t\t\t\t\t\t\t\t\t\t<div class=\"info-box-content\">\n\t\t\t\t\t\t<h4 class=\"info-box-title title box-title-style-default wd-fontsize-m\">SOD123<\/h4>\t\t\t\t\t\t<div class=\"info-box-inner reset-last-child\"><\/div>\n\n\t\t\t\t\t\t\t\t\t\t\t<\/div>\n\n\t\t\t\t\t\n\t\t\t\t\t\t\t\t\t<\/div>\n\t\t\t<\/div>\n\t\t\t\t\t<div class=\"info-box-wrapper wd-carousel-item\">\n\t\t\t\t<div id=\"wd-697106d74f0b5\" class=\"wd-animation-zoom-in wd-animation-normal wd-rs-697106d74f0b5 wd-info-box wd-wpb text-center box-icon-align-top box-style-shadow color-scheme- wd-bg-none wd-off-anim wpb_animate_when_almost_visible wpb_wd-slide-from-bottom wd-slide-from-bottom wd-anim-name_wd-slide-from-bottom\">\n\t\t\t\t\t\t\t\t\t\t\t<div class=\"box-icon-wrapper  box-with-icon box-icon-simple\">\n\t\t\t\t\t\t\t<div class=\"info-box-icon\">\n\n\t\t\t\t\t\t\t\n\t\t\t\t\t\t\t\t\t\t\t\t\t\t\t\t\t<img decoding=\"async\" width=\"260\" height=\"260\" src=\"https:\/\/www.goodworksemi.com\/wp-content\/uploads\/2026\/01\/TO220.png\" class=\"attachment-800x600 size-800x600\" alt=\"\" srcset=\"https:\/\/www.goodworksemi.com\/wp-content\/uploads\/2026\/01\/TO220.png 260w, https:\/\/www.goodworksemi.com\/wp-content\/uploads\/2026\/01\/TO220-150x150.png 150w, https:\/\/www.goodworksemi.com\/wp-content\/uploads\/2026\/01\/TO220-12x12.png 12w\" sizes=\"(max-width: 260px) 100vw, 260px\" \/>\t\t\t\t\t\t\t\t\t\t\t\t\t\t\t\n\t\t\t\t\t\t\t<\/div>\n\t\t\t\t\t\t<\/div>\n\t\t\t\t\t\t\t\t\t\t<div class=\"info-box-content\">\n\t\t\t\t\t\t<h4 class=\"info-box-title title box-title-style-default wd-fontsize-m\">TO220<\/h4>\t\t\t\t\t\t<div class=\"info-box-inner reset-last-child\"><\/div>\n\n\t\t\t\t\t\t\t\t\t\t\t<\/div>\n\n\t\t\t\t\t\n\t\t\t\t\t\t\t\t\t<\/div>\n\t\t\t<\/div>\n\t\t\t\t\t<div class=\"info-box-wrapper wd-carousel-item\">\n\t\t\t\t<div id=\"wd-6970e8b39daaa\" class=\"wd-animation-zoom-in wd-animation-normal wd-rs-6970e8b39daaa wd-info-box wd-wpb text-center box-icon-align-top box-style-shadow color-scheme- wd-bg-none wd-off-anim wpb_animate_when_almost_visible wpb_wd-slide-from-bottom wd-slide-from-bottom wd-anim-name_wd-slide-from-bottom\">\n\t\t\t\t\t\t\t\t\t\t\t<div class=\"box-icon-wrapper  box-with-icon box-icon-simple\">\n\t\t\t\t\t\t\t<div class=\"info-box-icon\">\n\n\t\t\t\t\t\t\t\n\t\t\t\t\t\t\t\t\t\t\t\t\t\t\t\t\t<img decoding=\"async\" width=\"260\" height=\"260\" src=\"https:\/\/www.goodworksemi.com\/wp-content\/uploads\/2026\/01\/TO252.png\" class=\"attachment-800x600 size-800x600\" alt=\"\" srcset=\"https:\/\/www.goodworksemi.com\/wp-content\/uploads\/2026\/01\/TO252.png 260w, https:\/\/www.goodworksemi.com\/wp-content\/uploads\/2026\/01\/TO252-150x150.png 150w, https:\/\/www.goodworksemi.com\/wp-content\/uploads\/2026\/01\/TO252-12x12.png 12w\" sizes=\"(max-width: 260px) 100vw, 260px\" \/>\t\t\t\t\t\t\t\t\t\t\t\t\t\t\t\n\t\t\t\t\t\t\t<\/div>\n\t\t\t\t\t\t<\/div>\n\t\t\t\t\t\t\t\t\t\t<div class=\"info-box-content\">\n\t\t\t\t\t\t<h4 class=\"info-box-title title box-title-style-default wd-fontsize-m\">TO252<\/h4>\t\t\t\t\t\t<div class=\"info-box-inner reset-last-child\"><\/div>\n\n\t\t\t\t\t\t\t\t\t\t\t<\/div>\n\n\t\t\t\t\t\n\t\t\t\t\t\t\t\t\t<\/div>\n\t\t\t<\/div>\n\t\t\t\t\t\t\t\t<\/div>\n\t\t\t\t\t<\/div>\n\n\t\t\t\t\t\t\t\t\t<\/div>\n\n\t\t\t\t\t\t\t\t\t\t\t<\/div>\n\t\t<\/div><\/div><\/div><\/div><div class=\"vc_row wpb_row vc_row-fluid vc_custom_1764321777397 vc_row-o-content-middle vc_row-flex wd-rs-692969eb8d5b4\"><div class=\"wpb_column vc_column_container vc_col-sm-12 vc_col-lg-6 vc_col-md-5 wd-rs-69299dfe72c8d\"><div class=\"vc_column-inner vc_custom_1764335106401\"><div class=\"wpb_wrapper\">\n\t\t<div id=\"wd-69299da855c6b\" class=\"title-wrapper wd-wpb wd-set-mb reset-last-child  wd-rs-69299da855c6b wd-title-color-default wd-title-style-default text-left vc_custom_1764335098275 wd-width-enabled wd-underline-colored\" style=\"--wd-max-width: 90%;\">\n\t\t\t\n\t\t\t<div class=\"liner-continer\">\n\t\t\t\t<h4 class=\"woodmart-title-container title  wd-font-weight- wd-fontsize-l\" >Sistema de gesti\u00f3n de la calidad<\/h4>\n\t\t\t\t\t\t\t<\/div>\n\t\t\t\n\t\t\t\t\t\t\t<div class=\"title-after_title reset-last-child  wd-fontsize-xs\">Una gesti\u00f3n rigurosa respalda nuestro crecimiento de alta calidad. Contamos con las certificaciones ISO14001, ISO9001 e IATF16949, y todos nuestros productos y materiales cumplen plenamente las normas RoHS y REACH de la UE, as\u00ed como otros requisitos medioambientales pertinentes.<\/div>\n\t\t\t\n\t\t\t\n\t\t<\/div>\n\t\t\n\t\t<div id=\"wd-692969831a7e5\" class=\"wd-rs-692969831a7e5  wd-button-wrapper text-center inline-element\"><a href=\"https:\/\/www.goodworksemi.com\/about-us\/company\/\" title=\"\" class=\"btn btn-color-primary btn-style-default btn-shape-rectangle btn-size-default\">VER M\u00c1S<\/a><\/div><\/div><\/div><\/div><div class=\"wpb_column vc_column_container vc_col-sm-12 vc_col-lg-6 vc_col-md-7\"><div class=\"vc_column-inner\"><div class=\"wpb_wrapper\"><div class=\"vc_row wpb_row vc_inner vc_row-fluid\"><div class=\"wpb_column vc_column_container vc_col-sm-12 vc_col-lg-6 vc_col-md-6\"><div class=\"vc_column-inner\"><div class=\"wpb_wrapper\">\t\t\t<div class=\"info-box-wrapper\">\n\t\t\t\t<div id=\"wd-692966cd9733e\" class=\"wd-rs-692966cd9733e wd-info-box wd-wpb text-left box-icon-align-left box-style- color-scheme- wd-bg-none wd-items-top\">\n\t\t\t\t\t\t\t\t\t\t\t<div class=\"box-icon-wrapper  box-with-icon box-icon-with-bg\">\n\t\t\t\t\t\t\t<div class=\"info-box-icon\">\n\n\t\t\t\t\t\t\t\n\t\t\t\t\t\t\t\t\t\t\t\t\t\t\t\t\t<img decoding=\"async\" width=\"45\" height=\"45\" src=\"https:\/\/www.goodworksemi.com\/wp-content\/uploads\/2025\/11\/ISO9001-45x45.png\" class=\"attachment-45x45 size-45x45\" alt=\"\" srcset=\"https:\/\/www.goodworksemi.com\/wp-content\/uploads\/2025\/11\/ISO9001-45x45.png 45w, https:\/\/www.goodworksemi.com\/wp-content\/uploads\/2025\/11\/ISO9001-150x150.png 150w, https:\/\/www.goodworksemi.com\/wp-content\/uploads\/2025\/11\/ISO9001.png 200w\" sizes=\"(max-width: 45px) 100vw, 45px\" \/>\t\t\t\t\t\t\t\t\t\t\t\t\t\t\t\n\t\t\t\t\t\t\t<\/div>\n\t\t\t\t\t\t<\/div>\n\t\t\t\t\t\t\t\t\t\t<div class=\"info-box-content\">\n\t\t\t\t\t\t<h4 class=\"info-box-title title box-title-style-default wd-fontsize-m\">ISO9001<\/h4>\t\t\t\t\t\t<div class=\"info-box-inner reset-last-child\"><p>GOODWORK Semiconductor - Diodos, MOSFET y rectificadores fiables para la electr\u00f3nica industrial y de consumo<\/p>\n<\/div>\n\n\t\t\t\t\t\t\t\t\t\t\t<\/div>\n\n\t\t\t\t\t\n\t\t\t\t\t\t\t\t\t<\/div>\n\t\t\t<\/div>\n\t\t\t\t\t<div class=\"info-box-wrapper\">\n\t\t\t\t<div id=\"wd-69296873dceb8\" class=\"wd-rs-69296873dceb8 wd-info-box wd-wpb text-left box-icon-align-left box-style- color-scheme- wd-bg-none wd-items-top vc_custom_1764321451550\">\n\t\t\t\t\t\t\t\t\t\t\t<div class=\"box-icon-wrapper  box-with-icon box-icon-with-bg\">\n\t\t\t\t\t\t\t<div class=\"info-box-icon\">\n\n\t\t\t\t\t\t\t\n\t\t\t\t\t\t\t\t\t\t\t\t\t\t\t\t\t<img decoding=\"async\" width=\"45\" height=\"45\" src=\"https:\/\/www.goodworksemi.com\/wp-content\/uploads\/2025\/11\/ISO14001-1-45x45.png\" class=\"attachment-45x45 size-45x45\" alt=\"\" srcset=\"https:\/\/www.goodworksemi.com\/wp-content\/uploads\/2025\/11\/ISO14001-1-45x45.png 45w, https:\/\/www.goodworksemi.com\/wp-content\/uploads\/2025\/11\/ISO14001-1-150x150.png 150w, https:\/\/www.goodworksemi.com\/wp-content\/uploads\/2025\/11\/ISO14001-1.png 200w\" sizes=\"(max-width: 45px) 100vw, 45px\" \/>\t\t\t\t\t\t\t\t\t\t\t\t\t\t\t\n\t\t\t\t\t\t\t<\/div>\n\t\t\t\t\t\t<\/div>\n\t\t\t\t\t\t\t\t\t\t<div class=\"info-box-content\">\n\t\t\t\t\t\t<h4 class=\"info-box-title title box-title-style-default wd-fontsize-m\">ISO14001<\/h4>\t\t\t\t\t\t<div class=\"info-box-inner reset-last-child\"><p>Diodos y dispositivos de potencia de precisi\u00f3n | GOODWORK Semiconductor<\/p>\n<\/div>\n\n\t\t\t\t\t\t\t\t\t\t\t<\/div>\n\n\t\t\t\t\t\n\t\t\t\t\t\t\t\t\t<\/div>\n\t\t\t<\/div>\n\t\t<\/div><\/div><\/div><div class=\"wpb_column vc_column_container vc_col-sm-12 vc_col-lg-6 vc_col-md-6\"><div class=\"vc_column-inner\"><div class=\"wpb_wrapper\">\t\t\t<div class=\"info-box-wrapper\">\n\t\t\t\t<div id=\"wd-694b44a5a8f7f\" class=\"wd-rs-694b44a5a8f7f wd-info-box wd-wpb text-left box-icon-align-left box-style- color-scheme- wd-bg-none wd-items-top vc_custom_1766540463104\">\n\t\t\t\t\t\t\t\t\t\t\t<div class=\"box-icon-wrapper  box-with-icon box-icon-with-bg\">\n\t\t\t\t\t\t\t<div class=\"info-box-icon\">\n\n\t\t\t\t\t\t\t\n\t\t\t\t\t\t\t\t\t\t\t\t\t\t\t\t\t<img decoding=\"async\" width=\"45\" height=\"45\" src=\"https:\/\/www.goodworksemi.com\/wp-content\/uploads\/2025\/11\/IATF16949-1-45x45.png\" class=\"attachment-45x45 size-45x45\" alt=\"\" srcset=\"https:\/\/www.goodworksemi.com\/wp-content\/uploads\/2025\/11\/IATF16949-1-45x45.png 45w, https:\/\/www.goodworksemi.com\/wp-content\/uploads\/2025\/11\/IATF16949-1-150x150.png 150w, https:\/\/www.goodworksemi.com\/wp-content\/uploads\/2025\/11\/IATF16949-1.png 200w\" sizes=\"(max-width: 45px) 100vw, 45px\" \/>\t\t\t\t\t\t\t\t\t\t\t\t\t\t\t\n\t\t\t\t\t\t\t<\/div>\n\t\t\t\t\t\t<\/div>\n\t\t\t\t\t\t\t\t\t\t<div class=\"info-box-content\">\n\t\t\t\t\t\t<h4 class=\"info-box-title title box-title-style-default wd-fontsize-m\">IATF16949<\/h4>\t\t\t\t\t\t<div class=\"info-box-inner reset-last-child\"><p>Componentes semiconductores certificados para automoci\u00f3n, industria y sistemas de alimentaci\u00f3n.<\/p>\n<\/div>\n\n\t\t\t\t\t\t\t\t\t\t\t<\/div>\n\n\t\t\t\t\t\n\t\t\t\t\t\t\t\t\t<\/div>\n\t\t\t<\/div>\n\t\t\t\t\t<div class=\"info-box-wrapper\">\n\t\t\t\t<div id=\"wd-692969b9d143e\" class=\"wd-rs-692969b9d143e wd-info-box wd-wpb text-left box-icon-align-left box-style- color-scheme- wd-bg-none wd-items-top vc_custom_1764321724924\">\n\t\t\t\t\t\t\t\t\t\t\t<div class=\"box-icon-wrapper  box-with-icon box-icon-with-bg\">\n\t\t\t\t\t\t\t<div class=\"info-box-icon\">\n\n\t\t\t\t\t\t\t\n\t\t\t\t\t\t\t\t\t\t\t\t\t\t\t\t\t<img decoding=\"async\" width=\"45\" height=\"45\" src=\"https:\/\/www.goodworksemi.com\/wp-content\/uploads\/2025\/11\/rohs-45x45.png\" class=\"attachment-45x45 size-45x45\" alt=\"\" srcset=\"https:\/\/www.goodworksemi.com\/wp-content\/uploads\/2025\/11\/rohs-45x45.png 45w, https:\/\/www.goodworksemi.com\/wp-content\/uploads\/2025\/11\/rohs-150x150.png 150w\" sizes=\"(max-width: 45px) 100vw, 45px\" \/>\t\t\t\t\t\t\t\t\t\t\t\t\t\t\t\n\t\t\t\t\t\t\t<\/div>\n\t\t\t\t\t\t<\/div>\n\t\t\t\t\t\t\t\t\t\t<div class=\"info-box-content\">\n\t\t\t\t\t\t<h4 class=\"info-box-title title box-title-style-default wd-fontsize-m\">Medio ambiente RoHS<\/h4>\t\t\t\t\t\t<div class=\"info-box-inner reset-last-child\"><p>Semiconductores de potencia de alto rendimiento | Diodos, MOSFETs, Rectificadores de puente | GOODWORK<\/p>\n<\/div>\n\n\t\t\t\t\t\t\t\t\t\t\t<\/div>\n\n\t\t\t\t\t\n\t\t\t\t\t\t\t\t\t<\/div>\n\t\t\t<\/div>\n\t\t<\/div><\/div><\/div><\/div><\/div><\/div><\/div><\/div>\n<\/div>","protected":false},"excerpt":{"rendered":"Lighting Ballast Customer Satisfaction Modern, efficient and customer-oriented logistics processes High Quality Leading Intelligent Design and proven manufacturing processes Highly","protected":false},"author":1,"featured_media":0,"parent":5757,"menu_order":0,"comment_status":"closed","ping_status":"closed","template":"","meta":{"_acf_changed":false,"footnotes":""},"class_list":["post-10564","page","type-page","status-publish","hentry"],"acf":[],"aioseo_notices":[],"_links":{"self":[{"href":"https:\/\/www.goodworksemi.com\/es\/wp-json\/wp\/v2\/pages\/10564","targetHints":{"allow":["GET"]}}],"collection":[{"href":"https:\/\/www.goodworksemi.com\/es\/wp-json\/wp\/v2\/pages"}],"about":[{"href":"https:\/\/www.goodworksemi.com\/es\/wp-json\/wp\/v2\/types\/page"}],"author":[{"embeddable":true,"href":"https:\/\/www.goodworksemi.com\/es\/wp-json\/wp\/v2\/users\/1"}],"replies":[{"embeddable":true,"href":"https:\/\/www.goodworksemi.com\/es\/wp-json\/wp\/v2\/comments?post=10564"}],"version-history":[{"count":0,"href":"https:\/\/www.goodworksemi.com\/es\/wp-json\/wp\/v2\/pages\/10564\/revisions"}],"up":[{"embeddable":true,"href":"https:\/\/www.goodworksemi.com\/es\/wp-json\/wp\/v2\/pages\/5757"}],"wp:attachment":[{"href":"https:\/\/www.goodworksemi.com\/es\/wp-json\/wp\/v2\/media?parent=10564"}],"curies":[{"name":"wp","href":"https:\/\/api.w.org\/{rel}","templated":true}]}}