{"id":10275,"date":"2025-12-23T15:04:57","date_gmt":"2025-12-23T07:04:57","guid":{"rendered":"https:\/\/www.goodworksemi.com\/?page_id=10275"},"modified":"2026-01-02T03:00:36","modified_gmt":"2026-01-01T19:00:36","slug":"recruiting-global-agents","status":"publish","type":"page","link":"https:\/\/www.goodworksemi.com\/es\/recruiting-global-agents\/","title":{"rendered":"Contrataci\u00f3n de agentes globales"},"content":{"rendered":"<div class=\"wpb-content-wrapper\"><div data-vc-full-width=\"true\" data-vc-full-width-temp=\"true\" data-vc-full-width-init=\"false\" class=\"vc_row wpb_row vc_row-fluid vc_custom_1653654948074 wd-rs-6290c594389f6\"><div class=\"wpb_column vc_column_container vc_col-sm-12 vc_col-lg-offset-2 vc_col-lg-8 vc_col-md-offset-1 vc_col-md-10 wd-rs-628e2ebc1012e\"><div class=\"vc_column-inner vc_custom_1653485246547\"><div class=\"wpb_wrapper\">\n\t\t<div id=\"wd-694a436e7293b\" class=\"title-wrapper wd-wpb wd-set-mb reset-last-child  wd-rs-694a436e7293b wd-title-color-default wd-title-style-underlined text-center  wd-underline-colored\">\n\t\t\t\t\t\t\t\n\t\t\t\t<div class=\"title-subtitle  subtitle-color-default font-default subtitle-style-default wd-font-weight- wd-fontsize-xs\">Esperamos poder colaborar con usted.<\/div>\n\t\t\t\n\t\t\t<div class=\"liner-continer\">\n\t\t\t\t<h4 class=\"woodmart-title-container title  wd-font-weight- wd-fontsize-xxl\" >Contrataci\u00f3n de agentes globales<\/h4>\n\t\t\t\t\t\t\t<\/div>\n\t\t\t\n\t\t\t\n\t\t\t\n\t\t<\/div>\n\t\t\n\t\t\n\t<div class=\"wpb_text_column wpb_content_element\" >\n\t\t<div class=\"wpb_wrapper\">\n\t\t\t<p>Shenzhen Goodwork Electronics Co., Ltd. (GOODWORK), fundada en 2004, es una empresa nacional de alta tecnolog\u00eda especializada en la investigaci\u00f3n y desarrollo, fabricaci\u00f3n y venta de dispositivos discretos semiconductores. Con sede en Shenzhen, GOODWORK opera bajo su propia marca registrada \u201cGK\u201d y ofrece a clientes de todo el mundo componentes electr\u00f3nicos estables y fiables.<\/p>\n<p>La f\u00e1brica est\u00e1 equipada con avanzados equipos de producci\u00f3n y prueba que cumplen con las normas internacionales y ha superado con \u00e9xito <span style=\"color: #003366;\"><strong>ISO9001, ISO14001 e IATF16949<\/strong> <\/span>certificaciones de sistemas de gesti\u00f3n.<\/p>\n<p>Con un equipo de ingenieros experimentados y una estructura de gesti\u00f3n profesional, <a href=\"https:\/\/www.goodworksemi.com\/\">BUEN TRABAJO<\/a> desarrolla, fabrica y suministra de forma independiente una gama completa de productos semiconductores, entre los que se incluyen:<br \/>\n<a href=\"https:\/\/www.goodworksemi.com\/products\/diodes\/\">Diodos<\/a>, <a href=\"https:\/\/www.goodworksemi.com\/products\/transistors\/\">Transistores<\/a>,<a href=\"https:\/\/www.goodworksemi.com\/products\/bridge-rectifiers\/\"> Puente rectificador<\/a>, diodos TVS, <a href=\"https:\/\/www.goodworksemi.com\/products\/mosfets\/\">MOSFETs<\/a>, <a href=\"https:\/\/www.goodworksemi.com\/products\/diodes\/esd-protection-diodes\/\">Dispositivos de protecci\u00f3n contra descargas electrost\u00e1ticas<\/a>, reguladores de voltaje LDO, tiristores SCR y <a href=\"https:\/\/www.goodworksemi.com\/products\/photocouplers\/\">Optoacopladores<\/a>.<br \/>\nTodos los productos cumplen con las normas internacionales y est\u00e1n certificados por <span style=\"color: #003366;\"><strong>UL (EE. UU.), SGS, RoHS y REACH.<\/strong><\/span><\/p>\n\n\t\t<\/div>\n\t<\/div>\n<\/div><\/div><\/div><\/div><div class=\"vc_row-full-width vc_clearfix\"><\/div><div id=\"shoes\" class=\"vc_row wpb_row vc_row-fluid vc_custom_1766476268565 wd-rs-694a49b7c6839\"><div class=\"wpb_column vc_column_container vc_col-sm-12 wd-rs-67e2b3af276d0\"><div class=\"vc_column-inner vc_custom_1742910386189\"><div class=\"wpb_wrapper\">\t\t<div id=\"gallery_145\" class=\"wd-images-gallery wd-wpb wd-rs-694a49f81602d vc_custom_1766476282815 wd-carousel-container wd-wpb\" style=\"--wd-justify-content:center;--wd-align-items:center;\">\n\t\t\t\t\t\t\t<div class=\"wd-carousel-inner\">\n\t\t\t\n\t\t\t<div class=\"wd-carousel wd-grid\"data-speed=\"15000\" data-autoplay=\"yes\" data-scroll_per_page=\"yes\" data-sync_parent_id=\"wd_77a21b5a815de\" style=\"--wd-col-lg:1;--wd-col-md:1;--wd-col-sm:1;--wd-gap-lg:20px;--wd-gap-sm:10px;\">\n\t\t\t\t\t\t\t\t\t<div class=\"wd-carousel-wrap\">\n\t\t\t\t\n\t\t\t\t\t\t\t\t\t\t\t\t\t\t\t<div class=\"wd-gallery-item wd-carousel-item\">\n\t\t\t\t\t\t\t\n\t\t\t\t\t\t\t\t<img decoding=\"async\" width=\"1440\" height=\"740\" src=\"https:\/\/www.goodworksemi.com\/wp-content\/uploads\/2025\/12\/8e1a3a01db4249959fc34e2b363c6242-1.png\" class=\"wd-gallery-image image-1\" alt=\"\" srcset=\"https:\/\/www.goodworksemi.com\/wp-content\/uploads\/2025\/12\/8e1a3a01db4249959fc34e2b363c6242-1.png 1440w, https:\/\/www.goodworksemi.com\/wp-content\/uploads\/2025\/12\/8e1a3a01db4249959fc34e2b363c6242-1-300x154.png 300w, https:\/\/www.goodworksemi.com\/wp-content\/uploads\/2025\/12\/8e1a3a01db4249959fc34e2b363c6242-1-1024x526.png 1024w, https:\/\/www.goodworksemi.com\/wp-content\/uploads\/2025\/12\/8e1a3a01db4249959fc34e2b363c6242-1-768x395.png 768w, https:\/\/www.goodworksemi.com\/wp-content\/uploads\/2025\/12\/8e1a3a01db4249959fc34e2b363c6242-1-18x9.png 18w, https:\/\/www.goodworksemi.com\/wp-content\/uploads\/2025\/12\/8e1a3a01db4249959fc34e2b363c6242-1-1200x617.png 1200w\" sizes=\"(max-width: 1440px) 100vw, 1440px\" \/>\n\t\t\t\t\t\t\t\t\t\t\t\t\t\t<\/div>\n\t\t\t\t\t\t\t\t\t\n\t\t\t\t\t\t\t\t\t<\/div>\n\t\t\t\t\t\t\t<\/div>\n\n\t\t\t\t\t\t\t\n\t\t\t\t<\/div>\n\n\t\t\t\t\t\t\t\t\t\t\t\t\t<\/div>\n\t\t\n\t<div class=\"wpb_text_column wpb_content_element\" >\n\t\t<div class=\"wpb_wrapper\">\n\t\t\t<p>Estamos comprometidos con una cooperaci\u00f3n a largo plazo basada en la calidad, la confiabilidad y el crecimiento mutuo. <a href=\"https:\/\/www.goodworksemi.com\/\"><span style=\"color: #003366;\"><strong>BUEN TRABAJO<\/strong><\/span><\/a> Actualmente est\u00e1 reclutando agentes globales y socios de distribuci\u00f3n para ampliar nuestra presencia internacional y atender a los mercados locales de manera m\u00e1s eficiente.<\/p>\n<p>Si est\u00e1 buscando un fabricante estable con una s\u00f3lida <a href=\"https:\/\/www.goodworksemi.com\/quality-reliability\/\"><span style=\"color: #003366;\"><strong>asistencia t\u00e9cnica<\/strong><\/span><\/a>, calidad constante y suministro competitivo. <a href=\"https:\/\/www.goodworksemi.com\/capabilities\/\"><span style=\"color: #003366;\"><strong>capacidad<\/strong><\/span><\/a>, estaremos encantados de explorar oportunidades de cooperaci\u00f3n con usted.<\/p>\n<p><span style=\"color: #003366;\"><strong>Esperamos sinceramente poder colaborar con usted. Cont\u00e1ctenos:<\/strong><\/span><a href=\"mailto:sivian@gkdiode.com\">sivian@gkdiode.com<\/a><\/p>\n<p>&nbsp;<\/p>\n\n\t\t<\/div>\n\t<\/div>\n<\/div><\/div><\/div><\/div>\n<\/div>","protected":false},"excerpt":{"rendered":"Looking Forward to Cooperating with You Recruiting Global Agents Shenzhen Goodwork Electronics Co., Ltd. (GOODWORK), founded in 2004, is a","protected":false},"author":1,"featured_media":0,"parent":0,"menu_order":0,"comment_status":"closed","ping_status":"closed","template":"","meta":{"_acf_changed":false,"footnotes":""},"class_list":["post-10275","page","type-page","status-publish","hentry"],"acf":[],"aioseo_notices":[],"_links":{"self":[{"href":"https:\/\/www.goodworksemi.com\/es\/wp-json\/wp\/v2\/pages\/10275","targetHints":{"allow":["GET"]}}],"collection":[{"href":"https:\/\/www.goodworksemi.com\/es\/wp-json\/wp\/v2\/pages"}],"about":[{"href":"https:\/\/www.goodworksemi.com\/es\/wp-json\/wp\/v2\/types\/page"}],"author":[{"embeddable":true,"href":"https:\/\/www.goodworksemi.com\/es\/wp-json\/wp\/v2\/users\/1"}],"replies":[{"embeddable":true,"href":"https:\/\/www.goodworksemi.com\/es\/wp-json\/wp\/v2\/comments?post=10275"}],"version-history":[{"count":0,"href":"https:\/\/www.goodworksemi.com\/es\/wp-json\/wp\/v2\/pages\/10275\/revisions"}],"wp:attachment":[{"href":"https:\/\/www.goodworksemi.com\/es\/wp-json\/wp\/v2\/media?parent=10275"}],"curies":[{"name":"wp","href":"https:\/\/api.w.org\/{rel}","templated":true}]}}